{"id":20316,"date":"2021-03-09T11:21:34","date_gmt":"2021-03-09T10:21:34","guid":{"rendered":"https:\/\/www.dvc.video\/velke-obchodne-systemy\/"},"modified":"2023-03-28T12:22:54","modified_gmt":"2023-03-28T10:22:54","slug":"velke-obchodne-systemy","status":"publish","type":"page","link":"https:\/\/www.dvc.video\/sk\/velke-obchodne-systemy\/","title":{"rendered":"Ve\u013ek\u00e9 obchodn\u00e9 syst\u00e9my"},"content":{"rendered":"<p>[et_pb_section fb_built=&#8220;1&#8243; _builder_version=&#8220;4.9.2&#8243; _module_preset=&#8220;default&#8220; background_enable_color=&#8220;off&#8220; background_image=&#8220;https:\/\/www.dvc.video\/wp-content\/uploads\/2021\/03\/bcg-red-triangle.jpg&#8220; height=&#8220;150px&#8220; height_last_edited=&#8220;off|desktop&#8220; custom_padding=&#8220;0px||0px||true|false&#8220; global_module=&#8220;793&#8243;][et_pb_row _builder_version=&#8220;4.9.2&#8243; _module_preset=&#8220;default&#8220;][et_pb_column type=&#8220;4_4&#8243; _builder_version=&#8220;4.9.2&#8243; _module_preset=&#8220;default&#8220;][et_pb_text _builder_version=&#8220;4.9.7&#8243; _dynamic_attributes=&#8220;content&#8220; _module_preset=&#8220;default&#8220; header_text_color=&#8220;#FFFFFF&#8220; header_line_height=&#8220;1.3em&#8220; header_font_size_tablet=&#8220;&#8220; header_font_size_phone=&#8220;&#8220; header_font_size_last_edited=&#8220;on|desktop&#8220;]@ET-DC@eyJkeW5hbWljIjp0cnVlLCJjb250ZW50IjoicG9zdF90aXRsZSIsInNldHRpbmdzIjp7ImJlZm9yZSI6IjxoMT4iLCJhZnRlciI6IjxcL2gxPiJ9fQ==@[\/et_pb_text][\/et_pb_column][\/et_pb_row][\/et_pb_section][et_pb_section fb_built=&#8220;1&#8243; _builder_version=&#8220;4.9.2&#8243; _module_preset=&#8220;default&#8220;][et_pb_row _builder_version=&#8220;4.9.2&#8243; _module_preset=&#8220;default&#8220;][et_pb_column type=&#8220;4_4&#8243; _builder_version=&#8220;4.9.2&#8243; _module_preset=&#8220;default&#8220;][et_pb_text _builder_version=&#8220;4.9.2&#8243; _module_preset=&#8220;default&#8220;]<\/p>\n<p>Priemyseln\u00e9 zariadenia a obchodn\u00e9 syst\u00e9my vy\u017eaduj\u00fa vysok\u00fa \u00farove\u0148 zabezpe\u010denia, a t\u00fdm aj vysok\u00fa \u00farove\u0148 spo\u013eahlivosti in\u0161talovan\u00fdch video monitorovac\u00edch syst\u00e9mov.<\/p>\n<p>[\/et_pb_text][\/et_pb_column][\/et_pb_row][et_pb_row _builder_version=&#8220;4.9.4&#8243; _module_preset=&#8220;default&#8220;][et_pb_column type=&#8220;4_4&#8243; _builder_version=&#8220;4.9.4&#8243; _module_preset=&#8220;default&#8220;][et_pb_text _builder_version=&#8220;4.9.2&#8243; _module_preset=&#8220;default&#8220;]<\/p>\n<h2>A\u017e 30 000 kamier<\/h2>\n<p>\u0160irok\u00fd rozsah a flexibilita video monitorovacej l\u00ednie DVC umo\u017e\u0148uje uplatnenie v budov\u00e1ch r\u00f4znych ve\u013ekost\u00ed a \u00fa\u010delov &#8211; od obytn\u00fdch a men\u0161\u00edch kancel\u00e1rskych priestorov a\u017e po komplexn\u00e9 vysokorizikov\u00e9 zariadenia, ktor\u00e9 vyu\u017e\u00edva ve\u013ek\u00e9 mno\u017estvo \u013eud\u00ed . Komplexnos\u0165 syst\u00e9mu dosahuje potenci\u00e1lnych 30 000 kan\u00e1lov (kamier).<\/p>\n<p>[\/et_pb_text][\/et_pb_column][\/et_pb_row][et_pb_row _builder_version=&#8220;4.9.4&#8243; _module_preset=&#8220;default&#8220;][et_pb_column type=&#8220;4_4&#8243; _builder_version=&#8220;4.9.4&#8243; _module_preset=&#8220;default&#8220;][et_pb_text _builder_version=&#8220;4.9.2&#8243; _module_preset=&#8220;default&#8220;]<\/p>\n<h2>Integra\u010dn\u00fd softv\u00e9r<\/h2>\n<p>V ohrozenej\u0161\u00edch objektoch je potrebn\u00e9 kombinova\u0165 r\u00f4zne typy syst\u00e9mov technick\u00e9ho zabezpe\u010denia. Ich vz\u00e1jomn\u00e1 centraliz\u00e1cia a integr\u00e1cia maximalizuj\u00fa \u00farove\u0148 bezpe\u010dnosti chr\u00e1nen\u00e9ho objektu. Video monitorovac\u00ed syst\u00e9m tie\u017e v\u00fdrazne napom\u00e1ha prevencii a n\u00e1slednej identifik\u00e1cii, najm\u00e4 vyu\u017eit\u00edm serverov\u00e9ho softv\u00e9ru DVC NVMS 2.0. Je to softv\u00e9r na spr\u00e1vu video monitorovacieho syst\u00e9mu (CMS), \u0161peci\u00e1lne navrhnut\u00fd pre syst\u00e9my zalo\u017een\u00e9 na IP, pomocou ktor\u00e9ho m\u00f4\u017ee spr\u00e1vca spravova\u0165 a monitorova\u0165 a\u017e 30 000 kamier v re\u00e1lnom \u010dase.<\/p>\n<p>[\/et_pb_text][\/et_pb_column][\/et_pb_row][et_pb_row _builder_version=&#8220;4.9.4&#8243; _module_preset=&#8220;default&#8220;][et_pb_column type=&#8220;4_4&#8243; _builder_version=&#8220;4.9.4&#8243; _module_preset=&#8220;default&#8220;][et_pb_text _builder_version=&#8220;4.9.2&#8243; _module_preset=&#8220;default&#8220;]<\/p>\n<h2>Term\u00e1lne rie\u0161enia<\/h2>\n<p>Kona\u0165 zodpovedne znamen\u00e1 zabezpe\u010di\u0165 ochranu a bezstarostnos\u0165 ka\u017ed\u00e9ho zamestnanca, n\u00e1v\u0161tevn\u00edka \u010di klienta. To je mo\u017en\u00e9 so \u0161tyrmi inovat\u00edvnymi syst\u00e9mami DVC na bezkontaktn\u00fa detekciu teploty.<\/p>\n<p>Zariadenia sa l\u00ed\u0161ia predov\u0161etk\u00fdm mno\u017estvom \u00fadajov, ktor\u00e9 dok\u00e1\u017eu spracova\u0165 za ur\u010dit\u00e9 obdobie. Zariadenia s najr\u00fdchlej\u0161\u00edm spracovan\u00edm a inteligentnou anal\u00fdzou videa s\u00fa ide\u00e1lne pre vysokofrekven\u010dn\u00e9 prechody, ako s\u00fa ve\u013ek\u00e9 n\u00e1kupn\u00e9 centr\u00e1, letisk\u00e1, vlakov\u00e9 a autobusov\u00e9 stanice, trajektov\u00e9 pr\u00edstavy a in\u00e9 dopravn\u00e9 uzly.<\/p>\n<p>[\/et_pb_text][\/et_pb_column][\/et_pb_row][\/et_pb_section]<\/p>\n","protected":false},"excerpt":{"rendered":"<p>Priemyseln\u00e9 zariadenia a obchodn\u00e9 syst\u00e9my vy\u017eaduj\u00fa vysok\u00fa \u00farove\u0148 zabezpe\u010denia, a t\u00fdm aj vysok\u00fa \u00farove\u0148 spo\u013eahlivosti in\u0161talovan\u00fdch video monitorovac\u00edch syst\u00e9mov.A\u017e 30 000 kamier \u0160irok\u00fd rozsah a flexibilita video monitorovacej l\u00ednie DVC umo\u017e\u0148uje uplatnenie v budov\u00e1ch r\u00f4znych ve\u013ekost\u00ed a \u00fa\u010delov &#8211; od obytn\u00fdch a men\u0161\u00edch kancel\u00e1rskych priestorov a\u017e po komplexn\u00e9 vysokorizikov\u00e9 zariadenia, ktor\u00e9 vyu\u017e\u00edva ve\u013ek\u00e9 mno\u017estvo \u013eud\u00ed [&hellip;]<\/p>\n","protected":false},"author":9,"featured_media":0,"parent":0,"menu_order":0,"comment_status":"closed","ping_status":"closed","template":"","meta":{"_et_pb_use_builder":"on","_et_pb_old_content":"","_et_gb_content_width":"","footnotes":""},"class_list":["post-20316","page","type-page","status-publish","hentry"],"_links":{"self":[{"href":"https:\/\/www.dvc.video\/sk\/wp-json\/wp\/v2\/pages\/20316","targetHints":{"allow":["GET"]}}],"collection":[{"href":"https:\/\/www.dvc.video\/sk\/wp-json\/wp\/v2\/pages"}],"about":[{"href":"https:\/\/www.dvc.video\/sk\/wp-json\/wp\/v2\/types\/page"}],"author":[{"embeddable":true,"href":"https:\/\/www.dvc.video\/sk\/wp-json\/wp\/v2\/users\/9"}],"replies":[{"embeddable":true,"href":"https:\/\/www.dvc.video\/sk\/wp-json\/wp\/v2\/comments?post=20316"}],"version-history":[{"count":0,"href":"https:\/\/www.dvc.video\/sk\/wp-json\/wp\/v2\/pages\/20316\/revisions"}],"wp:attachment":[{"href":"https:\/\/www.dvc.video\/sk\/wp-json\/wp\/v2\/media?parent=20316"}],"curies":[{"name":"wp","href":"https:\/\/api.w.org\/{rel}","templated":true}]}}