{"id":20313,"date":"2021-03-09T11:17:17","date_gmt":"2021-03-09T10:17:17","guid":{"rendered":"https:\/\/www.dvc.video\/byty-a-obchodne-priestory\/"},"modified":"2024-10-31T09:33:13","modified_gmt":"2024-10-31T08:33:13","slug":"byty-a-obchodne-priestory","status":"publish","type":"page","link":"https:\/\/www.dvc.video\/sk\/byty-a-obchodne-priestory\/","title":{"rendered":"Byty a obchodn\u00e9 priestory"},"content":{"rendered":"<p>[et_pb_section fb_built=&#8220;1&#8243; _builder_version=&#8220;4.9.2&#8243; _module_preset=&#8220;default&#8220; background_enable_color=&#8220;off&#8220; background_image=&#8220;https:\/\/www.dvc.video\/wp-content\/uploads\/2021\/03\/bcg-red-triangle.jpg&#8220; height_last_edited=&#8220;off|desktop&#8220; global_module=&#8220;793&#8243;][et_pb_row _builder_version=&#8220;4.9.2&#8243; _module_preset=&#8220;default&#8220;][et_pb_column type=&#8220;4_4&#8243; _builder_version=&#8220;4.9.2&#8243; _module_preset=&#8220;default&#8220;][et_pb_text _builder_version=&#8220;4.9.7&#8243; _dynamic_attributes=&#8220;content&#8220; _module_preset=&#8220;default&#8220; header_text_color=&#8220;#FFFFFF&#8220; header_line_height=&#8220;1.3em&#8220; header_font_size_tablet=&#8220;&#8220; header_font_size_phone=&#8220;&#8220; header_font_size_last_edited=&#8220;on|desktop&#8220;]@ET-DC@eyJkeW5hbWljIjp0cnVlLCJjb250ZW50IjoicG9zdF90aXRsZSIsInNldHRpbmdzIjp7ImJlZm9yZSI6IjxoMT4iLCJhZnRlciI6IjxcL2gxPiJ9fQ==@[\/et_pb_text][\/et_pb_column][\/et_pb_row][\/et_pb_section][et_pb_section fb_built=&#8220;1&#8243; _builder_version=&#8220;4.9.10&#8243; _module_preset=&#8220;default&#8220; hover_enabled=&#8220;0&#8243; custom_padding=&#8220;||0px||false|false&#8220; sticky_enabled=&#8220;0&#8243;][et_pb_row _builder_version=&#8220;4.9.4&#8243; _module_preset=&#8220;default&#8220;][et_pb_column type=&#8220;4_4&#8243; _builder_version=&#8220;4.9.4&#8243; _module_preset=&#8220;default&#8220;][et_pb_text _builder_version=&#8220;4.9.2&#8243; _module_preset=&#8220;default&#8220;]<\/p>\n<h2>Rie\u0161enia pre inteligentn\u00fa dom\u00e1cnos\u0165<\/h2>\n<p>\u00daplne nevidite\u013en\u00e9 rie\u0161enia video monitorovania za\u010dlenen\u00e9 do ka\u017edodenn\u00e9ho \u017eivota a integrovan\u00e9 s inteligentn\u00fdmi syst\u00e9mami vo vn\u00fatri domu alebo bytu zvy\u0161uj\u00fa \u00farove\u0148 bezpe\u010dnosti pou\u017e\u00edvate\u013eov a t\u00fdm aj kvalitu ich \u017eivota. Video monitorovac\u00ed syst\u00e9m s a\u017e 16 kamerami a syst\u00e9m videovr\u00e1tnika s a\u017e 32 adresami, s\u00fa vhodn\u00e9 pre v\u00e4\u010d\u0161inu bytov, domov, ch\u00e1t, v\u00edl, ako aj pre mal\u00e9 podniky nach\u00e1dzaj\u00face sa v obytn\u00fdch oblastiach, ako s\u00fa zubn\u00e9 ambulancie, kancel\u00e1rie, zmen\u00e1rne, st\u00e1vkov\u00e9 kancel\u00e1rie, r\u00f4zne mal\u00e9 obchody at\u010f.<\/p>\n<p>[\/et_pb_text][\/et_pb_column][\/et_pb_row][et_pb_row _builder_version=&#8220;4.9.4&#8243; _module_preset=&#8220;default&#8220;][et_pb_column type=&#8220;4_4&#8243; _builder_version=&#8220;4.9.4&#8243; _module_preset=&#8220;default&#8220;][et_pb_text _builder_version=&#8220;4.9.2&#8243; _module_preset=&#8220;default&#8220;]<\/p>\n<h2>Wi-Fi kamery<\/h2>\n<p>Wi-Fi IP kamery sa \u013eahko in\u0161taluj\u00fa a programuj\u00fa, maj\u00fa ve\u013ek\u00fd dosah a pou\u017e\u00edvaj\u00fa sa v dom\u00e1cich aj firemn\u00fdch aplik\u00e1ci\u00e1ch. Modely s pl\u00e1novan\u00fdm nahr\u00e1van\u00edm alebo detekciou pohybu s\u00fa dostupn\u00e9 pre vonkaj\u0161iu a vn\u00fatorn\u00fa in\u0161tal\u00e1ciu. Umo\u017e\u0148uj\u00fa rozl\u00ed\u0161enie z\u00e1znamu a\u017e 5 MP, obojsmern\u00fa zvukov\u00fa komunik\u00e1ciu, no\u010dn\u00e9 nahr\u00e1vanie a ukladanie videa na SD kartu alebo rekord\u00e9r. Priestor je mo\u017en\u00e9 monitorova\u0165 aj na dia\u013eku cez mobiln\u00fd telef\u00f3n.<\/p>\n<p>[\/et_pb_text][\/et_pb_column][\/et_pb_row][et_pb_row _builder_version=&#8220;4.9.4&#8243; _module_preset=&#8220;default&#8220;][et_pb_column type=&#8220;4_4&#8243; _builder_version=&#8220;4.9.4&#8243; _module_preset=&#8220;default&#8220;][et_pb_text _builder_version=&#8220;4.9.2&#8243; _module_preset=&#8220;default&#8220;]<\/p>\n<h2>Bezpe\u010dnos\u0165 aj ke\u010f tam nie ste<\/h2>\n<p>Domov je bezpe\u010dn\u00fd pr\u00edstav \u010dloveka, tak\u017ee je nesmierne d\u00f4le\u017eit\u00e9 zariadi\u0165 bezpe\u010dnos\u0165 toho, \u010do m\u00e1me, ako je byt, gar\u00e1\u017e, chata \u010di kancel\u00e1rsky priestor.<\/p>\n<p>Pre \u010do najefekt\u00edvnej\u0161ie zv\u00fd\u0161enie \u00farovne ochrany a bezpe\u010dnosti a s\u0165a\u017eenie mo\u017enosti kr\u00e1de\u017ee alebo vl\u00e1mania s\u00fa k dispoz\u00edcii najvhodnej\u0161ie sady video monitorovania pod\u013ea individu\u00e1lnych potrieb.<\/p>\n<p>[\/et_pb_text][\/et_pb_column][\/et_pb_row][et_pb_row _builder_version=&#8220;4.9.4&#8243; _module_preset=&#8220;default&#8220;][et_pb_column type=&#8220;4_4&#8243; _builder_version=&#8220;4.9.4&#8243; _module_preset=&#8220;default&#8220;][et_pb_text _builder_version=&#8220;4.9.2&#8243; _module_preset=&#8220;default&#8220;]<\/p>\n<h2>Jednoduch\u00e1 a profesion\u00e1lna in\u0161tal\u00e1cia<\/h2>\n<p>Aby bol vybran\u00fd video monitorovac\u00ed syst\u00e9m \u010do najbezpe\u010dnej\u0161\u00ed, je ve\u013emi d\u00f4le\u017eit\u00e9 spr\u00e1vne usporiada\u0165 a umiestni\u0165 zariadenia vo vn\u00fatri a mimo priestorov. Dnes, ke\u010f \u010das r\u00fdchlo be\u017e\u00ed, s\u00fa ide\u00e1lne tak\u00e9 ochrann\u00e9 syst\u00e9my, ktor\u00e9 sa jednoducho in\u0161taluj\u00fa a spravuj\u00fa.<\/p>\n<p>[\/et_pb_text][\/et_pb_column][\/et_pb_row][et_pb_row _builder_version=&#8220;4.9.4&#8243; _module_preset=&#8220;default&#8220;][et_pb_column type=&#8220;4_4&#8243; _builder_version=&#8220;4.9.4&#8243; _module_preset=&#8220;default&#8220;][et_pb_text _builder_version=&#8220;4.9.2&#8243; _module_preset=&#8220;default&#8220;]<\/p>\n<h2>Preh\u013ead kamery v re\u00e1lnom \u010dase<\/h2>\n<p>Inteligentn\u00e9 dom\u00e1ce bezpe\u010dnostn\u00e9 kamery musia by\u0165 schopn\u00e9 rozpozna\u0165 n\u00e1v\u0161tevn\u00edkov a odosiela\u0165 upozornenia, \u010d\u00edm udr\u017eia dom\u00e1cnos\u0165 v bezpe\u010d\u00ed, aj ke\u010f tam nikto nie je pr\u00edtomn\u00fd. Bezplatn\u00e1 aplik\u00e1cia DVC Connect pre iOS a Android umo\u017en\u00ed pr\u00edstup ku kamer\u00e1m kedyko\u013evek a odkia\u013eko\u013evek na svete.<\/p>\n<p>Pr\u00edslu\u0161n\u00fd video doh\u013ead bude str\u00e1\u017ei\u0165 a kontrolova\u0165 v\u0161etky kritick\u00e9 miesta chr\u00e1nen\u00e9ho are\u00e1lu &#8211; sklady, vchody, pr\u00edstupy, ktor\u00e9 je mo\u017en\u00e9 na dia\u013eku sledova\u0165 v re\u00e1lnom \u010dase cez mobiln\u00fd telef\u00f3n. Mo\u017en\u00e9 je aj lok\u00e1lne nahr\u00e1vanie na SD kartu mobiln\u00e9ho telef\u00f3nu a prezeranie nahran\u00e9ho materi\u00e1lu z SD karty, ako aj upozor\u0148ovanie u\u017e\u00edvate\u013eov na udalosti vyvolan\u00e9 detekciou pohybu alebo alarmov\u00fdmi vstupmi rekord\u00e9ra.<\/p>\n<p>[\/et_pb_text][\/et_pb_column][\/et_pb_row][\/et_pb_section][et_pb_section fb_built=&#8220;1&#8243; _builder_version=&#8220;4.9.10&#8243; _module_preset=&#8220;default&#8220; hover_enabled=&#8220;0&#8243; saved_tabs=&#8220;all&#8220; global_module=&#8220;721&#8243; custom_padding=&#8220;0px||||false|false&#8220; sticky_enabled=&#8220;0&#8243;][et_pb_row column_structure=&#8220;1_2,1_2&#8243; use_custom_gutter=&#8220;on&#8220; gutter_width=&#8220;1&#8243; make_equal=&#8220;on&#8220; _builder_version=&#8220;4.9.4&#8243; _module_preset=&#8220;default&#8220;][et_pb_column type=&#8220;1_2&#8243; _builder_version=&#8220;4.9.1&#8243; _module_preset=&#8220;default&#8220;][et_pb_blurb title=&#8220;DVC Connect&#8220; image=&#8220;https:\/\/www.dvc.video\/wp-content\/uploads\/2021\/03\/dvc-connect.jpg&#8220; alt=&#8220;DVC Connect&#8220; _builder_version=&#8220;4.9.10&#8243; _module_preset=&#8220;default&#8220; header_font=&#8220;|700|||||||&#8220; body_font_size=&#8220;14px&#8220; custom_padding_tablet=&#8220;||50px||false|false&#8220; custom_padding_phone=&#8220;&#8220; custom_padding_last_edited=&#8220;on|tablet&#8220; animation=&#8220;off&#8220; border_width_right=&#8220;1px&#8220; border_color_right=&#8220;#e7e7e7&#8243; border_width_right_tablet=&#8220;0px&#8220; border_width_right_phone=&#8220;&#8220; border_width_right_last_edited=&#8220;on|tablet&#8220; border_width_bottom_tablet=&#8220;&#8220; border_width_bottom_phone=&#8220;&#8220; border_width_bottom_last_edited=&#8220;on|desktop&#8220;]<\/p>\n<p>Sledovanie \u017eiv\u00fdch kamier z rekord\u00e9ra, lok\u00e1lne nahr\u00e1vanie na SD kartu mobiln\u00e9ho telef\u00f3nu a prezeranie nahrat\u00fdch z\u00e1berov, ako aj upozor\u0148ovanie pou\u017e\u00edvate\u013ea na udalosti vyvolan\u00e9 detekciou pohybu alebo poplachov\u00fdmi vstupmi na samotnom rekord\u00e9ri.<\/p>\n<p><a href=\"https:\/\/play.google.com\/store\/apps\/details?id=video.dvc.connect\" target=\"_blank\" rel=\"noopener\"><img decoding=\"async\" class=\"app_store_badge\" src=\"https:\/\/www.dvc.video\/wp-content\/uploads\/\/2021\/03\/google-play-badge.svg\" \/><\/a>\u00a0<a href=\"https:\/\/apps.apple.com\/hr\/app\/dvc-connect\/id1453670318?l=hr\" target=\"_blank\" rel=\"noopener\"><img decoding=\"async\" class=\"app_store_badge\" src=\"https:\/\/www.dvc.video\/wp-content\/uploads\/\/2021\/03\/download-on-the-app-store-badge.svg\" \/><\/a><\/p>\n<p>[\/et_pb_blurb][\/et_pb_column][et_pb_column type=&#8220;1_2&#8243; _builder_version=&#8220;4.9.1&#8243; _module_preset=&#8220;default&#8220;][et_pb_blurb title=&#8220;VDP Connect&#8220; image=&#8220;https:\/\/www.dvc.video\/wp-content\/uploads\/2021\/03\/vdp-connect.jpg&#8220; alt=&#8220;VDP Connect&#8220; _builder_version=&#8220;4.9.10&#8243; _module_preset=&#8220;default&#8220; header_font=&#8220;|700|||||||&#8220; body_font_size=&#8220;14px&#8220; animation=&#8220;off&#8220;]<\/p>\n<p>Aplik\u00e1cia je skvel\u00fdm pomocn\u00edkom pre v\u0161etk\u00fdch pou\u017e\u00edvate\u013eov videovr\u00e1tnika DVC. Pomocou aplik\u00e1cie m\u00f4\u017ee pou\u017e\u00edvate\u013e prija\u0165 hovor z vonkaj\u0161ej jednotky, hovori\u0165 s n\u00e1v\u0161tevn\u00edkmi cez mobiln\u00e9 zariadenie a ovl\u00e1da\u0165 odomykanie.<\/p>\n<p><a href=\"https:\/\/play.google.com\/store\/apps\/details?id=com.vdpconnect.vdp\" target=\"_blank\" rel=\"noopener\"><img decoding=\"async\" class=\"app_store_badge\" src=\"https:\/\/www.dvc.video\/wp-content\/uploads\/\/2021\/03\/google-play-badge.svg\" \/><\/a>\u00a0<a href=\"https:\/\/apps.apple.com\/sa\/app\/vdpconnect\/id1537340769\" target=\"_blank\" rel=\"noopener\"><img decoding=\"async\" class=\"app_store_badge\" src=\"https:\/\/www.dvc.video\/wp-content\/uploads\/\/2021\/03\/download-on-the-app-store-badge.svg\" \/><\/a><\/p>\n<p>[\/et_pb_blurb][\/et_pb_column][\/et_pb_row][\/et_pb_section]<\/p>\n","protected":false},"excerpt":{"rendered":"<p>Rie\u0161enia pre inteligentn\u00fa dom\u00e1cnos\u0165 \u00daplne nevidite\u013en\u00e9 rie\u0161enia video monitorovania za\u010dlenen\u00e9 do ka\u017edodenn\u00e9ho \u017eivota a integrovan\u00e9 s inteligentn\u00fdmi syst\u00e9mami vo vn\u00fatri domu alebo bytu zvy\u0161uj\u00fa \u00farove\u0148 bezpe\u010dnosti pou\u017e\u00edvate\u013eov a t\u00fdm aj kvalitu ich \u017eivota. Video monitorovac\u00ed syst\u00e9m s a\u017e 16 kamerami a syst\u00e9m videovr\u00e1tnika s a\u017e 32 adresami, s\u00fa vhodn\u00e9 pre v\u00e4\u010d\u0161inu bytov, domov, ch\u00e1t, v\u00edl, [&hellip;]<\/p>\n","protected":false},"author":9,"featured_media":0,"parent":0,"menu_order":0,"comment_status":"closed","ping_status":"closed","template":"","meta":{"_et_pb_use_builder":"on","_et_pb_old_content":"","_et_gb_content_width":"","footnotes":""},"class_list":["post-20313","page","type-page","status-publish","hentry"],"_links":{"self":[{"href":"https:\/\/www.dvc.video\/sk\/wp-json\/wp\/v2\/pages\/20313","targetHints":{"allow":["GET"]}}],"collection":[{"href":"https:\/\/www.dvc.video\/sk\/wp-json\/wp\/v2\/pages"}],"about":[{"href":"https:\/\/www.dvc.video\/sk\/wp-json\/wp\/v2\/types\/page"}],"author":[{"embeddable":true,"href":"https:\/\/www.dvc.video\/sk\/wp-json\/wp\/v2\/users\/9"}],"replies":[{"embeddable":true,"href":"https:\/\/www.dvc.video\/sk\/wp-json\/wp\/v2\/comments?post=20313"}],"version-history":[{"count":1,"href":"https:\/\/www.dvc.video\/sk\/wp-json\/wp\/v2\/pages\/20313\/revisions"}],"predecessor-version":[{"id":32163,"href":"https:\/\/www.dvc.video\/sk\/wp-json\/wp\/v2\/pages\/20313\/revisions\/32163"}],"wp:attachment":[{"href":"https:\/\/www.dvc.video\/sk\/wp-json\/wp\/v2\/media?parent=20313"}],"curies":[{"name":"wp","href":"https:\/\/api.w.org\/{rel}","templated":true}]}}