{"id":20310,"date":"2021-03-09T11:21:14","date_gmt":"2021-03-09T10:21:14","guid":{"rendered":"https:\/\/www.dvc.video\/stredne-velke-spolocnosti\/"},"modified":"2023-03-28T11:05:03","modified_gmt":"2023-03-28T09:05:03","slug":"stredne-velke-spolocnosti","status":"publish","type":"page","link":"https:\/\/www.dvc.video\/sk\/stredne-velke-spolocnosti\/","title":{"rendered":"Stredne ve\u013ek\u00e9 spolo\u010dnosti"},"content":{"rendered":"<p>[et_pb_section fb_built=&#8220;1&#8243; _builder_version=&#8220;4.9.2&#8243; _module_preset=&#8220;default&#8220; background_enable_color=&#8220;off&#8220; background_image=&#8220;https:\/\/www.dvc.video\/wp-content\/uploads\/2021\/03\/bcg-red-triangle.jpg&#8220; height=&#8220;150px&#8220; height_last_edited=&#8220;off|desktop&#8220; custom_padding=&#8220;0px||0px||true|false&#8220; global_module=&#8220;793&#8243;][et_pb_row _builder_version=&#8220;4.9.2&#8243; _module_preset=&#8220;default&#8220;][et_pb_column type=&#8220;4_4&#8243; _builder_version=&#8220;4.9.2&#8243; _module_preset=&#8220;default&#8220;][et_pb_text _builder_version=&#8220;4.9.7&#8243; _dynamic_attributes=&#8220;content&#8220; _module_preset=&#8220;default&#8220; header_text_color=&#8220;#FFFFFF&#8220; header_line_height=&#8220;1.3em&#8220; header_font_size_tablet=&#8220;&#8220; header_font_size_phone=&#8220;&#8220; header_font_size_last_edited=&#8220;on|desktop&#8220;]@ET-DC@eyJkeW5hbWljIjp0cnVlLCJjb250ZW50IjoicG9zdF90aXRsZSIsInNldHRpbmdzIjp7ImJlZm9yZSI6IjxoMT4iLCJhZnRlciI6IjxcL2gxPiJ9fQ==@[\/et_pb_text][\/et_pb_column][\/et_pb_row][\/et_pb_section][et_pb_section fb_built=&#8220;1&#8243; _builder_version=&#8220;4.9.2&#8243; _module_preset=&#8220;default&#8220;][et_pb_row _builder_version=&#8220;4.9.2&#8243; _module_preset=&#8220;default&#8220;][et_pb_column type=&#8220;4_4&#8243; _builder_version=&#8220;4.9.2&#8243; _module_preset=&#8220;default&#8220;][et_pb_text _builder_version=&#8220;4.9.2&#8243; _module_preset=&#8220;default&#8220;]<\/p>\n<p>S rastom podnikania rastie aj potreba komplexnej\u0161ieho bezpe\u010dnostn\u00e9ho rie\u0161enia.<\/p>\n<p>[\/et_pb_text][\/et_pb_column][\/et_pb_row][et_pb_row _builder_version=&#8220;4.9.4&#8243; _module_preset=&#8220;default&#8220;][et_pb_column type=&#8220;4_4&#8243; _builder_version=&#8220;4.9.4&#8243; _module_preset=&#8220;default&#8220;][et_pb_text _builder_version=&#8220;4.9.2&#8243; _module_preset=&#8220;default&#8220;]<\/p>\n<h2>Flexibilita<\/h2>\n<p>Bezpe\u010dnostn\u00fd syst\u00e9m m\u00f4\u017ee zah\u0155\u0148a\u0165 r\u00f4zne technol\u00f3gie, od in\u0161talovan\u00e9ho video monitorovania a\u017e po kombin\u00e1ciu kamier a in\u00fdch bezpe\u010dnostn\u00fdch zariaden\u00ed, ako s\u00fa popla\u0161n\u00e9 syst\u00e9my, kontrola vstupu alebo doch\u00e1dzkov\u00e9 syst\u00e9my. A \u010do ak sa zmenia potreby a o\u010dak\u00e1vania pou\u017e\u00edvate\u013eov? Integrovan\u00e9 rie\u0161enia DVC sa \u013eahko prisp\u00f4sobuj\u00fa rast\u00facemu podnikaniu a meniacim sa potreb\u00e1m.<\/p>\n<p>[\/et_pb_text][\/et_pb_column][\/et_pb_row][et_pb_row _builder_version=&#8220;4.9.4&#8243; _module_preset=&#8220;default&#8220;][et_pb_column type=&#8220;4_4&#8243; _builder_version=&#8220;4.9.4&#8243; _module_preset=&#8220;default&#8220;][et_pb_text _builder_version=&#8220;4.9.2&#8243; _module_preset=&#8220;default&#8220;]<\/p>\n<h2>Inteligentn\u00e1 anal\u00fdza videa<\/h2>\n<p>DVC video anal\u00fdza umo\u017e\u0148uje reagova\u0165 na udalos\u0165 v re\u00e1lnom \u010dase a zaznamena\u0165 iba poplachov\u00fa udalos\u0165, \u010do v\u00fdrazne \u0161etr\u00ed \u00falo\u017en\u00fd priestor. Obvodov\u00fa ochranu a sledovanie objektov v sc\u00e9ne zabezpe\u010duj\u00fa AI funkcie anal\u00fdzy videa. V z\u00e1vislosti od typu kamery s\u00fa mo\u017en\u00e9 funkcie sledovania objektov v sc\u00e9ne, detekcia prekro\u010denia definovan\u00fdch \u010diar, detekcia prienikov do priestoru, po\u010d\u00edtanie os\u00f4b, rozpozn\u00e1vanie os\u00f4b a vozidiel, detekcia tv\u00e1re alebo rozpozn\u00e1vanie \u0160PZ.<\/p>\n<p>[\/et_pb_text][\/et_pb_column][\/et_pb_row][et_pb_row _builder_version=&#8220;4.9.4&#8243; _module_preset=&#8220;default&#8220;][et_pb_column type=&#8220;4_4&#8243; _builder_version=&#8220;4.9.4&#8243; _module_preset=&#8220;default&#8220;][et_pb_text _builder_version=&#8220;4.9.2&#8243; _module_preset=&#8220;default&#8220;]<\/p>\n<h2>IP technol\u00f3gie<\/h2>\n<p>\u0160irok\u00e1 \u0161k\u00e1la IP kamier v\u00e1m umo\u017e\u0148uje vybra\u0165 si presne t\u00fa, ktor\u00e1 je adekv\u00e1tna pre ka\u017ed\u00fa konkr\u00e9tnu oblas\u0165 ochrany. Od vysok\u00e9ho po ultravysok\u00e9 rozl\u00ed\u0161enie, k\u00e1blov\u00e1 a bezdr\u00f4tov\u00e1 in\u0161tal\u00e1cia, bullet alebo dome prevedenia a s pevn\u00fdm alebo varifok\u00e1lnym objekt\u00edvom.<\/p>\n<p>DVC IP kamery s\u00fa zaraden\u00e9 do piatich r\u00f4znych kateg\u00f3ri\u00ed a zna\u010dkov\u00fdch radov &#8211; Special, Supreme, Smart, Start a Speed a splnia v\u0161etky po\u017eiadavky u\u017e\u00edvate\u013eov z h\u013eadiska ceny, kvality a funkci\u00ed.<\/p>\n<p>V Special Class vynik\u00e1 panoramatick\u00e1 kamera s technol\u00f3giou Starlight, ktor\u00e1 obsahuje \u0161tyri kamery, ktor\u00fdch z\u00e1bery sa v\u010faka \u0161peci\u00e1lnemu softv\u00e9ru sp\u00e1jaj\u00fa do jedn\u00e9ho obrazu. Senzor Starlight umo\u017e\u0148uje no\u010dn\u00fa farebn\u00fa prev\u00e1dzku s vynikaj\u00facim obrazom aj pri ve\u013emi slabom osvetlen\u00ed .<\/p>\n<p>[\/et_pb_text][\/et_pb_column][\/et_pb_row][\/et_pb_section]<\/p>\n","protected":false},"excerpt":{"rendered":"<p>S rastom podnikania rastie aj potreba komplexnej\u0161ieho bezpe\u010dnostn\u00e9ho rie\u0161enia.Flexibilita Bezpe\u010dnostn\u00fd syst\u00e9m m\u00f4\u017ee zah\u0155\u0148a\u0165 r\u00f4zne technol\u00f3gie, od in\u0161talovan\u00e9ho video monitorovania a\u017e po kombin\u00e1ciu kamier a in\u00fdch bezpe\u010dnostn\u00fdch zariaden\u00ed, ako s\u00fa popla\u0161n\u00e9 syst\u00e9my, kontrola vstupu alebo doch\u00e1dzkov\u00e9 syst\u00e9my. A \u010do ak sa zmenia potreby a o\u010dak\u00e1vania pou\u017e\u00edvate\u013eov? Integrovan\u00e9 rie\u0161enia DVC sa \u013eahko prisp\u00f4sobuj\u00fa rast\u00facemu podnikaniu a meniacim [&hellip;]<\/p>\n","protected":false},"author":9,"featured_media":0,"parent":0,"menu_order":0,"comment_status":"closed","ping_status":"closed","template":"","meta":{"_et_pb_use_builder":"on","_et_pb_old_content":"","_et_gb_content_width":"","footnotes":""},"class_list":["post-20310","page","type-page","status-publish","hentry"],"_links":{"self":[{"href":"https:\/\/www.dvc.video\/sk\/wp-json\/wp\/v2\/pages\/20310","targetHints":{"allow":["GET"]}}],"collection":[{"href":"https:\/\/www.dvc.video\/sk\/wp-json\/wp\/v2\/pages"}],"about":[{"href":"https:\/\/www.dvc.video\/sk\/wp-json\/wp\/v2\/types\/page"}],"author":[{"embeddable":true,"href":"https:\/\/www.dvc.video\/sk\/wp-json\/wp\/v2\/users\/9"}],"replies":[{"embeddable":true,"href":"https:\/\/www.dvc.video\/sk\/wp-json\/wp\/v2\/comments?post=20310"}],"version-history":[{"count":0,"href":"https:\/\/www.dvc.video\/sk\/wp-json\/wp\/v2\/pages\/20310\/revisions"}],"wp:attachment":[{"href":"https:\/\/www.dvc.video\/sk\/wp-json\/wp\/v2\/media?parent=20310"}],"curies":[{"name":"wp","href":"https:\/\/api.w.org\/{rel}","templated":true}]}}