{"id":20307,"date":"2021-03-09T11:26:44","date_gmt":"2021-03-09T10:26:44","guid":{"rendered":"https:\/\/www.dvc.video\/o-dvc\/"},"modified":"2023-04-25T10:35:31","modified_gmt":"2023-04-25T08:35:31","slug":"o-dvc","status":"publish","type":"page","link":"https:\/\/www.dvc.video\/sk\/o-dvc\/","title":{"rendered":"O DVC"},"content":{"rendered":"<p>[et_pb_section fb_built=&#8220;1&#8243; _builder_version=&#8220;4.20.2&#8243; _module_preset=&#8220;default&#8220; background_enable_color=&#8220;off&#8220; background_image=&#8220;https:\/\/www.dvc.video\/wp-content\/uploads\/2021\/03\/bcg-red-triangle.jpg&#8220; height=&#8220;150px&#8220; height_last_edited=&#8220;off|desktop&#8220; custom_padding=&#8220;34px||34px||true|false&#8220; global_module=&#8220;793&#8243; saved_tabs=&#8220;all&#8220; global_colors_info=&#8220;{}&#8220;][et_pb_row _builder_version=&#8220;4.16&#8243; _module_preset=&#8220;default&#8220; global_colors_info=&#8220;{}&#8220;][et_pb_column type=&#8220;4_4&#8243; _builder_version=&#8220;4.16&#8243; _module_preset=&#8220;default&#8220; global_colors_info=&#8220;{}&#8220;][et_pb_text _builder_version=&#8220;4.20.0&#8243; _dynamic_attributes=&#8220;content&#8220; _module_preset=&#8220;default&#8220; header_text_color=&#8220;#FFFFFF&#8220; header_line_height=&#8220;1.3em&#8220; header_font_size_tablet=&#8220;&#8220; header_font_size_phone=&#8220;&#8220; header_font_size_last_edited=&#8220;on|desktop&#8220; global_colors_info=&#8220;{}&#8220;]@ET-DC@eyJkeW5hbWljIjp0cnVlLCJjb250ZW50IjoicG9zdF90aXRsZSIsInNldHRpbmdzIjp7ImJlZm9yZSI6IjxoMT4iLCJhZnRlciI6IjxcL2gxPiJ9fQ==@[\/et_pb_text][\/et_pb_column][\/et_pb_row][\/et_pb_section][et_pb_section fb_built=&#8220;1&#8243; _builder_version=&#8220;4.16&#8243; _module_preset=&#8220;default&#8220; global_colors_info=&#8220;{}&#8220;][et_pb_row _builder_version=&#8220;4.16&#8243; _module_preset=&#8220;default&#8220; global_colors_info=&#8220;{}&#8220;][et_pb_column type=&#8220;4_4&#8243; _builder_version=&#8220;4.16&#8243; _module_preset=&#8220;default&#8220; global_colors_info=&#8220;{}&#8220;][et_pb_text _builder_version=&#8220;4.20.2&#8243; _module_preset=&#8220;default&#8220; hover_enabled=&#8220;0&#8243; global_colors_info=&#8220;{}&#8220; sticky_enabled=&#8220;0&#8243;]<\/p>\n<h2>Inteligentn\u00e1 technol\u00f3gia, ktor\u00e1 stoj\u00ed za viac!<\/h2>\n<p>DVC Digital Video Communication je jedinou region\u00e1lnou zna\u010dkou v oblasti video monitorovania a video interkomov, ktor\u00fa spolo\u010dnos\u0165 Alarm automatika vyv\u00edja u\u017e 20 rokov. Prv\u00fd syst\u00e9m DVC bol predan\u00fd 13. m\u00e1ja 2003 a do dne\u0161n\u00e9ho d\u0148a sa predalo viac ako pol mili\u00f3na zariaden\u00ed a vybavenia DVC.<\/p>\n<p>[\/et_pb_text][et_pb_text _builder_version=&#8220;4.20.2&#8243; _module_preset=&#8220;default&#8220; hover_enabled=&#8220;0&#8243; global_colors_info=&#8220;{}&#8220; sticky_enabled=&#8220;0&#8243;]<\/p>\n<h3>Spo\u013eahlivos\u0165 a d\u00f4vera<\/h3>\n<p>Od svojho prv\u00e9ho uvedenia na trh v roku 2003 sa DVC stala region\u00e1lnou zna\u010dkou, ktor\u00e1 dnes pon\u00faka z\u00e1kazn\u00edkom v\u0161etky v\u00fdhody najnov\u0161\u00edch technol\u00f3gi\u00ed; anal\u00f3gov\u00fd HD (od 2 Mpx anal\u00f3gov\u00fd HD 2.0 do 8 Mpx anal\u00f3gov\u00fd HD 4.0) a IP video monitorovacia technol\u00f3gia (predt\u00fdm H.263 a\u017e po dne\u0161n\u00fa najnov\u0161iu Smart H.265 kompresiu videa), ako aj 2-dr\u00f4tov\u00e9 a IP hybridn\u00e9 (bezdr\u00f4tov\u00e9 alebo ethernetov\u00e9 ) rie\u0161enia videointerkomu .<\/p>\n<p>[\/et_pb_text][et_pb_text _builder_version=&#8220;4.20.2&#8243; _module_preset=&#8220;default&#8220; hover_enabled=&#8220;0&#8243; global_colors_info=&#8220;{}&#8220; sticky_enabled=&#8220;0&#8243;]<\/p>\n<h3>Najpokro\u010dilej\u0161ie technol\u00f3gie<\/h3>\n<p>Pri v\u00fdvoji a v\u00fdbere zariadenia boli vybran\u00e9 najspo\u013eahlivej\u0161ie komponenty od popredn\u00fdch svetov\u00fdch v\u00fdrobcov, ako s\u00fa sn\u00edma\u010de Sony CMOS, digit\u00e1lne sign\u00e1lov\u00e9 procesory Nextchip a Techpoint v anal\u00f3govom HD alebo HiSilicon v technol\u00f3gii IP video sledovania.<\/p>\n<p>[\/et_pb_text][et_pb_text _builder_version=&#8220;4.20.2&#8243; _module_preset=&#8220;default&#8220; hover_enabled=&#8220;0&#8243; global_colors_info=&#8220;{}&#8220; sticky_enabled=&#8220;0&#8243;]<\/p>\n<h3>Hodnota za peniaze<\/h3>\n<p>Toto v\u0161etko viedlo k tomu, \u017ee dne\u0161n\u00e9 rie\u0161enia DVC pon\u00fakaj\u00fa najpokro\u010dilej\u0161\u00ed v\u00fdkon, ako je rozl\u00ed\u0161enie 8 Mpx, Ultra Low Light, WDR, objekt\u00edvy s motozoomom alebo Smart-IR dosah a\u017e 80 m pre kamery alebo rozl\u00ed\u0161enie 8 Mpx v re\u00e1lnom \u010dase (RealTime) , nahr\u00e1vanie videa s viacer\u00fdmi pr\u00fadmi (s tromi pr\u00fadmi), funkcie anal\u00fdzy videa, ako aj funkcie AI, ako je rozpozn\u00e1vanie tv\u00e1re alebo rozpozn\u00e1vanie \u0160PZ.<\/p>\n<p>[\/et_pb_text][\/et_pb_column][\/et_pb_row][\/et_pb_section][et_pb_section fb_built=&#8220;1&#8243; fullwidth=&#8220;on&#8220; _builder_version=&#8220;4.10.8&#8243; _module_preset=&#8220;default&#8220; global_module=&#8220;722&#8243; saved_tabs=&#8220;all&#8220; global_colors_info=&#8220;{}&#8220;][et_pb_fullwidth_header title=&#8220;Chcete sa sta\u0165 partnerom DVC?&#8220; subhead=&#8220;Sta\u0148te sa s\u00fa\u010das\u0165ou region\u00e1lnej komunity in\u0161talat\u00e9rov a distrib\u00fatorov DVC video monitorovac\u00edch a video interkom rie\u0161en\u00ed!&#8220; button_one_text=&#8220;Kontaktuj n\u00e1s&#8220; button_one_url=&#8220;@ET-DC@eyJkeW5hbWljIjp0cnVlLCJjb250ZW50IjoicG9zdF9saW5rX3VybF9wYWdlIiwic2V0dGluZ3MiOnsicG9zdF9pZCI6IjMwIn19@&#8220; button_two_text=&#8220;Kde k\u00fapi\u0165?&#8220; button_two_url=&#8220;@ET-DC@eyJkeW5hbWljIjp0cnVlLCJjb250ZW50IjoicG9zdF9saW5rX3VybF9wYWdlIiwic2V0dGluZ3MiOnsicG9zdF9pZCI6IjIzNiJ9fQ==@&#8220; header_image_url=&#8220;https:\/\/www.dvc.video\/wp-content\/uploads\/2021\/04\/instalater.png&#8220; image_orientation=&#8220;bottom&#8220; _builder_version=&#8220;4.16&#8243; _dynamic_attributes=&#8220;button_one_url,button_two_url&#8220; _module_preset=&#8220;default&#8220; title_level=&#8220;h2&#8243; title_font_size=&#8220;42px&#8220; title_line_height=&#8220;1.3em&#8220; content_font_size=&#8220;15px&#8220; subhead_font=&#8220;|700|||||||&#8220; subhead_font_size=&#8220;17px&#8220; background_enable_color=&#8220;off&#8220; background_image=&#8220;https:\/\/www.dvc.video\/wp-content\/uploads\/2021\/03\/bcg-red-triangle.jpg&#8220; custom_button_one=&#8220;on&#8220; button_one_text_color=&#8220;#242424&#8243; button_one_bg_color=&#8220;#FFFFFF&#8220; button_one_font=&#8220;|600|||||||&#8220; button_one_use_icon=&#8220;off&#8220; button_one_custom_padding=&#8220;18px|48px|18px|48px|true|true&#8220; custom_button_two=&#8220;on&#8220; button_two_bg_color=&#8220;#FBB040&#8243; button_two_font=&#8220;|600|||||||&#8220; button_two_use_icon=&#8220;off&#8220; button_two_custom_padding=&#8220;18px|48px|18px|48px|true|true&#8220; custom_padding=&#8220;||0px||false|false&#8220; custom_css_logo=&#8220;width: 200px;||padding-bottom: 20px;&#8220; custom_css_title=&#8220;padding-bottom: 20px;&#8220; custom_css_subtitle=&#8220;padding-bottom: 15px;&#8220; global_colors_info=&#8220;{}&#8220; button_one_text_color__hover_enabled=&#8220;on|desktop&#8220; button_one_text_color__hover=&#8220;#FFFFFF&#8220; button_one_bg_color__hover_enabled=&#8220;on|desktop&#8220; button_one_bg_color__hover=&#8220;#9E0B0F&#8220; button_one_bg_enable_color__hover=&#8220;on&#8220; button_two_text_color__hover_enabled=&#8220;on|hover&#8220; button_two_bg_color__hover_enabled=&#8220;on|desktop&#8220; button_two_bg_color__hover=&#8220;#9E0B0F&#8220; button_two_bg_enable_color__hover=&#8220;on&#8220;]<\/p>\n<p>Produkty DVC s\u00fa zalo\u017een\u00e9 na najmodernej\u0161\u00edch technol\u00f3gi\u00e1ch, spo\u013eahliv\u00fdch komponentoch a umo\u017e\u0148uj\u00fa najvy\u0161\u0161\u00ed v\u00fdkon, vhodn\u00e9 pre pou\u017eitie v zariadeniach r\u00f4znych ve\u013ekost\u00ed a \u00fa\u010delov.<\/p>\n<p>[\/et_pb_fullwidth_header][\/et_pb_section]<\/p>\n","protected":false},"excerpt":{"rendered":"<p>Inteligentn\u00e1 technol\u00f3gia, ktor\u00e1 stoj\u00ed za viac! DVC Digital Video Communication je jedinou region\u00e1lnou zna\u010dkou v oblasti video monitorovania a video interkomov, ktor\u00fa spolo\u010dnos\u0165 Alarm automatika vyv\u00edja u\u017e 20 rokov. Prv\u00fd syst\u00e9m DVC bol predan\u00fd 13. m\u00e1ja 2003 a do dne\u0161n\u00e9ho d\u0148a sa predalo viac ako pol mili\u00f3na zariaden\u00ed a vybavenia DVC.Spo\u013eahlivos\u0165 a d\u00f4vera Od svojho [&hellip;]<\/p>\n","protected":false},"author":9,"featured_media":0,"parent":0,"menu_order":0,"comment_status":"closed","ping_status":"closed","template":"","meta":{"_et_pb_use_builder":"on","_et_pb_old_content":"","_et_gb_content_width":"","footnotes":""},"class_list":["post-20307","page","type-page","status-publish","hentry"],"_links":{"self":[{"href":"https:\/\/www.dvc.video\/sk\/wp-json\/wp\/v2\/pages\/20307","targetHints":{"allow":["GET"]}}],"collection":[{"href":"https:\/\/www.dvc.video\/sk\/wp-json\/wp\/v2\/pages"}],"about":[{"href":"https:\/\/www.dvc.video\/sk\/wp-json\/wp\/v2\/types\/page"}],"author":[{"embeddable":true,"href":"https:\/\/www.dvc.video\/sk\/wp-json\/wp\/v2\/users\/9"}],"replies":[{"embeddable":true,"href":"https:\/\/www.dvc.video\/sk\/wp-json\/wp\/v2\/comments?post=20307"}],"version-history":[{"count":0,"href":"https:\/\/www.dvc.video\/sk\/wp-json\/wp\/v2\/pages\/20307\/revisions"}],"wp:attachment":[{"href":"https:\/\/www.dvc.video\/sk\/wp-json\/wp\/v2\/media?parent=20307"}],"curies":[{"name":"wp","href":"https:\/\/api.w.org\/{rel}","templated":true}]}}