{"id":20304,"date":"2021-03-09T11:26:05","date_gmt":"2021-03-09T10:26:05","guid":{"rendered":"https:\/\/www.dvc.video\/lpr-rozpoznavanie-spz\/"},"modified":"2023-03-28T10:26:15","modified_gmt":"2023-03-28T08:26:15","slug":"lpr-rozpoznavanie-spz","status":"publish","type":"page","link":"https:\/\/www.dvc.video\/sk\/lpr-rozpoznavanie-spz\/","title":{"rendered":"LPR &#8211; Rozpozn\u00e1vanie \u0160PZ"},"content":{"rendered":"<p>[et_pb_section fb_built=&#8220;1&#8243; _builder_version=&#8220;4.9.2&#8243; _module_preset=&#8220;default&#8220; background_enable_color=&#8220;off&#8220; background_image=&#8220;https:\/\/www.dvc.video\/wp-content\/uploads\/2021\/03\/bcg-red-triangle.jpg&#8220; height=&#8220;150px&#8220; height_last_edited=&#8220;off|desktop&#8220; custom_padding=&#8220;0px||0px||true|false&#8220; global_module=&#8220;793&#8243;][et_pb_row _builder_version=&#8220;4.9.2&#8243; _module_preset=&#8220;default&#8220;][et_pb_column type=&#8220;4_4&#8243; _builder_version=&#8220;4.9.2&#8243; _module_preset=&#8220;default&#8220;][et_pb_text _builder_version=&#8220;4.9.7&#8243; _dynamic_attributes=&#8220;content&#8220; _module_preset=&#8220;default&#8220; header_text_color=&#8220;#FFFFFF&#8220; header_line_height=&#8220;1.3em&#8220; header_font_size_tablet=&#8220;&#8220; header_font_size_phone=&#8220;&#8220; header_font_size_last_edited=&#8220;on|desktop&#8220;]@ET-DC@eyJkeW5hbWljIjp0cnVlLCJjb250ZW50IjoicG9zdF90aXRsZSIsInNldHRpbmdzIjp7ImJlZm9yZSI6IjxoMT4iLCJhZnRlciI6IjxcL2gxPiJ9fQ==@[\/et_pb_text][\/et_pb_column][\/et_pb_row][\/et_pb_section][et_pb_section fb_built=&#8220;1&#8243; _builder_version=&#8220;4.9.2&#8243; _module_preset=&#8220;default&#8220;][et_pb_row _builder_version=&#8220;4.9.2&#8243; _module_preset=&#8220;default&#8220;][et_pb_column type=&#8220;4_4&#8243; _builder_version=&#8220;4.9.2&#8243; _module_preset=&#8220;default&#8220;][et_pb_text _builder_version=&#8220;4.9.2&#8243; _module_preset=&#8220;default&#8220;]<\/p>\n<p>Kamery DVC LPR (License Plate Recognition) s\u00fa s\u00fa\u010das\u0165ou s\u00e9rie kamier DVC Special IP. Kamery LPR automaticky rozpozn\u00e1vaj\u00fa pozn\u00e1vacie zna\u010dky, a preto s\u00fa ide\u00e1lne na pou\u017eitie na chr\u00e1nen\u00fdch alebo s\u00fakromn\u00fdch parkovisk\u00e1ch, pri vjazde do vzdel\u00e1vacej in\u0161tit\u00facie, ako aj na \u010derpac\u00edch staniciach.<\/p>\n<p>Profesion\u00e1lna a prec\u00edzna in\u0161tal\u00e1cia a uvedenie do prev\u00e1dzky je pre spr\u00e1vnu funkciu LPR kamery ve\u013emi d\u00f4le\u017eit\u00e1. Bez oh\u013eadu na kvalitu samotnej kamery a zodpovedaj\u00faceho softv\u00e9ru, kvalita rozpozn\u00e1vania tabu\u013eky a spracovania d\u00e1t do zna\u010dnej miery z\u00e1vis\u00ed od podmienok na mieste a umiestnenia kamery LPR.<\/p>\n<p>[\/et_pb_text][et_pb_video src=&#8220;https:\/\/youtu.be\/Vvs2c6yEN6Q&#8220; _builder_version=&#8220;4.9.4&#8243; _module_preset=&#8220;default&#8220; width=&#8220;50%&#8220; width_tablet=&#8220;100%&#8220; width_phone=&#8220;&#8220; width_last_edited=&#8220;on|desktop&#8220; module_alignment=&#8220;center&#8220;][\/et_pb_video][et_pb_text _builder_version=&#8220;4.9.2&#8243; _module_preset=&#8220;default&#8220;]<\/p>\n<h2>Technick\u00e9 vlastnosti<\/h2>\n<p>IP videokamera LPR Bullet, rozl\u00ed\u0161enie 2Mpx \/ 25fps, objekt\u00edv 7 &#8211; 22 mm, 0,0026Lux@F1.2, SMART H.265, dosah IR LED 50-70 m, True WDR 120dB, 12VDC \/ PoE, Onvif, krytie IP67 .\/p>[\/et_pb_text][et_pb_text _builder_version=&#8220;4.9.2&#8243; _module_preset=&#8220;default&#8220;]<\/p>\n<h2><span>In\u0161tal\u00e1cia DVC LPR kamery <\/span><\/h2>\n<p>[\/et_pb_text][et_pb_video src=&#8220;https:\/\/youtu.be\/afy-Q-HIpT0&#8243; image_src=&#8220;\/\/i.ytimg.com\/vi\/afy-Q-HIpT0\/hqdefault.jpg&#8220; _builder_version=&#8220;4.9.4&#8243; _module_preset=&#8220;default&#8220; width=&#8220;50%&#8220; width_tablet=&#8220;100%&#8220; width_phone=&#8220;&#8220; width_last_edited=&#8220;on|tablet&#8220; module_alignment=&#8220;center&#8220;][\/et_pb_video][\/et_pb_column][\/et_pb_row][\/et_pb_section]<\/p>\n","protected":false},"excerpt":{"rendered":"<p>Kamery DVC LPR (License Plate Recognition) s\u00fa s\u00fa\u010das\u0165ou s\u00e9rie kamier DVC Special IP. Kamery LPR automaticky rozpozn\u00e1vaj\u00fa pozn\u00e1vacie zna\u010dky, a preto s\u00fa ide\u00e1lne na pou\u017eitie na chr\u00e1nen\u00fdch alebo s\u00fakromn\u00fdch parkovisk\u00e1ch, pri vjazde do vzdel\u00e1vacej in\u0161tit\u00facie, ako aj na \u010derpac\u00edch staniciach. Profesion\u00e1lna a prec\u00edzna in\u0161tal\u00e1cia a uvedenie do prev\u00e1dzky je pre spr\u00e1vnu funkciu LPR kamery ve\u013emi [&hellip;]<\/p>\n","protected":false},"author":9,"featured_media":0,"parent":0,"menu_order":0,"comment_status":"closed","ping_status":"closed","template":"","meta":{"_et_pb_use_builder":"on","_et_pb_old_content":"","_et_gb_content_width":"","footnotes":""},"class_list":["post-20304","page","type-page","status-publish","hentry"],"_links":{"self":[{"href":"https:\/\/www.dvc.video\/sk\/wp-json\/wp\/v2\/pages\/20304","targetHints":{"allow":["GET"]}}],"collection":[{"href":"https:\/\/www.dvc.video\/sk\/wp-json\/wp\/v2\/pages"}],"about":[{"href":"https:\/\/www.dvc.video\/sk\/wp-json\/wp\/v2\/types\/page"}],"author":[{"embeddable":true,"href":"https:\/\/www.dvc.video\/sk\/wp-json\/wp\/v2\/users\/9"}],"replies":[{"embeddable":true,"href":"https:\/\/www.dvc.video\/sk\/wp-json\/wp\/v2\/comments?post=20304"}],"version-history":[{"count":0,"href":"https:\/\/www.dvc.video\/sk\/wp-json\/wp\/v2\/pages\/20304\/revisions"}],"wp:attachment":[{"href":"https:\/\/www.dvc.video\/sk\/wp-json\/wp\/v2\/media?parent=20304"}],"curies":[{"name":"wp","href":"https:\/\/api.w.org\/{rel}","templated":true}]}}