{"id":20301,"date":"2021-03-09T11:24:43","date_gmt":"2021-03-09T10:24:43","guid":{"rendered":"https:\/\/www.dvc.video\/rozpoznavanie-tvare\/"},"modified":"2023-03-28T10:23:40","modified_gmt":"2023-03-28T08:23:40","slug":"rozpoznavanie-tvare","status":"publish","type":"page","link":"https:\/\/www.dvc.video\/sk\/rozpoznavanie-tvare\/","title":{"rendered":"Rozpozn\u00e1vanie tv\u00e1re"},"content":{"rendered":"<p>[et_pb_section fb_built=&#8220;1&#8243; _builder_version=&#8220;4.9.2&#8243; _module_preset=&#8220;default&#8220; background_enable_color=&#8220;off&#8220; background_image=&#8220;https:\/\/www.dvc.video\/wp-content\/uploads\/2021\/03\/bcg-red-triangle.jpg&#8220; height=&#8220;150px&#8220; height_last_edited=&#8220;off|desktop&#8220; custom_padding=&#8220;0px||0px||true|false&#8220; global_module=&#8220;793&#8243;][et_pb_row _builder_version=&#8220;4.9.2&#8243; _module_preset=&#8220;default&#8220;][et_pb_column type=&#8220;4_4&#8243; _builder_version=&#8220;4.9.2&#8243; _module_preset=&#8220;default&#8220;][et_pb_text _builder_version=&#8220;4.9.7&#8243; _dynamic_attributes=&#8220;content&#8220; _module_preset=&#8220;default&#8220; header_text_color=&#8220;#FFFFFF&#8220; header_line_height=&#8220;1.3em&#8220; header_font_size_tablet=&#8220;&#8220; header_font_size_phone=&#8220;&#8220; header_font_size_last_edited=&#8220;on|desktop&#8220;]@ET-DC@eyJkeW5hbWljIjp0cnVlLCJjb250ZW50IjoicG9zdF90aXRsZSIsInNldHRpbmdzIjp7ImJlZm9yZSI6IjxoMT4iLCJhZnRlciI6IjxcL2gxPiJ9fQ==@[\/et_pb_text][\/et_pb_column][\/et_pb_row][\/et_pb_section][et_pb_section fb_built=&#8220;1&#8243; _builder_version=&#8220;4.9.2&#8243; _module_preset=&#8220;default&#8220;][et_pb_row _builder_version=&#8220;4.9.2&#8243; _module_preset=&#8220;default&#8220;][et_pb_column type=&#8220;4_4&#8243; _builder_version=&#8220;4.9.2&#8243; _module_preset=&#8220;default&#8220;][et_pb_text _builder_version=&#8220;4.9.2&#8243; _module_preset=&#8220;default&#8220;]<\/p>\n<p>Kamery DVC IP Face Recognition s\u00fa s\u00fa\u010das\u0165ou s\u00e9rie videodoh\u013eadov DVC Special IP a pou\u017e\u00edvaj\u00fa sa na detekciu a rozpozn\u00e1vanie tv\u00e1r\u00ed z datab\u00e1zy v re\u00e1lnom \u010dase. Kamery s funkciou rozpozn\u00e1vania tv\u00e1re sa naj\u010dastej\u0161ie umiest\u0148uj\u00fa pri vstupe do priestorov na identifik\u00e1ciu zamestnancov a n\u00e1v\u0161tevn\u00edkov. T\u00fdmto sp\u00f4sobom je kontrolovan\u00fd pr\u00edstup do chr\u00e1nen\u00e9ho priestoru. Tieto kamery sa odpor\u00fa\u010daj\u00fa na pou\u017eitie v obchodoch, n\u00e1kupn\u00fdch centr\u00e1ch, re\u0161taur\u00e1ci\u00e1ch alebo kas\u00ednach a v\u0161ade tam, kde sa vy\u017eaduje identifik\u00e1cia tv\u00e1re.<\/p>\n<p>[\/et_pb_text][et_pb_video src=&#8220;https:\/\/youtu.be\/FO4nKSC4vp0&#8243; _builder_version=&#8220;4.9.4&#8243; _module_preset=&#8220;default&#8220; width=&#8220;50%&#8220; width_tablet=&#8220;100%&#8220; width_phone=&#8220;&#8220; width_last_edited=&#8220;on|phone&#8220; module_alignment=&#8220;center&#8220; width__hover_enabled=&#8220;off|desktop&#8220;][\/et_pb_video][et_pb_text _builder_version=&#8220;4.9.2&#8243; _module_preset=&#8220;default&#8220;]<\/p>\n<h2>Technick\u00e9 vlastnosti<\/h2>\n<p>Kamery IP Face Recognition mo\u017eno pou\u017ei\u0165 aj samostatne, bez rekord\u00e9ra, s mo\u017enos\u0165ou ulo\u017eenia datab\u00e1zy na lok\u00e1lnu SD kartu a obsahuj\u00fa technol\u00f3giu Sony Starlight, biele svetlo, True WDR 120dB a 7-22 mm moto-zoom objekt\u00edv.<\/p>\n<p>[\/et_pb_text][et_pb_text _builder_version=&#8220;4.9.2&#8243; _module_preset=&#8220;default&#8220;]<\/p>\n<h2>NVMS 2.0<\/h2>\n<p>NVMS 2.0 je platforma na spr\u00e1vu a monitorovanie video syst\u00e9mov DVC. Podporovan\u00e9 je prezeranie v re\u00e1lnom \u010dase, ukladanie, prehr\u00e1vanie a s\u0165ahovanie nahr\u00e1vok, dek\u00f3dovanie na TV stene, ovl\u00e1danie kl\u00e1vesnicou, ovl\u00e1danie alarmov\u00fdch vstupov a v\u00fdstupov, ako aj inteligentn\u00e1 anal\u00fdza videa. Preto m\u00f4\u017ee NVMS 2.0 sp\u013a\u0148a\u0165 po\u017eiadavky z\u00e1kazn\u00edkov na centralizovan\u00fa spr\u00e1vu videa a m\u00f4\u017ee by\u0165 \u0161iroko pou\u017e\u00edvan\u00fd pri video monitorovan\u00ed priemyseln\u00fdch parkov, vzdel\u00e1vac\u00edch are\u00e1lov, bankov\u00fdch kancel\u00e1ri\u00ed, obchodn\u00fdch re\u0165azcov a komplexov budov.<\/p>\n<p>[\/et_pb_text][\/et_pb_column][\/et_pb_row][\/et_pb_section]<\/p>\n","protected":false},"excerpt":{"rendered":"<p>Kamery DVC IP Face Recognition s\u00fa s\u00fa\u010das\u0165ou s\u00e9rie videodoh\u013eadov DVC Special IP a pou\u017e\u00edvaj\u00fa sa na detekciu a rozpozn\u00e1vanie tv\u00e1r\u00ed z datab\u00e1zy v re\u00e1lnom \u010dase. Kamery s funkciou rozpozn\u00e1vania tv\u00e1re sa naj\u010dastej\u0161ie umiest\u0148uj\u00fa pri vstupe do priestorov na identifik\u00e1ciu zamestnancov a n\u00e1v\u0161tevn\u00edkov. T\u00fdmto sp\u00f4sobom je kontrolovan\u00fd pr\u00edstup do chr\u00e1nen\u00e9ho priestoru. Tieto kamery sa odpor\u00fa\u010daj\u00fa na [&hellip;]<\/p>\n","protected":false},"author":9,"featured_media":0,"parent":0,"menu_order":0,"comment_status":"closed","ping_status":"closed","template":"","meta":{"_et_pb_use_builder":"on","_et_pb_old_content":"","_et_gb_content_width":"","footnotes":""},"class_list":["post-20301","page","type-page","status-publish","hentry"],"_links":{"self":[{"href":"https:\/\/www.dvc.video\/sk\/wp-json\/wp\/v2\/pages\/20301","targetHints":{"allow":["GET"]}}],"collection":[{"href":"https:\/\/www.dvc.video\/sk\/wp-json\/wp\/v2\/pages"}],"about":[{"href":"https:\/\/www.dvc.video\/sk\/wp-json\/wp\/v2\/types\/page"}],"author":[{"embeddable":true,"href":"https:\/\/www.dvc.video\/sk\/wp-json\/wp\/v2\/users\/9"}],"replies":[{"embeddable":true,"href":"https:\/\/www.dvc.video\/sk\/wp-json\/wp\/v2\/comments?post=20301"}],"version-history":[{"count":0,"href":"https:\/\/www.dvc.video\/sk\/wp-json\/wp\/v2\/pages\/20301\/revisions"}],"wp:attachment":[{"href":"https:\/\/www.dvc.video\/sk\/wp-json\/wp\/v2\/media?parent=20301"}],"curies":[{"name":"wp","href":"https:\/\/api.w.org\/{rel}","templated":true}]}}