{"id":20298,"date":"2021-03-09T11:23:02","date_gmt":"2021-03-09T10:23:02","guid":{"rendered":"https:\/\/www.dvc.video\/ip-video-dohlad\/"},"modified":"2023-03-28T09:33:38","modified_gmt":"2023-03-28T07:33:38","slug":"ip-video-dohlad","status":"publish","type":"page","link":"https:\/\/www.dvc.video\/sk\/ip-video-dohlad\/","title":{"rendered":"IP video doh\u013ead"},"content":{"rendered":"<p>[et_pb_section fb_built=&#8220;1&#8243; _builder_version=&#8220;4.9.2&#8243; _module_preset=&#8220;default&#8220; background_enable_color=&#8220;off&#8220; background_image=&#8220;https:\/\/www.dvc.video\/wp-content\/uploads\/2021\/03\/bcg-red-triangle.jpg&#8220; height=&#8220;150px&#8220; height_last_edited=&#8220;off|desktop&#8220; custom_padding=&#8220;0px||0px||true|false&#8220; global_module=&#8220;793&#8243;][et_pb_row _builder_version=&#8220;4.9.2&#8243; _module_preset=&#8220;default&#8220;][et_pb_column type=&#8220;4_4&#8243; _builder_version=&#8220;4.9.2&#8243; _module_preset=&#8220;default&#8220;][et_pb_text _builder_version=&#8220;4.9.7&#8243; _dynamic_attributes=&#8220;content&#8220; _module_preset=&#8220;default&#8220; header_text_color=&#8220;#FFFFFF&#8220; header_line_height=&#8220;1.3em&#8220; header_font_size_tablet=&#8220;&#8220; header_font_size_phone=&#8220;&#8220; header_font_size_last_edited=&#8220;on|desktop&#8220;]@ET-DC@eyJkeW5hbWljIjp0cnVlLCJjb250ZW50IjoicG9zdF90aXRsZSIsInNldHRpbmdzIjp7ImJlZm9yZSI6IjxoMT4iLCJhZnRlciI6IjxcL2gxPiJ9fQ==@[\/et_pb_text][\/et_pb_column][\/et_pb_row][\/et_pb_section][et_pb_section fb_built=&#8220;1&#8243; _builder_version=&#8220;4.9.2&#8243; _module_preset=&#8220;default&#8220;][et_pb_row _builder_version=&#8220;4.9.2&#8243; _module_preset=&#8220;default&#8220;][et_pb_column type=&#8220;4_4&#8243; _builder_version=&#8220;4.9.2&#8243; _module_preset=&#8220;default&#8220;][et_pb_text _builder_version=&#8220;4.9.2&#8243; _module_preset=&#8220;default&#8220;]<\/p>\n<p>DVC IP video monitorovacie syst\u00e9my maj\u00fa lep\u0161iu kvalitu obrazu, umo\u017e\u0148uj\u00fa identifik\u00e1ciu os\u00f4b a lep\u0161ie vn\u00edmanie detailov v z\u00e1zname. Preto sa vyu\u017e\u00edvaj\u00fa predov\u0161etk\u00fdm na ochranu zlo\u017eitej\u0161\u00edch, rizikovej\u0161\u00edch objektov a vo\u013en\u00fdch pl\u00f4ch. Najv\u00e4\u010d\u0161ie v\u00fdhody IP video sledovania s\u00fa mo\u017enos\u0165 sie\u0165ovania, integr\u00e1cia s in\u00fdmi technick\u00fdmi syst\u00e9mami v budove, vzdialen\u00e9 monitorovanie, ultravysok\u00e9 rozl\u00ed\u0161enie a video anal\u00fdza. Inteligentn\u00e1 kompresia H.265 poskytuje lep\u0161iu kvalitu videa, v\u00fdrazne vy\u0161\u0161iu kompresiu d\u00e1t v porovnan\u00ed s H.265+, zn\u00ed\u017eenie bitovej r\u00fdchlosti a\u017e o 50 %, men\u0161ie oneskorenie videosign\u00e1lu, men\u0161ie vyu\u017eitie d\u00e1tov\u00e9ho priestoru na ukladanie videa, nastavenie parametrov a ovl\u00e1danie v\u0161etk\u00fdch kamier cez NVR.<\/p>\n<p>[\/et_pb_text][et_pb_text _builder_version=&#8220;4.9.2&#8243; _module_preset=&#8220;default&#8220;]<\/p>\n<h2>Rozl\u00ed\u0161enie a\u017e 8 Mpx<\/h2>\n<p>So zaveden\u00edm nov\u00e9ho kompresn\u00e9ho \u0161tandardu Smart H.265 prisp\u00f4soben\u00e9ho na sie\u0165ov\u00fd prenos obrazu s vysok\u00fdm rozl\u00ed\u0161en\u00edm a\u017e 8Mpx, v s\u00falade s nov\u00fdm \u0161tandardom 4K ( UltraHD ), umo\u017e\u0148uj\u00fa DVC IP kamery zobrazenie v \u0161irokom rozsahu rozl\u00ed\u0161en\u00ed. Kombin\u00e1cia r\u00f4znych kamier vych\u00e1dza v \u00fastrety potreb\u00e1m pou\u017e\u00edvate\u013eov na zobrazenie v\u00e4\u010d\u0161\u00edch \u010di men\u0161\u00edch detailov .<\/p>\n<p>[\/et_pb_text][et_pb_text _builder_version=&#8220;4.9.2&#8243; _module_preset=&#8220;default&#8220;]<\/p>\n<h2>PoE nap\u00e1janie<\/h2>\n<p>Du\u00e1lne nap\u00e1janie DVC IP kamier umo\u017e\u0148uje, \u017ee m\u00f4\u017eu by\u0165 nap\u00e1jan\u00e9 bu\u010f extern\u00fdm 12V DC nap\u00e1jan\u00edm alebo cez PoE rekord\u00e9ra priamo pripojen\u00e9 UTP k\u00e1blom ku konektoru RJ45, \u010do v\u00fdrazne zjednodu\u0161uje in\u0161tal\u00e1ciu. Pre rekord\u00e9ry, ktor\u00e9 nemaj\u00fa PoE, s\u00fa kamery nap\u00e1jan\u00e9 pripojen\u00edm k \u010fal\u0161\u00edm PoE prep\u00edna\u010dom.<\/p>\n<p>[\/et_pb_text][et_pb_text _builder_version=&#8220;4.9.2&#8243; _module_preset=&#8220;default&#8220;]<\/p>\n<h2>Analytika videa<\/h2>\n<p>Analytika videa umo\u017e\u0148uje r\u00fdchlej\u0161ie vyh\u013ead\u00e1vanie a anal\u00fdzu vide\u00ed s cie\u013eom r\u00fdchlo n\u00e1js\u0165 udalosti kritick\u00e9 z h\u013eadiska zabezpe\u010denia. Analytika videa tie\u017e umo\u017e\u0148uje presn\u00fa detekciu \u013eud\u00ed alebo vozidiel, pri\u010dom ignoruje zvierat\u00e1 a in\u00e9 be\u017en\u00e9 predmety. Zaznamenan\u00e9 udalosti iniciovan\u00e9 falo\u0161n\u00fdmi poplachmi, teda udalosti iniciovan\u00e9 in\u00fdmi objektmi, s\u00fa tak prakticky neutralizovan\u00e9. Pokro\u010dil\u00e9 funkcie anal\u00fdzy videa umo\u017e\u0148uj\u00fa aj rozpozn\u00e1vanie tv\u00e1re, rozpozn\u00e1vanie \u0160PZ vozidiel a po\u010d\u00edtanie os\u00f4b alebo vozidiel pri vstupe a v\u00fdstupe.<\/p>\n<p>[\/et_pb_text][et_pb_text _builder_version=&#8220;4.9.2&#8243; _module_preset=&#8220;default&#8220;]<\/p>\n<h2>IP kamery Extreme Dark, Starlight a FishEye DVC<\/h2>\n<p>Technol\u00f3gia Extreme Dark umo\u017e\u0148uje sledovanie obrazu z DVC IP farebnej kamery v extr\u00e9mne slab\u00fdch sveteln\u00fdch podmienkach. Na tento \u00fa\u010del sl\u00fa\u017eia video senzory s maxim\u00e1lnou clonou F1,0 a pr\u00eddavn\u00e9 LED osvetlenie, ktor\u00e9 sa automaticky zapne, ke\u010f \u00farove\u0148 vonkaj\u0161ieho svetla klesne pod vidite\u013en\u00fa \u00farove\u0148.<\/p>\n<p>Technol\u00f3gia Sony STARVIS alebo &#8222;Starlight&#8220; poskytuje kvalitn\u00fd farebn\u00fd obraz v noci a za zl\u00fdch sveteln\u00fdch podmienok s vysoko citliv\u00fdm video senzorom 0,002 Lux.<\/p>\n<p>\u0160irokouhl\u00e1 kamera FishEye namontovan\u00e1 na strope umo\u017en\u00ed 360\u02da doh\u013ead. Ide o efekt\u00edvne rie\u0161enie, ktor\u00e9 sa \u013eahko in\u0161taluje a je navrhnut\u00e9 tak, aby pokrylo ve\u013ek\u00fa plochu jednou kamerou.<\/p>\n<p>[\/et_pb_text][et_pb_text _builder_version=&#8220;4.9.2&#8243; _module_preset=&#8220;default&#8220;]<\/p>\n<h2>True WDR<\/h2>\n<p>Niektor\u00e9 DVC kamery maj\u00fa pokro\u010dil\u00fa funkciu \u0161irok\u00e9ho dynamick\u00e9ho rozsahu (True WDR 120dB) a poskytuj\u00fa \u010dist\u00fd obraz v r\u00f4znych form\u00e1toch sc\u00e9n, aj ke\u010f je protisvetlo extr\u00e9mne intenz\u00edvne. Ak je True WDR kamera nasmerovan\u00e1 na okno alebo vchod, vyrovn\u00e1 jas a t\u00fdm reprodukuje z\u00e1znam so v\u0161etk\u00fdmi detailmi sc\u00e9ny.<\/p>\n<p>[\/et_pb_text][et_pb_text _builder_version=&#8220;4.9.2&#8243; _module_preset=&#8220;default&#8220;]<\/p>\n<h2>Moto zoom objekt\u00edv<\/h2>\n<p>Motorizovan\u00fd zoom alebo varifok\u00e1lna \u0161o\u0161ovka je \u0161o\u0161ovka vo vn\u00fatri kamery, ktor\u00e1 pomocou motora pribl\u00ed\u017ei kameru na definovan\u00fa \u010das\u0165 sc\u00e9ny. To umo\u017e\u0148uje pribl\u00ed\u017ei\u0165 obraz kamery na nahr\u00e1vanie viacer\u00fdch detailov zaznamen\u00e1vanej oblasti, a to na dia\u013eku cez rekord\u00e9r (DVR, NVR), alebo prostredn\u00edctvom softv\u00e9ru cez internet a mobiln\u00e9 aplik\u00e1cie. Skr\u00e1tka, bez oh\u013eadu na vzdialenos\u0165 od kamery si m\u00f4\u017ee pou\u017e\u00edvate\u013e jednoduch\u00fdm stla\u010den\u00edm tla\u010didla nastavi\u0165 jej objekt\u00edv.<\/p>\n<p>[\/et_pb_text][\/et_pb_column][\/et_pb_row][\/et_pb_section]<\/p>\n","protected":false},"excerpt":{"rendered":"<p>DVC IP video monitorovacie syst\u00e9my maj\u00fa lep\u0161iu kvalitu obrazu, umo\u017e\u0148uj\u00fa identifik\u00e1ciu os\u00f4b a lep\u0161ie vn\u00edmanie detailov v z\u00e1zname. Preto sa vyu\u017e\u00edvaj\u00fa predov\u0161etk\u00fdm na ochranu zlo\u017eitej\u0161\u00edch, rizikovej\u0161\u00edch objektov a vo\u013en\u00fdch pl\u00f4ch. Najv\u00e4\u010d\u0161ie v\u00fdhody IP video sledovania s\u00fa mo\u017enos\u0165 sie\u0165ovania, integr\u00e1cia s in\u00fdmi technick\u00fdmi syst\u00e9mami v budove, vzdialen\u00e9 monitorovanie, ultravysok\u00e9 rozl\u00ed\u0161enie a video anal\u00fdza. Inteligentn\u00e1 kompresia H.265 [&hellip;]<\/p>\n","protected":false},"author":9,"featured_media":0,"parent":0,"menu_order":0,"comment_status":"closed","ping_status":"closed","template":"","meta":{"_et_pb_use_builder":"on","_et_pb_old_content":"","_et_gb_content_width":"","footnotes":""},"class_list":["post-20298","page","type-page","status-publish","hentry"],"_links":{"self":[{"href":"https:\/\/www.dvc.video\/sk\/wp-json\/wp\/v2\/pages\/20298","targetHints":{"allow":["GET"]}}],"collection":[{"href":"https:\/\/www.dvc.video\/sk\/wp-json\/wp\/v2\/pages"}],"about":[{"href":"https:\/\/www.dvc.video\/sk\/wp-json\/wp\/v2\/types\/page"}],"author":[{"embeddable":true,"href":"https:\/\/www.dvc.video\/sk\/wp-json\/wp\/v2\/users\/9"}],"replies":[{"embeddable":true,"href":"https:\/\/www.dvc.video\/sk\/wp-json\/wp\/v2\/comments?post=20298"}],"version-history":[{"count":0,"href":"https:\/\/www.dvc.video\/sk\/wp-json\/wp\/v2\/pages\/20298\/revisions"}],"wp:attachment":[{"href":"https:\/\/www.dvc.video\/sk\/wp-json\/wp\/v2\/media?parent=20298"}],"curies":[{"name":"wp","href":"https:\/\/api.w.org\/{rel}","templated":true}]}}