{"id":20295,"date":"2021-03-09T11:25:07","date_gmt":"2021-03-09T10:25:07","guid":{"rendered":"https:\/\/www.dvc.video\/pocitanie-ludi\/"},"modified":"2023-03-28T09:27:11","modified_gmt":"2023-03-28T07:27:11","slug":"pocitanie-ludi","status":"publish","type":"page","link":"https:\/\/www.dvc.video\/sk\/pocitanie-ludi\/","title":{"rendered":"Po\u010d\u00edtanie \u013eud\u00ed"},"content":{"rendered":"<p>[et_pb_section fb_built=&#8220;1&#8243; _builder_version=&#8220;4.9.2&#8243; _module_preset=&#8220;default&#8220; background_enable_color=&#8220;off&#8220; background_image=&#8220;https:\/\/www.dvc.video\/wp-content\/uploads\/2021\/03\/bcg-red-triangle.jpg&#8220; height=&#8220;150px&#8220; height_last_edited=&#8220;off|desktop&#8220; custom_padding=&#8220;0px||0px||true|false&#8220; global_module=&#8220;793&#8243;][et_pb_row _builder_version=&#8220;4.9.2&#8243; _module_preset=&#8220;default&#8220;][et_pb_column type=&#8220;4_4&#8243; _builder_version=&#8220;4.9.2&#8243; _module_preset=&#8220;default&#8220;][et_pb_text _builder_version=&#8220;4.9.7&#8243; _dynamic_attributes=&#8220;content&#8220; _module_preset=&#8220;default&#8220; header_text_color=&#8220;#FFFFFF&#8220; header_line_height=&#8220;1.3em&#8220; header_font_size_tablet=&#8220;&#8220; header_font_size_phone=&#8220;&#8220; header_font_size_last_edited=&#8220;on|desktop&#8220;]@ET-DC@eyJkeW5hbWljIjp0cnVlLCJjb250ZW50IjoicG9zdF90aXRsZSIsInNldHRpbmdzIjp7ImJlZm9yZSI6IjxoMT4iLCJhZnRlciI6IjxcL2gxPiJ9fQ==@[\/et_pb_text][\/et_pb_column][\/et_pb_row][\/et_pb_section][et_pb_section fb_built=&#8220;1&#8243; _builder_version=&#8220;4.9.2&#8243; _module_preset=&#8220;default&#8220;][et_pb_row _builder_version=&#8220;4.9.2&#8243; _module_preset=&#8220;default&#8220;][et_pb_column type=&#8220;4_4&#8243; _builder_version=&#8220;4.9.2&#8243; _module_preset=&#8220;default&#8220;][et_pb_text _builder_version=&#8220;4.9.4&#8243; _module_preset=&#8220;default&#8220;]Kamery s\u00e9rie DVC Special a Supreme IP umo\u017e\u0148uj\u00fa po\u010d\u00edta\u0165 \u013eud\u00ed v\u010faka pokro\u010dilej anal\u00fdze videa. Je mo\u017en\u00e9 spo\u010d\u00edta\u0165 po\u010det pr\u00edchodov, odchodov a vypo\u010d\u00edta\u0165 celkov\u00fd po\u010det os\u00f4b pr\u00edtomn\u00fdch v priestoroch. Kamery so schopnos\u0165ou po\u010d\u00edtania n\u00e1v\u0161tevn\u00edkov s\u00fa v\u00e4\u010d\u0161inou umiestnen\u00e9 pri vchodoch do obchodov, kongresov\u00fdch \u010di \u0161portov\u00fdch centier .<\/p>\n<p>Tieto inteligentn\u00e9 rie\u0161enia umo\u017enia presn\u00fa anal\u00fdzu efektivity n\u00e1kupn\u00e9ho centra alebo predajne, ako aj lep\u0161iu celkov\u00fa organiz\u00e1ciu zamestnancov a predajn\u00fdch procesov.<\/p>\n<p>Zatia\u013e \u010do po\u010det \u013eud\u00ed v predajni je men\u0161\u00ed ako maxim\u00e1lny stanoven\u00fd po\u010det &#8211; vstup je povolen\u00fd. Ke\u010f po\u010det os\u00f4b dosiahne stanoven\u00e9 maximum, vstup nie je povolen\u00fd a a\u017e ke\u010f prv\u00e1 osoba vyst\u00fapi a po\u010det klesne pod maxim\u00e1lny povolen\u00fd po\u010det os\u00f4b v predajni, je vstup povolen\u00fd znova.<\/p>\n<ul>\n<li>Samostatn\u00e9 rie\u0161enie pre po\u010d\u00edtanie \u013eud\u00ed v predajni cez DVC kameru<\/li>\n<li>Definovanie povolen\u00e9ho po\u010dtu os\u00f4b priamo na kamere cez lok\u00e1lny po\u010d\u00edta\u010d<\/li>\n<li>Mo\u017enos\u0165 uzamknutia \/ odomknutia dver\u00ed prostredn\u00edctvom rel\u00e9 v\u00fdstupu rekord\u00e9ra<\/li>\n<li>\u2022\tSchopnos\u0165 ozna\u010di\u0165 stav vstupu<\/li>\n<\/ul>\n<p>[\/et_pb_text][et_pb_video src=&#8220;https:\/\/youtu.be\/2MqlieADuSI&#8220; _builder_version=&#8220;4.9.4&#8243; _module_preset=&#8220;default&#8220; width=&#8220;50%&#8220; width_tablet=&#8220;100%&#8220; width_phone=&#8220;&#8220; width_last_edited=&#8220;on|phone&#8220; module_alignment=&#8220;center&#8220;][\/et_pb_video][\/et_pb_column][\/et_pb_row][\/et_pb_section]<\/p>\n","protected":false},"excerpt":{"rendered":"<p>Kamery s\u00e9rie DVC Special a Supreme IP umo\u017e\u0148uj\u00fa po\u010d\u00edta\u0165 \u013eud\u00ed v\u010faka pokro\u010dilej anal\u00fdze videa. Je mo\u017en\u00e9 spo\u010d\u00edta\u0165 po\u010det pr\u00edchodov, odchodov a vypo\u010d\u00edta\u0165 celkov\u00fd po\u010det os\u00f4b pr\u00edtomn\u00fdch v priestoroch. Kamery so schopnos\u0165ou po\u010d\u00edtania n\u00e1v\u0161tevn\u00edkov s\u00fa v\u00e4\u010d\u0161inou umiestnen\u00e9 pri vchodoch do obchodov, kongresov\u00fdch \u010di \u0161portov\u00fdch centier . Tieto inteligentn\u00e9 rie\u0161enia umo\u017enia presn\u00fa anal\u00fdzu efektivity n\u00e1kupn\u00e9ho centra alebo [&hellip;]<\/p>\n","protected":false},"author":9,"featured_media":0,"parent":0,"menu_order":0,"comment_status":"closed","ping_status":"closed","template":"","meta":{"_et_pb_use_builder":"on","_et_pb_old_content":"","_et_gb_content_width":"","footnotes":""},"class_list":["post-20295","page","type-page","status-publish","hentry"],"_links":{"self":[{"href":"https:\/\/www.dvc.video\/sk\/wp-json\/wp\/v2\/pages\/20295","targetHints":{"allow":["GET"]}}],"collection":[{"href":"https:\/\/www.dvc.video\/sk\/wp-json\/wp\/v2\/pages"}],"about":[{"href":"https:\/\/www.dvc.video\/sk\/wp-json\/wp\/v2\/types\/page"}],"author":[{"embeddable":true,"href":"https:\/\/www.dvc.video\/sk\/wp-json\/wp\/v2\/users\/9"}],"replies":[{"embeddable":true,"href":"https:\/\/www.dvc.video\/sk\/wp-json\/wp\/v2\/comments?post=20295"}],"version-history":[{"count":0,"href":"https:\/\/www.dvc.video\/sk\/wp-json\/wp\/v2\/pages\/20295\/revisions"}],"wp:attachment":[{"href":"https:\/\/www.dvc.video\/sk\/wp-json\/wp\/v2\/media?parent=20295"}],"curies":[{"name":"wp","href":"https:\/\/api.w.org\/{rel}","templated":true}]}}