{"id":20292,"date":"2021-03-09T11:23:17","date_gmt":"2021-03-09T10:23:17","guid":{"rendered":"https:\/\/www.dvc.video\/analogovy-hd-video-dohlad\/"},"modified":"2023-04-24T08:05:55","modified_gmt":"2023-04-24T06:05:55","slug":"analogovy-hd-video-dohlad","status":"publish","type":"page","link":"https:\/\/www.dvc.video\/sk\/analogovy-hd-video-dohlad\/","title":{"rendered":"Anal\u00f3gov\u00fd HD video doh\u013ead"},"content":{"rendered":"<p>[et_pb_section fb_built=&#8220;1&#8243; _builder_version=&#8220;4.20.2&#8243; _module_preset=&#8220;default&#8220; background_enable_color=&#8220;off&#8220; background_image=&#8220;https:\/\/www.dvc.video\/wp-content\/uploads\/2021\/03\/bcg-red-triangle.jpg&#8220; height=&#8220;150px&#8220; height_last_edited=&#8220;off|desktop&#8220; custom_padding=&#8220;34px||34px||true|false&#8220; global_module=&#8220;793&#8243; saved_tabs=&#8220;all&#8220; global_colors_info=&#8220;{}&#8220;][et_pb_row _builder_version=&#8220;4.16&#8243; _module_preset=&#8220;default&#8220; global_colors_info=&#8220;{}&#8220;][et_pb_column type=&#8220;4_4&#8243; _builder_version=&#8220;4.16&#8243; _module_preset=&#8220;default&#8220; global_colors_info=&#8220;{}&#8220;][et_pb_text _builder_version=&#8220;4.20.0&#8243; _dynamic_attributes=&#8220;content&#8220; _module_preset=&#8220;default&#8220; header_text_color=&#8220;#FFFFFF&#8220; header_line_height=&#8220;1.3em&#8220; header_font_size_tablet=&#8220;&#8220; header_font_size_phone=&#8220;&#8220; header_font_size_last_edited=&#8220;on|desktop&#8220; global_colors_info=&#8220;{}&#8220;]@ET-DC@eyJkeW5hbWljIjp0cnVlLCJjb250ZW50IjoicG9zdF90aXRsZSIsInNldHRpbmdzIjp7ImJlZm9yZSI6IjxoMT4iLCJhZnRlciI6IjxcL2gxPiJ9fQ==@[\/et_pb_text][\/et_pb_column][\/et_pb_row][\/et_pb_section][et_pb_section fb_built=&#8220;1&#8243; _builder_version=&#8220;4.16&#8243; _module_preset=&#8220;default&#8220; global_colors_info=&#8220;{}&#8220;][et_pb_row _builder_version=&#8220;4.16&#8243; _module_preset=&#8220;default&#8220; global_colors_info=&#8220;{}&#8220;][et_pb_column type=&#8220;4_4&#8243; _builder_version=&#8220;4.16&#8243; _module_preset=&#8220;default&#8220; global_colors_info=&#8220;{}&#8220;][et_pb_text _builder_version=&#8220;4.16&#8243; _module_preset=&#8220;default&#8220; global_colors_info=&#8220;{}&#8220;]<\/p>\n<p>Video monitorovacie syst\u00e9my DVC AHD sa naj\u010dastej\u0161ie pou\u017e\u00edvaj\u00fa na zabezpe\u010denie obytn\u00fdch a komer\u010dn\u00fdch priestorov t\u00fdch pou\u017e\u00edvate\u013eov, ktor\u00ed chc\u00fa vylep\u0161i\u0165 existuj\u00faci anal\u00f3gov\u00fd syst\u00e9m bez v\u00fdmeny existuj\u00facich in\u0161tal\u00e1ci\u00ed koaxi\u00e1lnych k\u00e1blov.<\/p>\n<p>Pomocou anal\u00f3gov\u00e9ho prenosu video sign\u00e1lov cez koaxi\u00e1lny k\u00e1bel na vzdialenos\u0165 a\u017e 500 m je anal\u00f3gov\u00e1 HD technol\u00f3gia navrhnut\u00e1 pre anal\u00f3gov\u00fd video monitorovac\u00ed syst\u00e9m, ktor\u00fd v\u0161ak dok\u00e1\u017ee pokry\u0165 ve\u013ek\u00fa oblas\u0165 obrazom s megapixelov\u00fdm rozl\u00ed\u0161en\u00edm.<\/p>\n<p>[\/et_pb_text][et_pb_text _builder_version=&#8220;4.20.4&#8243; _module_preset=&#8220;default&#8220; hover_enabled=&#8220;0&#8243; global_colors_info=&#8220;{}&#8220; sticky_enabled=&#8220;0&#8243;]<\/p>\n<h2>Rozl\u00ed\u0161enie a\u017e 8 Mpx cez koaxi\u00e1lny k\u00e1bel<\/h2>\n<p>S rozl\u00ed\u0161en\u00edm 8 Mpx sa anal\u00f3gov\u00e1 HD technol\u00f3gia pribl\u00ed\u017eila IP videu. Pomocou anal\u00f3gov\u00e9ho prenosu video sign\u00e1lu cez koaxi\u00e1lny k\u00e1bel umo\u017e\u0148uje anal\u00f3gov\u00e1 HD technol\u00f3gia vytvori\u0165 video monitorovac\u00ed syst\u00e9m, ktor\u00fd dok\u00e1\u017ee pokry\u0165 ve\u013ek\u00fa oblas\u0165, s vynikaj\u00facou kvalitou obrazu s rozl\u00ed\u0161en\u00edm 8Mpx, 5Mpx, 4Mpx, 2Mpx alebo 1Mpx.<\/p>\n<p>[\/et_pb_text][et_pb_text _builder_version=&#8220;4.20.4&#8243; _module_preset=&#8220;default&#8220; hover_enabled=&#8220;0&#8243; global_colors_info=&#8220;{}&#8220; sticky_enabled=&#8220;0&#8243;]<\/p>\n<h2>Pentabrid DVC Anal\u00f3gov\u00e9 HD rekord\u00e9ry<\/h2>\n<p>Okrem HD (AHD, CVI a TVI) a anal\u00f3gov\u00fdch kamier je mo\u017en\u00e9 k DVC anal\u00f3gov\u00fdm HD rekord\u00e9rom pripoji\u0165 1 a\u017e 8 \u010fal\u0161\u00edch DVC IP kamier. T\u00fdmto sp\u00f4sobom je okrem \u010fal\u0161\u00edch video kan\u00e1lov na rekord\u00e9ri umo\u017enen\u00e1 flexibilita a pou\u017eitie technol\u00f3gie IP v anal\u00f3gov\u00fdch syst\u00e9moch HD. Rozl\u00ed\u0161enia DVC IP kamier, ktor\u00e9 je mo\u017en\u00e9 pripoji\u0165 k pentabridov\u00fdm DVC Analog HD rekord\u00e9rom s\u00fa 8Mpx, 5Mpx, 4Mpx, 3Mpx a 2Mpx s kompresiou H.265+ a H.264+. To m\u00f4\u017ee by\u0165 u\u017eito\u010dn\u00e9 v pr\u00edpade, \u017ee pou\u017e\u00edvate\u013e chce upgradova\u0165 existuj\u00faci syst\u00e9m nahraden\u00edm nieko\u013ek\u00fdch anal\u00f3gov\u00fdch kamier o anal\u00f3gov\u00e9 HD a IP kamery pomocou pentabridov\u00e9ho DVC anal\u00f3gov\u00e9ho HD rekord\u00e9ra.<\/p>\n<p>[\/et_pb_text][et_pb_text _builder_version=&#8220;4.16&#8243; _module_preset=&#8220;default&#8220; global_colors_info=&#8220;{}&#8220;]<\/p>\n<h2>Technol\u00f3gia 4 v 1<\/h2>\n<p>Technol\u00f3gia 4 v 1 umo\u017e\u0148uje v\u0161etk\u00fdm anal\u00f3gov\u00fdm HD kamer\u00e1m DVC pracova\u0165 v jednom zo 4 re\u017eimov. To znamen\u00e1, \u017ee tieto HD kamery s\u00fa kompatibiln\u00e9 so v\u0161etk\u00fdmi HD anal\u00f3gov\u00fdmi rekord\u00e9rmi: AHD, HD-TVI, HD CVI, ako aj s anal\u00f3gov\u00fdmi rekord\u00e9rmi star\u0161ej gener\u00e1cie.<\/p>\n<p>[\/et_pb_text][et_pb_text _builder_version=&#8220;4.16&#8243; _module_preset=&#8220;default&#8220; global_colors_info=&#8220;{}&#8220;]<\/p>\n<h2>Z\u00e1znam v tme<\/h2>\n<p>Pre z\u00e1znam v \u00faplnej tme sa pou\u017e\u00edvaj\u00fa IR LED di\u00f3dy ( Infra Red Light Emitting Diodes), ktor\u00e9 vy\u017earuj\u00fa infra\u010derven\u00e9 svetlo. Tak\u00e9to osvetlenie je pre \u013eudsk\u00e9 oko nevidite\u013en\u00e9, no kamery, ktor\u00e9 ho pou\u017e\u00edvaj\u00fa, s\u00fa na\u0148 citliv\u00e9. Vonkaj\u0161ie IR kamery DVC okrem be\u017en\u00fdch vyu\u017e\u00edvaj\u00fa r\u00f4zne typy nov\u00fdch IR LED, ako napr\u00edklad Array LED (m\u00e1 menej ako 10 LED, dlh\u0161iu \u017eivotnos\u0165, poskytuje \u010dist\u00fd obraz vysokej \u010distoty a m\u00e1 men\u0161ie rozmery) alebo \u010dierne sklo LED, vyroben\u00e9 z kompozitn\u00e9ho materi\u00e1lu, ktor\u00fd pren\u00e1\u0161a infra\u010derven\u00e9 spektrum osvetlenia a z\u00e1rove\u0148 blokuje vidite\u013en\u00e9 svetlo.<\/p>\n<p>[\/et_pb_text][et_pb_text _builder_version=&#8220;4.16&#8243; _module_preset=&#8220;default&#8220; global_colors_info=&#8220;{}&#8220;]<\/p>\n<h2>COC (kontrola cez koaxi\u00e1lny k\u00e1bel)<\/h2>\n<p>Ovl\u00e1danie DVC anal\u00f3gov\u00fdch HD kamier cez koaxi\u00e1lny k\u00e1bel umo\u017e\u0148uje pr\u00edstup k OSD prehliada\u010du zo samotn\u00e9ho rekord\u00e9ra. Rovnako pomocou iba koaxi\u00e1lneho k\u00e1bla je mo\u017en\u00e9 ovl\u00e1da\u0165 DVC Analog HD PTZ kamery bez potreby \u010fal\u0161ej komunik\u00e1cie s ovl\u00e1dac\u00edmi kl\u00e1vesnicami cez dvoj\u017eilov\u00fd k\u00e1bel s protokolom RS485. Tento sp\u00f4sob ovl\u00e1dania kamier je jednoduch\u0161\u00ed, preto\u017ee nie je potrebn\u00fd fyzick\u00fd pr\u00edstup ku kamer\u00e1m, a lacnej\u0161\u00ed, preto\u017ee nie je potrebn\u00e9 \u0165aha\u0165 \u010fal\u0161\u00ed k\u00e1bel na ovl\u00e1danie PTZ kamier.<\/p>\n<p>[\/et_pb_text][\/et_pb_column][\/et_pb_row][\/et_pb_section]<\/p>\n","protected":false},"excerpt":{"rendered":"<p>Video monitorovacie syst\u00e9my DVC AHD sa naj\u010dastej\u0161ie pou\u017e\u00edvaj\u00fa na zabezpe\u010denie obytn\u00fdch a komer\u010dn\u00fdch priestorov t\u00fdch pou\u017e\u00edvate\u013eov, ktor\u00ed chc\u00fa vylep\u0161i\u0165 existuj\u00faci anal\u00f3gov\u00fd syst\u00e9m bez v\u00fdmeny existuj\u00facich in\u0161tal\u00e1ci\u00ed koaxi\u00e1lnych k\u00e1blov. Pomocou anal\u00f3gov\u00e9ho prenosu video sign\u00e1lov cez koaxi\u00e1lny k\u00e1bel na vzdialenos\u0165 a\u017e 500 m je anal\u00f3gov\u00e1 HD technol\u00f3gia navrhnut\u00e1 pre anal\u00f3gov\u00fd video monitorovac\u00ed syst\u00e9m, ktor\u00fd v\u0161ak dok\u00e1\u017ee pokry\u0165 [&hellip;]<\/p>\n","protected":false},"author":9,"featured_media":0,"parent":0,"menu_order":0,"comment_status":"closed","ping_status":"closed","template":"","meta":{"_et_pb_use_builder":"on","_et_pb_old_content":"","_et_gb_content_width":"","footnotes":""},"class_list":["post-20292","page","type-page","status-publish","hentry"],"_links":{"self":[{"href":"https:\/\/www.dvc.video\/sk\/wp-json\/wp\/v2\/pages\/20292","targetHints":{"allow":["GET"]}}],"collection":[{"href":"https:\/\/www.dvc.video\/sk\/wp-json\/wp\/v2\/pages"}],"about":[{"href":"https:\/\/www.dvc.video\/sk\/wp-json\/wp\/v2\/types\/page"}],"author":[{"embeddable":true,"href":"https:\/\/www.dvc.video\/sk\/wp-json\/wp\/v2\/users\/9"}],"replies":[{"embeddable":true,"href":"https:\/\/www.dvc.video\/sk\/wp-json\/wp\/v2\/comments?post=20292"}],"version-history":[{"count":0,"href":"https:\/\/www.dvc.video\/sk\/wp-json\/wp\/v2\/pages\/20292\/revisions"}],"wp:attachment":[{"href":"https:\/\/www.dvc.video\/sk\/wp-json\/wp\/v2\/media?parent=20292"}],"curies":[{"name":"wp","href":"https:\/\/api.w.org\/{rel}","templated":true}]}}