{"id":34065,"date":"2025-05-06T09:32:18","date_gmt":"2025-05-06T07:32:18","guid":{"rendered":"https:\/\/www.dvc.video\/proizvod\/Bez%20kategorije\/in-hdr-15-24-2\/"},"modified":"2026-04-04T05:10:01","modified_gmt":"2026-04-04T03:10:01","slug":"in-hdr-15-24-2","status":"publish","type":"product","link":"https:\/\/www.dvc.video\/ro\/produs\/interfonie-si-video-interfonie\/surse-alimentare\/in-hdr-15-24-2\/","title":{"rendered":"IN-HDR-15-24"},"content":{"rendered":"","protected":false},"excerpt":{"rendered":"<p>Surs\u0103 de alimentare, tensiune de intrare 85 &#8211; 264 V CA, tensiune de iesire 24 V CC. Montare pe sin\u0103 DIN 15 W. Protectie \u00eencorporat\u0103 \u00eempotriva scurtcircuitului, supra\u00eenc\u0103rc\u0103rii si supratensiunii. Destinat sistemelor audio, kitul NU include DVC DT-DPS V2<\/p>\n","protected":false},"featured_media":34484,"template":"","meta":{"_et_pb_use_builder":"","_et_pb_old_content":"","_et_gb_content_width":""},"product_brand":[],"product_cat":[279,284],"product_tag":[],"class_list":{"0":"post-34065","1":"product","2":"type-product","3":"status-publish","4":"has-post-thumbnail","6":"product_cat-interfonie-si-video-interfonie","7":"product_cat-surse-alimentare","9":"first","10":"instock","11":"shipping-taxable","12":"product-type-simple"},"_links":{"self":[{"href":"https:\/\/www.dvc.video\/ro\/wp-json\/wp\/v2\/product\/34065","targetHints":{"allow":["GET"]}}],"collection":[{"href":"https:\/\/www.dvc.video\/ro\/wp-json\/wp\/v2\/product"}],"about":[{"href":"https:\/\/www.dvc.video\/ro\/wp-json\/wp\/v2\/types\/product"}],"wp:featuredmedia":[{"embeddable":true,"href":"https:\/\/www.dvc.video\/ro\/wp-json\/wp\/v2\/media\/34484"}],"wp:attachment":[{"href":"https:\/\/www.dvc.video\/ro\/wp-json\/wp\/v2\/media?parent=34065"}],"wp:term":[{"taxonomy":"product_brand","embeddable":true,"href":"https:\/\/www.dvc.video\/ro\/wp-json\/wp\/v2\/product_brand?post=34065"},{"taxonomy":"product_cat","embeddable":true,"href":"https:\/\/www.dvc.video\/ro\/wp-json\/wp\/v2\/product_cat?post=34065"},{"taxonomy":"product_tag","embeddable":true,"href":"https:\/\/www.dvc.video\/ro\/wp-json\/wp\/v2\/product_tag?post=34065"}],"curies":[{"name":"wp","href":"https:\/\/api.w.org\/{rel}","templated":true}]}}