{"id":34062,"date":"2025-05-06T09:32:20","date_gmt":"2025-05-06T07:32:20","guid":{"rendered":"https:\/\/www.dvc.video\/proizvod\/Bez%20kategorije\/dvn-f2230cwl-2\/"},"modified":"2026-04-18T05:10:29","modified_gmt":"2026-04-18T03:10:29","slug":"dvn-f2230cwl-2","status":"publish","type":"product","link":"https:\/\/www.dvc.video\/ro\/produs\/interfonie-si-video-interfonie\/posturi-de-exterior\/dvn-f2230cwl-2\/","title":{"rendered":"DVN-F2230CWL"},"content":{"rendered":"<p><a href=\"https:\/\/b2b.alarmautomatika.com\/documentation\/Video_nadzor\/7_IP_video_nadzor\/Korisni\u010dke_upute_i_softwari_za_panteon\/DVC data sheets\/DVN-F2230CWL.pdf?utm_source=dvc&amp;utm_medium=web&amp;utm_campaign=datasheet&amp;utm_term=DVN-F2230CWL\" target=\"_blank\" class=\"button-datasheet\" rel=\"noopener\">Datasheet<\/a><\/p>\n","protected":false},"excerpt":{"rendered":"<p>Sonerie video, 2Mpx, audio bidirectional, deschidere us\u0103 prin glisarea cardului, aplicatie mobil\u0103, lumini LED IR si albe, alarm\u0103 de manipulare si alarm\u0103 contact us\u0103, Wi-Fi 2.4G, slot \u00eencorporat pentru card micro SD, p\u00e2n\u0103 la 256 GB.<\/p>\n","protected":false},"featured_media":34434,"template":"","meta":{"_et_pb_use_builder":"","_et_pb_old_content":"","_et_gb_content_width":""},"product_brand":[],"product_cat":[279,287],"product_tag":[],"class_list":{"0":"post-34062","1":"product","2":"type-product","3":"status-publish","4":"has-post-thumbnail","6":"product_cat-interfonie-si-video-interfonie","7":"product_cat-posturi-de-exterior","9":"first","10":"instock","11":"shipping-taxable","12":"product-type-simple"},"_links":{"self":[{"href":"https:\/\/www.dvc.video\/ro\/wp-json\/wp\/v2\/product\/34062","targetHints":{"allow":["GET"]}}],"collection":[{"href":"https:\/\/www.dvc.video\/ro\/wp-json\/wp\/v2\/product"}],"about":[{"href":"https:\/\/www.dvc.video\/ro\/wp-json\/wp\/v2\/types\/product"}],"wp:featuredmedia":[{"embeddable":true,"href":"https:\/\/www.dvc.video\/ro\/wp-json\/wp\/v2\/media\/34434"}],"wp:attachment":[{"href":"https:\/\/www.dvc.video\/ro\/wp-json\/wp\/v2\/media?parent=34062"}],"wp:term":[{"taxonomy":"product_brand","embeddable":true,"href":"https:\/\/www.dvc.video\/ro\/wp-json\/wp\/v2\/product_brand?post=34062"},{"taxonomy":"product_cat","embeddable":true,"href":"https:\/\/www.dvc.video\/ro\/wp-json\/wp\/v2\/product_cat?post=34062"},{"taxonomy":"product_tag","embeddable":true,"href":"https:\/\/www.dvc.video\/ro\/wp-json\/wp\/v2\/product_tag?post=34062"}],"curies":[{"name":"wp","href":"https:\/\/api.w.org\/{rel}","templated":true}]}}