{"id":34052,"date":"2025-05-06T09:32:17","date_gmt":"2025-05-06T07:32:17","guid":{"rendered":"https:\/\/www.dvc.video\/proizvod\/Bez%20kategorije\/dvc-dt-dps-v2-2\/"},"modified":"2026-04-04T05:10:05","modified_gmt":"2026-04-04T03:10:05","slug":"dvc-dt-dps-v2-2","status":"publish","type":"product","link":"https:\/\/www.dvc.video\/ro\/produs\/interfonie-si-video-interfonie\/componente-sistem\/dvc-dt-dps-v2-2\/","title":{"rendered":"DVC DT-DPS V2"},"content":{"rendered":"","protected":false},"excerpt":{"rendered":"<p>Distribuitor de alimentare pentru sisteme de interfonie DVC. Vine \u00eentr-un set cu DVC PC7 si DVC PC7H si nu este necesar\u0103 achizitionarea lui separat \u00een cazul utiliz\u0103rii surselor de alimentare mentionate.<\/p>\n","protected":false},"featured_media":34334,"template":"","meta":{"_et_pb_use_builder":"","_et_pb_old_content":"","_et_gb_content_width":""},"product_brand":[],"product_cat":[282,279],"product_tag":[],"class_list":{"0":"post-34052","1":"product","2":"type-product","3":"status-publish","4":"has-post-thumbnail","6":"product_cat-componente-sistem","7":"product_cat-interfonie-si-video-interfonie","9":"first","10":"instock","11":"shipping-taxable","12":"product-type-simple"},"_links":{"self":[{"href":"https:\/\/www.dvc.video\/ro\/wp-json\/wp\/v2\/product\/34052","targetHints":{"allow":["GET"]}}],"collection":[{"href":"https:\/\/www.dvc.video\/ro\/wp-json\/wp\/v2\/product"}],"about":[{"href":"https:\/\/www.dvc.video\/ro\/wp-json\/wp\/v2\/types\/product"}],"wp:featuredmedia":[{"embeddable":true,"href":"https:\/\/www.dvc.video\/ro\/wp-json\/wp\/v2\/media\/34334"}],"wp:attachment":[{"href":"https:\/\/www.dvc.video\/ro\/wp-json\/wp\/v2\/media?parent=34052"}],"wp:term":[{"taxonomy":"product_brand","embeddable":true,"href":"https:\/\/www.dvc.video\/ro\/wp-json\/wp\/v2\/product_brand?post=34052"},{"taxonomy":"product_cat","embeddable":true,"href":"https:\/\/www.dvc.video\/ro\/wp-json\/wp\/v2\/product_cat?post=34052"},{"taxonomy":"product_tag","embeddable":true,"href":"https:\/\/www.dvc.video\/ro\/wp-json\/wp\/v2\/product_tag?post=34052"}],"curies":[{"name":"wp","href":"https:\/\/api.w.org\/{rel}","templated":true}]}}