{"id":32728,"date":"2025-01-21T14:31:20","date_gmt":"2025-01-21T13:31:20","guid":{"rendered":"https:\/\/www.dvc.video\/proizvod\/Bez%20kategorije\/dtc-bf5073v2-2\/"},"modified":"2026-04-25T05:16:07","modified_gmt":"2026-04-25T03:16:07","slug":"dtc-bf5073v2-2","status":"publish","type":"product","link":"https:\/\/www.dvc.video\/ro\/produs\/supraveghere-video\/camere\/dtc-bf5073v2-2\/","title":{"rendered":"DTC-BF5073V2"},"content":{"rendered":"","protected":false},"excerpt":{"rendered":"<p>Camer\u0103 video IP termic\u0103 Bullet, rezolutie termic\u0103 256&#215;192, lentil\u0103 termic\u0103 7mm@F1.0, distant\u0103 de m\u0103surare 1.1m, precizie \u00b18\u00b0C, rezolutie optic\u0103 5Mpx\/30fps, lentil\u0103 7mm, H.265, IR 20-30m, True WDR 120dB, 12VDC\/PoE, card SD, intrare audio+difuzor, lumin\u0103 alb\u0103, Onvif, analiz\u0103 video AI, IP66.<\/p>\n","protected":false},"featured_media":32944,"template":"","meta":{"_et_pb_use_builder":"","_et_pb_old_content":"","_et_gb_content_width":""},"product_brand":[],"product_cat":[291,288],"product_tag":[],"class_list":{"0":"post-32728","1":"product","2":"type-product","3":"status-publish","4":"has-post-thumbnail","6":"product_cat-camere","7":"product_cat-supraveghere-video","9":"first","10":"instock","11":"shipping-taxable","12":"product-type-simple"},"_links":{"self":[{"href":"https:\/\/www.dvc.video\/ro\/wp-json\/wp\/v2\/product\/32728","targetHints":{"allow":["GET"]}}],"collection":[{"href":"https:\/\/www.dvc.video\/ro\/wp-json\/wp\/v2\/product"}],"about":[{"href":"https:\/\/www.dvc.video\/ro\/wp-json\/wp\/v2\/types\/product"}],"wp:featuredmedia":[{"embeddable":true,"href":"https:\/\/www.dvc.video\/ro\/wp-json\/wp\/v2\/media\/32944"}],"wp:attachment":[{"href":"https:\/\/www.dvc.video\/ro\/wp-json\/wp\/v2\/media?parent=32728"}],"wp:term":[{"taxonomy":"product_brand","embeddable":true,"href":"https:\/\/www.dvc.video\/ro\/wp-json\/wp\/v2\/product_brand?post=32728"},{"taxonomy":"product_cat","embeddable":true,"href":"https:\/\/www.dvc.video\/ro\/wp-json\/wp\/v2\/product_cat?post=32728"},{"taxonomy":"product_tag","embeddable":true,"href":"https:\/\/www.dvc.video\/ro\/wp-json\/wp\/v2\/product_tag?post=32728"}],"curies":[{"name":"wp","href":"https:\/\/api.w.org\/{rel}","templated":true}]}}