{"id":32723,"date":"2025-01-21T14:31:22","date_gmt":"2025-01-21T13:31:22","guid":{"rendered":"https:\/\/www.dvc.video\/proizvod\/Bez%20kategorije\/dosn-78-2\/"},"modified":"2026-05-09T05:08:37","modified_gmt":"2026-05-09T03:08:37","slug":"dosn-78-2","status":"publish","type":"product","link":"https:\/\/www.dvc.video\/ro\/produs\/supraveghere-video\/servere-si-echipamente\/dosn-78-2\/","title":{"rendered":"DOSN-78"},"content":{"rendered":"","protected":false},"excerpt":{"rendered":"<p>Server DVC VMS cu standard NVMS2.0 \u00eencorporat, suport pentru p\u00e2n\u0103 la 1000 de canale, 256 de \u00eenregistratoare, 300 de camere IP directe, 4 iesiri video HDMI, 8 stoc\u0103ri pe HDD.<\/p>\n","protected":false},"featured_media":32884,"template":"","meta":{"_et_pb_use_builder":"","_et_pb_old_content":"","_et_gb_content_width":""},"product_brand":[],"product_cat":[299,288],"product_tag":[],"class_list":{"0":"post-32723","1":"product","2":"type-product","3":"status-publish","4":"has-post-thumbnail","6":"product_cat-servere-si-echipamente","7":"product_cat-supraveghere-video","9":"first","10":"instock","11":"shipping-taxable","12":"product-type-simple"},"_links":{"self":[{"href":"https:\/\/www.dvc.video\/ro\/wp-json\/wp\/v2\/product\/32723","targetHints":{"allow":["GET"]}}],"collection":[{"href":"https:\/\/www.dvc.video\/ro\/wp-json\/wp\/v2\/product"}],"about":[{"href":"https:\/\/www.dvc.video\/ro\/wp-json\/wp\/v2\/types\/product"}],"wp:featuredmedia":[{"embeddable":true,"href":"https:\/\/www.dvc.video\/ro\/wp-json\/wp\/v2\/media\/32884"}],"wp:attachment":[{"href":"https:\/\/www.dvc.video\/ro\/wp-json\/wp\/v2\/media?parent=32723"}],"wp:term":[{"taxonomy":"product_brand","embeddable":true,"href":"https:\/\/www.dvc.video\/ro\/wp-json\/wp\/v2\/product_brand?post=32723"},{"taxonomy":"product_cat","embeddable":true,"href":"https:\/\/www.dvc.video\/ro\/wp-json\/wp\/v2\/product_cat?post=32723"},{"taxonomy":"product_tag","embeddable":true,"href":"https:\/\/www.dvc.video\/ro\/wp-json\/wp\/v2\/product_tag?post=32723"}],"curies":[{"name":"wp","href":"https:\/\/api.w.org\/{rel}","templated":true}]}}