{"id":28675,"date":"2021-05-18T12:28:53","date_gmt":"2021-05-18T10:28:53","guid":{"rendered":"https:\/\/www.dvc.video\/proizvod\/Bez%20kategorije\/dvc-dt-dbc4r-2\/"},"modified":"2026-04-27T09:04:31","modified_gmt":"2026-04-27T07:04:31","slug":"dvc-dt-dbc4r-2","status":"publish","type":"product","link":"https:\/\/www.dvc.video\/ro\/produs\/interfonie-si-video-interfonie\/componente-sistem\/dvc-dt-dbc4r-2\/","title":{"rendered":"DVC DT-DBC4R"},"content":{"rendered":"","protected":false},"excerpt":{"rendered":"<p>Distribuitor pentru sisteme de interfonie DVC. Pentru conectarea a p\u00e2n\u0103 la 4 unit\u0103ti exterioare la sistem sau a unui distribuitor de podea pentru unit\u0103ti interioare (monitor si c\u0103sti) cu 4 iesiri. Posibilitatea de setare \u00een modul \u201eRiser\u201d<\/p>\n","protected":false},"featured_media":8194,"template":"","meta":{"_et_pb_use_builder":"","_et_pb_old_content":"","_et_gb_content_width":""},"product_brand":[],"product_cat":[282,279],"product_tag":[],"class_list":{"0":"post-28675","1":"product","2":"type-product","3":"status-publish","4":"has-post-thumbnail","6":"product_cat-componente-sistem","7":"product_cat-interfonie-si-video-interfonie","9":"first","10":"instock","11":"shipping-taxable","12":"product-type-simple"},"_links":{"self":[{"href":"https:\/\/www.dvc.video\/ro\/wp-json\/wp\/v2\/product\/28675","targetHints":{"allow":["GET"]}}],"collection":[{"href":"https:\/\/www.dvc.video\/ro\/wp-json\/wp\/v2\/product"}],"about":[{"href":"https:\/\/www.dvc.video\/ro\/wp-json\/wp\/v2\/types\/product"}],"wp:featuredmedia":[{"embeddable":true,"href":"https:\/\/www.dvc.video\/ro\/wp-json\/wp\/v2\/media\/8194"}],"wp:attachment":[{"href":"https:\/\/www.dvc.video\/ro\/wp-json\/wp\/v2\/media?parent=28675"}],"wp:term":[{"taxonomy":"product_brand","embeddable":true,"href":"https:\/\/www.dvc.video\/ro\/wp-json\/wp\/v2\/product_brand?post=28675"},{"taxonomy":"product_cat","embeddable":true,"href":"https:\/\/www.dvc.video\/ro\/wp-json\/wp\/v2\/product_cat?post=28675"},{"taxonomy":"product_tag","embeddable":true,"href":"https:\/\/www.dvc.video\/ro\/wp-json\/wp\/v2\/product_tag?post=28675"}],"curies":[{"name":"wp","href":"https:\/\/api.w.org\/{rel}","templated":true}]}}