{"id":28528,"date":"2021-05-18T12:34:32","date_gmt":"2021-05-18T10:34:32","guid":{"rendered":"https:\/\/www.dvc.video\/proizvod\/Bez%20kategorije\/dvc-821f-2x1-2\/"},"modified":"2026-04-04T05:39:05","modified_gmt":"2026-04-04T03:39:05","slug":"dvc-821f-2x1-2","status":"publish","type":"product","link":"https:\/\/www.dvc.video\/ro\/produs\/interfonie-si-video-interfonie\/carcase\/dvc-821f-2x1-2\/","title":{"rendered":"DVC 821\/2X1-F"},"content":{"rendered":"","protected":false},"excerpt":{"rendered":"<p>Cadru seria DVC 821 pentru instalarea a 2 module \u00eentr-o coloan\u0103, panou frontal din o?el inoxidabil ?i cutie de instalare, montare \u00eencastrat\u0103.<\/p>\n","protected":false},"featured_media":8146,"template":"","meta":{"_et_pb_use_builder":"","_et_pb_old_content":"","_et_gb_content_width":""},"product_brand":[],"product_cat":[285,279],"product_tag":[],"class_list":{"0":"post-28528","1":"product","2":"type-product","3":"status-publish","4":"has-post-thumbnail","6":"product_cat-carcase","7":"product_cat-interfonie-si-video-interfonie","9":"first","10":"instock","11":"shipping-taxable","12":"product-type-simple"},"_links":{"self":[{"href":"https:\/\/www.dvc.video\/ro\/wp-json\/wp\/v2\/product\/28528","targetHints":{"allow":["GET"]}}],"collection":[{"href":"https:\/\/www.dvc.video\/ro\/wp-json\/wp\/v2\/product"}],"about":[{"href":"https:\/\/www.dvc.video\/ro\/wp-json\/wp\/v2\/types\/product"}],"wp:featuredmedia":[{"embeddable":true,"href":"https:\/\/www.dvc.video\/ro\/wp-json\/wp\/v2\/media\/8146"}],"wp:attachment":[{"href":"https:\/\/www.dvc.video\/ro\/wp-json\/wp\/v2\/media?parent=28528"}],"wp:term":[{"taxonomy":"product_brand","embeddable":true,"href":"https:\/\/www.dvc.video\/ro\/wp-json\/wp\/v2\/product_brand?post=28528"},{"taxonomy":"product_cat","embeddable":true,"href":"https:\/\/www.dvc.video\/ro\/wp-json\/wp\/v2\/product_cat?post=28528"},{"taxonomy":"product_tag","embeddable":true,"href":"https:\/\/www.dvc.video\/ro\/wp-json\/wp\/v2\/product_tag?post=28528"}],"curies":[{"name":"wp","href":"https:\/\/api.w.org\/{rel}","templated":true}]}}