{"id":28514,"date":"2021-05-18T12:34:48","date_gmt":"2021-05-18T10:34:48","guid":{"rendered":"https:\/\/www.dvc.video\/proizvod\/Bez%20kategorije\/dvc-821f-3x1-2\/"},"modified":"2026-04-27T09:01:55","modified_gmt":"2026-04-27T07:01:55","slug":"dvc-821f-3x1-2","status":"publish","type":"product","link":"https:\/\/www.dvc.video\/ro\/produs\/interfonie-si-video-interfonie\/carcase\/dvc-821f-3x1-2\/","title":{"rendered":"DVC 821\/3X1-F"},"content":{"rendered":"","protected":false},"excerpt":{"rendered":"<p>Cadru din seria DVC 821 pentru instalarea a 3 module \u00eentr-o singur\u0103 coloan\u0103, panou frontal si cutie de instalare din otel inoxidabil, montare \u00eencastrat\u0103.<\/p>\n","protected":false},"featured_media":8142,"template":"","meta":{"_et_pb_use_builder":"","_et_pb_old_content":"","_et_gb_content_width":""},"product_brand":[],"product_cat":[285,279],"product_tag":[],"class_list":{"0":"post-28514","1":"product","2":"type-product","3":"status-publish","4":"has-post-thumbnail","6":"product_cat-carcase","7":"product_cat-interfonie-si-video-interfonie","9":"first","10":"instock","11":"shipping-taxable","12":"product-type-simple"},"_links":{"self":[{"href":"https:\/\/www.dvc.video\/ro\/wp-json\/wp\/v2\/product\/28514","targetHints":{"allow":["GET"]}}],"collection":[{"href":"https:\/\/www.dvc.video\/ro\/wp-json\/wp\/v2\/product"}],"about":[{"href":"https:\/\/www.dvc.video\/ro\/wp-json\/wp\/v2\/types\/product"}],"wp:featuredmedia":[{"embeddable":true,"href":"https:\/\/www.dvc.video\/ro\/wp-json\/wp\/v2\/media\/8142"}],"wp:attachment":[{"href":"https:\/\/www.dvc.video\/ro\/wp-json\/wp\/v2\/media?parent=28514"}],"wp:term":[{"taxonomy":"product_brand","embeddable":true,"href":"https:\/\/www.dvc.video\/ro\/wp-json\/wp\/v2\/product_brand?post=28514"},{"taxonomy":"product_cat","embeddable":true,"href":"https:\/\/www.dvc.video\/ro\/wp-json\/wp\/v2\/product_cat?post=28514"},{"taxonomy":"product_tag","embeddable":true,"href":"https:\/\/www.dvc.video\/ro\/wp-json\/wp\/v2\/product_tag?post=28514"}],"curies":[{"name":"wp","href":"https:\/\/api.w.org\/{rel}","templated":true}]}}