{"id":28444,"date":"2021-05-18T12:38:47","date_gmt":"2021-05-18T10:38:47","guid":{"rendered":"https:\/\/www.dvc.video\/proizvod\/Bez%20kategorije\/dvc-dt607c-s1-rh-2\/"},"modified":"2026-04-04T05:37:48","modified_gmt":"2026-04-04T03:37:48","slug":"dvc-dt607c-s1-rh-2","status":"publish","type":"product","link":"https:\/\/www.dvc.video\/ro\/produs\/interfonie-si-video-interfonie\/posturi-de-exterior\/dvc-dt607c-s1-rh-2\/","title":{"rendered":"DVC DT607C\/S1\/RH"},"content":{"rendered":"","protected":false},"excerpt":{"rendered":"<p>Unitate de apel video pentru exterior cu camer\u0103 color fisheye (170\u00b0) si 1 buton de apel. Fabricat\u0103 din otel inoxidabil. Protectie IP54. Cititor RFID \u00eencorporat (125 kHz). Instalare pe suprafat\u0103. Alimentare la 24 VDC.<\/p>\n","protected":false},"featured_media":8102,"template":"","meta":{"_et_pb_use_builder":"","_et_pb_old_content":"","_et_gb_content_width":""},"product_brand":[],"product_cat":[279,287],"product_tag":[],"class_list":{"0":"post-28444","1":"product","2":"type-product","3":"status-publish","4":"has-post-thumbnail","6":"product_cat-interfonie-si-video-interfonie","7":"product_cat-posturi-de-exterior","9":"first","10":"instock","11":"shipping-taxable","12":"product-type-simple"},"_links":{"self":[{"href":"https:\/\/www.dvc.video\/ro\/wp-json\/wp\/v2\/product\/28444","targetHints":{"allow":["GET"]}}],"collection":[{"href":"https:\/\/www.dvc.video\/ro\/wp-json\/wp\/v2\/product"}],"about":[{"href":"https:\/\/www.dvc.video\/ro\/wp-json\/wp\/v2\/types\/product"}],"wp:featuredmedia":[{"embeddable":true,"href":"https:\/\/www.dvc.video\/ro\/wp-json\/wp\/v2\/media\/8102"}],"wp:attachment":[{"href":"https:\/\/www.dvc.video\/ro\/wp-json\/wp\/v2\/media?parent=28444"}],"wp:term":[{"taxonomy":"product_brand","embeddable":true,"href":"https:\/\/www.dvc.video\/ro\/wp-json\/wp\/v2\/product_brand?post=28444"},{"taxonomy":"product_cat","embeddable":true,"href":"https:\/\/www.dvc.video\/ro\/wp-json\/wp\/v2\/product_cat?post=28444"},{"taxonomy":"product_tag","embeddable":true,"href":"https:\/\/www.dvc.video\/ro\/wp-json\/wp\/v2\/product_tag?post=28444"}],"curies":[{"name":"wp","href":"https:\/\/api.w.org\/{rel}","templated":true}]}}