{"id":27982,"date":"2023-06-05T10:32:43","date_gmt":"2023-06-05T08:32:43","guid":{"rendered":"https:\/\/www.dvc.video\/proizvod\/Bez%20kategorije\/don-73v2-2\/"},"modified":"2026-04-27T08:52:48","modified_gmt":"2026-04-27T06:52:48","slug":"don-73v2-2","status":"publish","type":"product","link":"https:\/\/www.dvc.video\/ro\/produs\/supraveghere-video\/servere-si-echipamente\/don-73v2-2\/","title":{"rendered":"DON-73V2"},"content":{"rendered":"","protected":false},"excerpt":{"rendered":"<p>Server DVC multifunctional cu standard NVMS2.0 \u00eencorporat, suport pentru p\u00e2n\u0103 la 2048 de canale (expandabil pentru \u00eenc\u0103 10000 de canale prin server de transfer), 300 de \u00eenregistratoare, 500 de camere IP directe.<\/p>\n","protected":false},"featured_media":20911,"template":"","meta":{"_et_pb_use_builder":"","_et_pb_old_content":"","_et_gb_content_width":""},"product_brand":[],"product_cat":[299,288],"product_tag":[],"class_list":{"0":"post-27982","1":"product","2":"type-product","3":"status-publish","4":"has-post-thumbnail","6":"product_cat-servere-si-echipamente","7":"product_cat-supraveghere-video","9":"first","10":"instock","11":"shipping-taxable","12":"product-type-simple"},"_links":{"self":[{"href":"https:\/\/www.dvc.video\/ro\/wp-json\/wp\/v2\/product\/27982","targetHints":{"allow":["GET"]}}],"collection":[{"href":"https:\/\/www.dvc.video\/ro\/wp-json\/wp\/v2\/product"}],"about":[{"href":"https:\/\/www.dvc.video\/ro\/wp-json\/wp\/v2\/types\/product"}],"wp:featuredmedia":[{"embeddable":true,"href":"https:\/\/www.dvc.video\/ro\/wp-json\/wp\/v2\/media\/20911"}],"wp:attachment":[{"href":"https:\/\/www.dvc.video\/ro\/wp-json\/wp\/v2\/media?parent=27982"}],"wp:term":[{"taxonomy":"product_brand","embeddable":true,"href":"https:\/\/www.dvc.video\/ro\/wp-json\/wp\/v2\/product_brand?post=27982"},{"taxonomy":"product_cat","embeddable":true,"href":"https:\/\/www.dvc.video\/ro\/wp-json\/wp\/v2\/product_cat?post=27982"},{"taxonomy":"product_tag","embeddable":true,"href":"https:\/\/www.dvc.video\/ro\/wp-json\/wp\/v2\/product_tag?post=27982"}],"curies":[{"name":"wp","href":"https:\/\/api.w.org\/{rel}","templated":true}]}}