{"id":27961,"date":"2023-06-05T10:32:50","date_gmt":"2023-06-05T08:32:50","guid":{"rendered":"https:\/\/www.dvc.video\/proizvod\/Bez%20kategorije\/dcn-pm404x50v2-2\/"},"modified":"2026-04-11T05:47:20","modified_gmt":"2026-04-11T03:47:20","slug":"dcn-pm404x50v2-2","status":"publish","type":"product","link":"https:\/\/www.dvc.video\/ro\/produs\/supraveghere-video\/camere-ptz\/dcn-pm404x50v2-2\/","title":{"rendered":"DCN-PM404X50V2"},"content":{"rendered":"<p><a href=\"https:\/\/b2b.alarmautomatika.com\/documentation\/Video_nadzor\/7_IP_video_nadzor\/Korisni\u010dke_upute_i_softwari_za_panteon\/DVC data sheets\/DCN-PM404X50V2.pdf?utm_source=dvc&amp;utm_medium=web&amp;utm_campaign=datasheet&amp;utm_term=DCN-PM404X50V2\" target=\"_blank\" class=\"button-datasheet\" rel=\"noopener\">Datasheet<\/a><\/p>\n","protected":false},"excerpt":{"rendered":"<p>Camer\u0103 video IP PTZ 3&#8221;, rezolutie 4Mpx\/25fps, zoom optic 4x, obiectiv 2.8-12 mm, 300 preset\u0103ri, vitez\u0103 Pan 0.1\u00b0 &#8211; 60\u00b0\/sec., card SD, matrice de 4 LED-uri IR cu raz\u0103 de actiune de p\u00e2n\u0103 la 50m, alimentare 12VDC \u00een set, Onvif, IP66\/IK10, True WDR<\/p>\n","protected":false},"featured_media":20977,"template":"","meta":{"_et_pb_use_builder":"","_et_pb_old_content":"","_et_gb_content_width":""},"product_brand":[],"product_cat":[296,288],"product_tag":[],"class_list":{"0":"post-27961","1":"product","2":"type-product","3":"status-publish","4":"has-post-thumbnail","6":"product_cat-camere-ptz","7":"product_cat-supraveghere-video","9":"first","10":"instock","11":"shipping-taxable","12":"product-type-simple"},"_links":{"self":[{"href":"https:\/\/www.dvc.video\/ro\/wp-json\/wp\/v2\/product\/27961","targetHints":{"allow":["GET"]}}],"collection":[{"href":"https:\/\/www.dvc.video\/ro\/wp-json\/wp\/v2\/product"}],"about":[{"href":"https:\/\/www.dvc.video\/ro\/wp-json\/wp\/v2\/types\/product"}],"wp:featuredmedia":[{"embeddable":true,"href":"https:\/\/www.dvc.video\/ro\/wp-json\/wp\/v2\/media\/20977"}],"wp:attachment":[{"href":"https:\/\/www.dvc.video\/ro\/wp-json\/wp\/v2\/media?parent=27961"}],"wp:term":[{"taxonomy":"product_brand","embeddable":true,"href":"https:\/\/www.dvc.video\/ro\/wp-json\/wp\/v2\/product_brand?post=27961"},{"taxonomy":"product_cat","embeddable":true,"href":"https:\/\/www.dvc.video\/ro\/wp-json\/wp\/v2\/product_cat?post=27961"},{"taxonomy":"product_tag","embeddable":true,"href":"https:\/\/www.dvc.video\/ro\/wp-json\/wp\/v2\/product_tag?post=27961"}],"curies":[{"name":"wp","href":"https:\/\/api.w.org\/{rel}","templated":true}]}}