{"id":27940,"date":"2023-06-05T10:32:53","date_gmt":"2023-06-05T08:32:53","guid":{"rendered":"https:\/\/www.dvc.video\/proizvod\/Bez%20kategorije\/dka-32m-2\/"},"modified":"2026-05-09T05:24:41","modified_gmt":"2026-05-09T03:24:41","slug":"dka-32m-2","status":"publish","type":"product","link":"https:\/\/www.dvc.video\/ro\/produs\/supraveghere-video\/tastaturi-ptz\/dka-32m-2\/","title":{"rendered":"DKA-32M"},"content":{"rendered":"<p><a href=\"https:\/\/b2b.alarmautomatika.com\/documentation\/Video_nadzor\/7_IP_video_nadzor\/Korisni\u010dke_upute_i_softwari_za_panteon\/DVC data sheets\/DKA-32M.pdf?utm_source=dvc&amp;utm_medium=web&amp;utm_campaign=datasheet&amp;utm_term=DKA-32M\" target=\"_blank\" class=\"button-datasheet\" rel=\"noopener\">Datasheet<\/a><\/p>\n","protected":false},"excerpt":{"rendered":"<p>Tastatur\u0103 pentru camere DVC IP PTZ cu joystick 3D si ecran tactil LCD. Controleaz\u0103 p\u00e2n\u0103 la 1024 de camere DVC IP PTZ. Surs\u0103 de alimentare 12V DC\/alimentare inclus\u0103 \u00een set.<\/p>\n","protected":false},"featured_media":21010,"template":"","meta":{"_et_pb_use_builder":"","_et_pb_old_content":"","_et_gb_content_width":""},"product_brand":[],"product_cat":[288,297],"product_tag":[],"class_list":{"0":"post-27940","1":"product","2":"type-product","3":"status-publish","4":"has-post-thumbnail","6":"product_cat-supraveghere-video","7":"product_cat-tastaturi-ptz","9":"first","10":"instock","11":"shipping-taxable","12":"product-type-simple"},"_links":{"self":[{"href":"https:\/\/www.dvc.video\/ro\/wp-json\/wp\/v2\/product\/27940","targetHints":{"allow":["GET"]}}],"collection":[{"href":"https:\/\/www.dvc.video\/ro\/wp-json\/wp\/v2\/product"}],"about":[{"href":"https:\/\/www.dvc.video\/ro\/wp-json\/wp\/v2\/types\/product"}],"wp:featuredmedia":[{"embeddable":true,"href":"https:\/\/www.dvc.video\/ro\/wp-json\/wp\/v2\/media\/21010"}],"wp:attachment":[{"href":"https:\/\/www.dvc.video\/ro\/wp-json\/wp\/v2\/media?parent=27940"}],"wp:term":[{"taxonomy":"product_brand","embeddable":true,"href":"https:\/\/www.dvc.video\/ro\/wp-json\/wp\/v2\/product_brand?post=27940"},{"taxonomy":"product_cat","embeddable":true,"href":"https:\/\/www.dvc.video\/ro\/wp-json\/wp\/v2\/product_cat?post=27940"},{"taxonomy":"product_tag","embeddable":true,"href":"https:\/\/www.dvc.video\/ro\/wp-json\/wp\/v2\/product_tag?post=27940"}],"curies":[{"name":"wp","href":"https:\/\/api.w.org\/{rel}","templated":true}]}}