{"id":27353,"date":"2024-02-20T09:45:28","date_gmt":"2024-02-20T08:45:28","guid":{"rendered":"https:\/\/www.dvc.video\/proizvod\/\u043d\u0435\u043a\u0430\u0442\u0435\u0433\u043e\u0440\u0438\u0437\u043e\u0432\u0430\u043d\u043e\/dka-33m\/"},"modified":"2026-04-11T05:28:30","modified_gmt":"2026-04-11T03:28:30","slug":"dka-33m","status":"publish","type":"product","link":"https:\/\/www.dvc.video\/ro\/produs\/supraveghere-video\/tastaturi-ptz\/dka-33m\/","title":{"rendered":"DKA-33M"},"content":{"rendered":"<p><a href=\"https:\/\/b2b.alarmautomatika.com\/documentation\/Video_nadzor\/7_IP_video_nadzor\/Korisni\u010dke_upute_i_softwari_za_panteon\/DVC data sheets\/DKA-33M.pdf?utm_source=dvc&amp;utm_medium=web&amp;utm_campaign=datasheet&amp;utm_term=DKA-33M\" target=\"_blank\" class=\"button-datasheet\" rel=\"noopener\">Datasheet<\/a><\/p>\n","protected":false},"excerpt":{"rendered":"<p>Tastatur\u0103 pentru camerele DVC IP PTZ cu joystick 3D si afisaj LCD. Controleaz\u0103 p\u00e2n\u0103 la 10 camere DVC IP PTZ. Alimentare la 12V DC \/ alimentare inclus\u0103.<\/p>\n","protected":false},"featured_media":28849,"template":"","meta":{"_et_pb_use_builder":"","_et_pb_old_content":"","_et_gb_content_width":""},"product_brand":[],"product_cat":[288,297],"product_tag":[],"class_list":{"0":"post-27353","1":"product","2":"type-product","3":"status-publish","4":"has-post-thumbnail","6":"product_cat-supraveghere-video","7":"product_cat-tastaturi-ptz","9":"first","10":"instock","11":"shipping-taxable","12":"product-type-simple"},"_links":{"self":[{"href":"https:\/\/www.dvc.video\/ro\/wp-json\/wp\/v2\/product\/27353","targetHints":{"allow":["GET"]}}],"collection":[{"href":"https:\/\/www.dvc.video\/ro\/wp-json\/wp\/v2\/product"}],"about":[{"href":"https:\/\/www.dvc.video\/ro\/wp-json\/wp\/v2\/types\/product"}],"wp:featuredmedia":[{"embeddable":true,"href":"https:\/\/www.dvc.video\/ro\/wp-json\/wp\/v2\/media\/28849"}],"wp:attachment":[{"href":"https:\/\/www.dvc.video\/ro\/wp-json\/wp\/v2\/media?parent=27353"}],"wp:term":[{"taxonomy":"product_brand","embeddable":true,"href":"https:\/\/www.dvc.video\/ro\/wp-json\/wp\/v2\/product_brand?post=27353"},{"taxonomy":"product_cat","embeddable":true,"href":"https:\/\/www.dvc.video\/ro\/wp-json\/wp\/v2\/product_cat?post=27353"},{"taxonomy":"product_tag","embeddable":true,"href":"https:\/\/www.dvc.video\/ro\/wp-json\/wp\/v2\/product_tag?post=27353"}],"curies":[{"name":"wp","href":"https:\/\/api.w.org\/{rel}","templated":true}]}}