{"id":27345,"date":"2024-02-20T09:45:29","date_gmt":"2024-02-20T08:45:29","guid":{"rendered":"https:\/\/www.dvc.video\/proizvod\/\u043d\u0435\u043a\u0430\u0442\u0435\u0433\u043e\u0440\u0438\u0437\u043e\u0432\u0430\u043d\u043e\/dcn-tf4282-dl\/"},"modified":"2026-05-09T05:15:39","modified_gmt":"2026-05-09T03:15:39","slug":"dcn-tf4282-dl","status":"publish","type":"product","link":"https:\/\/www.dvc.video\/ro\/produs\/supraveghere-video\/camere\/dcn-tf4282-dl\/","title":{"rendered":"DCN-TF4282-DL"},"content":{"rendered":"<p><a href=\"https:\/\/b2b.alarmautomatika.com\/documentation\/Video_nadzor\/7_IP_video_nadzor\/Korisni\u010dke_upute_i_softwari_za_panteon\/DVC data sheets\/DCN-TF4282-DL.pdf?utm_source=dvc&amp;utm_medium=web&amp;utm_campaign=datasheet&amp;utm_term=DCN-TF4282-DL\" target=\"_blank\" class=\"button-datasheet\" rel=\"noopener\">Datasheet<\/a><\/p>\n","protected":false},"excerpt":{"rendered":"<p>Camer\u0103 video IP tip turret, rezolutie 4Mpx\/20fps, obiectiv fix de 2,8 mm, compresie H.265, raz\u0103 de actiune a LED-urilor IR de 10-20 m, alimentare 12VDC\/PoE, carcas\u0103 din plastic, IP67, analiz\u0103 video inteligent\u0103 (VCA).<\/p>\n","protected":false},"featured_media":28969,"template":"","meta":{"_et_pb_use_builder":"","_et_pb_old_content":"","_et_gb_content_width":""},"product_brand":[],"product_cat":[291,288],"product_tag":[],"class_list":{"0":"post-27345","1":"product","2":"type-product","3":"status-publish","4":"has-post-thumbnail","6":"product_cat-camere","7":"product_cat-supraveghere-video","9":"first","10":"instock","11":"shipping-taxable","12":"product-type-simple"},"_links":{"self":[{"href":"https:\/\/www.dvc.video\/ro\/wp-json\/wp\/v2\/product\/27345","targetHints":{"allow":["GET"]}}],"collection":[{"href":"https:\/\/www.dvc.video\/ro\/wp-json\/wp\/v2\/product"}],"about":[{"href":"https:\/\/www.dvc.video\/ro\/wp-json\/wp\/v2\/types\/product"}],"wp:featuredmedia":[{"embeddable":true,"href":"https:\/\/www.dvc.video\/ro\/wp-json\/wp\/v2\/media\/28969"}],"wp:attachment":[{"href":"https:\/\/www.dvc.video\/ro\/wp-json\/wp\/v2\/media?parent=27345"}],"wp:term":[{"taxonomy":"product_brand","embeddable":true,"href":"https:\/\/www.dvc.video\/ro\/wp-json\/wp\/v2\/product_brand?post=27345"},{"taxonomy":"product_cat","embeddable":true,"href":"https:\/\/www.dvc.video\/ro\/wp-json\/wp\/v2\/product_cat?post=27345"},{"taxonomy":"product_tag","embeddable":true,"href":"https:\/\/www.dvc.video\/ro\/wp-json\/wp\/v2\/product_tag?post=27345"}],"curies":[{"name":"wp","href":"https:\/\/api.w.org\/{rel}","templated":true}]}}