{"id":7646,"date":"2021-03-09T11:17:17","date_gmt":"2021-03-09T10:17:17","guid":{"rendered":"https:\/\/www.dvc.video\/apartamente-si-spatii-de-afaceri\/"},"modified":"2024-10-31T09:33:13","modified_gmt":"2024-10-31T08:33:13","slug":"apartamente-si-spatii-de-afaceri","status":"publish","type":"page","link":"https:\/\/www.dvc.video\/ro\/apartamente-si-spatii-de-afaceri\/","title":{"rendered":"Apartamente si spatii de afaceri"},"content":{"rendered":"<p>[et_pb_section fb_built=&#8221;1&#8243; _builder_version=&#8221;4.9.2&#8243; _module_preset=&#8221;default&#8221; background_enable_color=&#8221;off&#8221; background_image=&#8221;https:\/\/www.dvc.video\/wp-content\/uploads\/2021\/03\/bcg-red-triangle.jpg&#8221; height_last_edited=&#8221;off|desktop&#8221; global_module=&#8221;793&#8243;][et_pb_row _builder_version=&#8221;4.9.2&#8243; _module_preset=&#8221;default&#8221;][et_pb_column type=&#8221;4_4&#8243; _builder_version=&#8221;4.9.2&#8243; _module_preset=&#8221;default&#8221;][et_pb_text _builder_version=&#8221;4.9.7&#8243; _dynamic_attributes=&#8221;content&#8221; _module_preset=&#8221;default&#8221; header_text_color=&#8221;#FFFFFF&#8221; header_line_height=&#8221;1.3em&#8221; header_font_size_tablet=&#8221;&#8221; header_font_size_phone=&#8221;&#8221; header_font_size_last_edited=&#8221;on|desktop&#8221;]@ET-DC@eyJkeW5hbWljIjp0cnVlLCJjb250ZW50IjoicG9zdF90aXRsZSIsInNldHRpbmdzIjp7ImJlZm9yZSI6IjxoMT4iLCJhZnRlciI6IjxcL2gxPiJ9fQ==@[\/et_pb_text][\/et_pb_column][\/et_pb_row][\/et_pb_section][et_pb_section fb_built=&#8221;1&#8243; _builder_version=&#8221;4.9.10&#8243; _module_preset=&#8221;default&#8221; hover_enabled=&#8221;0&#8243; custom_padding=&#8221;||0px||false|false&#8221; sticky_enabled=&#8221;0&#8243;][et_pb_row _builder_version=&#8221;4.9.4&#8243; _module_preset=&#8221;default&#8221;][et_pb_column type=&#8221;4_4&#8243; _builder_version=&#8221;4.9.4&#8243; _module_preset=&#8221;default&#8221;][et_pb_text _builder_version=&#8221;4.9.2&#8243; _module_preset=&#8221;default&#8221;]<\/p>\n<h2>Solutii Smart Home<\/h2>\n<p>Solu\u021bii complet invizibile de supraveghere video \u00eencorporate \u00een via\u021ba de zi cu zi \u0219i integrate cu sisteme inteligente \u00een interiorul casei sau apartament, ridica nivelul de securitate al utilizatorilor \u0219i, astfel, calitatea vie\u021bii lor. Sistem de supraveghere video cu p\u00e2n\u0103 la 16 camere \u0219i sistem de interfon video cu p\u00e2n\u0103 la 32 adrese, sunt potrivite pentru cele mai multe apartamente, case, vile, precum \u0219i pentru \u00eentreprinderile mici situate \u00een zone reziden\u021biale, cum ar fi clinici stomatologice, birouri, case de schimb, case de pariuri, diverse magazine mici etc.[\/et_pb_text][\/et_pb_column][\/et_pb_row][et_pb_row _builder_version=&#8221;4.9.4&#8243; _module_preset=&#8221;default&#8221;][et_pb_column type=&#8221;4_4&#8243; _builder_version=&#8221;4.9.4&#8243; _module_preset=&#8221;default&#8221;][et_pb_text _builder_version=&#8221;4.9.2&#8243; _module_preset=&#8221;default&#8221;]<\/p>\n<h2>Camere de supraveghere WI-FI<\/h2>\n<p>Camerele IP Wi-fi sunt u\u0219or de instalat \u0219i de programat, au o raz\u0103 lung\u0103 de ac\u021biune \u0219i sunt utilizate at\u00e2t \u00een aplica\u021bii de acas\u0103, c\u00e2t \u0219i \u00een aplica\u021bii de afaceri. Modelele cu \u00eenregistrare programat\u0103 sau detectare a mi\u0219c\u0103rii sunt disponibile pentru instalare \u00een exterior \u0219i \u00een interior. Acestea permit \u00eenregistrarea unei rezolu\u021bii de p\u00e2n\u0103 la 5 MP, comunicare audio bidirec\u021bional\u0103, \u00eenregistrare pe timp de noapte \u0219i stocare video pe un card SD sau recorder. Premisa poate fi, de asemenea, monitorizat\u0103 de la distan\u021b\u0103 prin intermediul telefonului mobil.[\/et_pb_text][\/et_pb_column][\/et_pb_row][et_pb_row _builder_version=&#8221;4.9.4&#8243; _module_preset=&#8221;default&#8221;][et_pb_column type=&#8221;4_4&#8243; _builder_version=&#8221;4.9.4&#8243; _module_preset=&#8221;default&#8221;][et_pb_text _builder_version=&#8221;4.9.2&#8243; _module_preset=&#8221;default&#8221;]<\/p>\n<h2>Securitate chiar \u0219i atunci c\u00e2nd nu sunte\u021bi acolo<\/h2>\n<p>Acas\u0103 este refugiu persoan\u0103 \u00een condi\u021bii de siguran\u021b\u0103. Cele mai frumoase \u0219i relaxate momente sunt experimentate \u00een confortul propriei case. Asigurarea securit\u0103\u021bii pentru cele mai pre\u021bioase lucruri pe care le avem, cum ar fi un apartament, garaj, cabana sau spa\u021biu de birou, este extrem de important.<br \/>\nPentru a cre\u0219te cel mai eficient nivelul de protec\u021bie \u0219i securitate \u0219i pentru a face mai dificil\u0103 posibilitatea furtului sau a furtului, sunt disponibile cele mai potrivite seturi de supraveghere video, \u00een func\u021bie de nevoile individuale.[\/et_pb_text][\/et_pb_column][\/et_pb_row][et_pb_row _builder_version=&#8221;4.9.4&#8243; _module_preset=&#8221;default&#8221;][et_pb_column type=&#8221;4_4&#8243; _builder_version=&#8221;4.9.4&#8243; _module_preset=&#8221;default&#8221;][et_pb_text _builder_version=&#8221;4.9.2&#8243; _module_preset=&#8221;default&#8221;]<\/p>\n<h2>Easy and professional installation<\/h2>\n<p>Pentru a face sistemul de supraveghere video selectat c\u00e2t mai sigur posibil, este de mare importan\u021b\u0103 pentru a aranja \u0219i plasa \u00een mod corespunz\u0103tor dispozitivele \u00een interiorul \u0219i \u00een afara premisei. Ast\u0103zi, c\u00e2nd timpul se scurge, ideal sunt acele sisteme de protec\u021bie care sunt u\u0219or de instalat \u0219i de gestionat.[\/et_pb_text][\/et_pb_column][\/et_pb_row][et_pb_row _builder_version=&#8221;4.9.4&#8243; _module_preset=&#8221;default&#8221;][et_pb_column type=&#8221;4_4&#8243; _builder_version=&#8221;4.9.4&#8243; _module_preset=&#8221;default&#8221;][et_pb_text _builder_version=&#8221;4.9.2&#8243; _module_preset=&#8221;default&#8221;]<\/p>\n<h2>Prezentarea generala a camerei in timp real<\/h2>\n<p>Camerele inteligente de securitate la domiciliu trebuie s\u0103 poat\u0103 recunoa\u0219te vizitatorii \u0219i s\u0103 trimit\u0103 alerte, p\u0103str\u00e2nd locuin\u021ba \u00een siguran\u021b\u0103 chiar \u0219i atunci c\u00e2nd nimeni nu este prezent acolo. O aplica\u021bie gratuit\u0103 DVC Connect pentru iOS \u0219i Android va permite accesul la camere oric\u00e2nd \u0219i de oriunde din lume.<\/p>\n<p>Supravegherea video corespunz\u0103toare va proteja \u0219i controla toate locurile critice ale spa\u021biilor protejate &#8211; depozite, intr\u0103ri, c\u0103i de acces, care pot fi monitorizate de la distan\u021b\u0103 \u00een timp real prin intermediul telefonului mobil. \u00cenregistrarea local\u0103 pe cardul SD al telefonului mobil \u0219i vizualizarea materialului \u00eenregistrat de pe cardul SD este posibil\u0103, de asemenea, precum \u0219i alertarea utilizatorilor cu privire la evenimentele ini\u021biate prin detectarea mi\u0219c\u0103rii sau intr\u0103rile de alarm\u0103 ale recorderului[\/et_pb_text][\/et_pb_column][\/et_pb_row][\/et_pb_section][et_pb_section fb_built=&#8221;1&#8243; _builder_version=&#8221;4.9.10&#8243; _module_preset=&#8221;default&#8221; hover_enabled=&#8221;0&#8243; saved_tabs=&#8221;all&#8221; global_module=&#8221;721&#8243; custom_padding=&#8221;0px||||false|false&#8221; sticky_enabled=&#8221;0&#8243;][et_pb_row column_structure=&#8221;1_2,1_2&#8243; use_custom_gutter=&#8221;on&#8221; gutter_width=&#8221;1&#8243; make_equal=&#8221;on&#8221; _builder_version=&#8221;4.9.4&#8243; _module_preset=&#8221;default&#8221;][et_pb_column type=&#8221;1_2&#8243; _builder_version=&#8221;4.9.1&#8243; _module_preset=&#8221;default&#8221;][et_pb_blurb title=&#8221;DVC Connect&#8221; image=&#8221;https:\/\/www.dvc.video\/wp-content\/uploads\/2021\/03\/dvc-connect.jpg&#8221; alt=&#8221;DVC Connect&#8221; _builder_version=&#8221;4.9.10&#8243; _module_preset=&#8221;default&#8221; header_font=&#8221;|700|||||||&#8221; body_font_size=&#8221;14px&#8221; custom_padding_tablet=&#8221;||50px||false|false&#8221; custom_padding_phone=&#8221;&#8221; custom_padding_last_edited=&#8221;on|tablet&#8221; animation=&#8221;off&#8221; border_width_right=&#8221;1px&#8221; border_color_right=&#8221;#e7e7e7&#8243; border_width_right_tablet=&#8221;0px&#8221; border_width_right_phone=&#8221;&#8221; border_width_right_last_edited=&#8221;on|tablet&#8221; border_width_bottom_tablet=&#8221;&#8221; border_width_bottom_phone=&#8221;&#8221; border_width_bottom_last_edited=&#8221;on|desktop&#8221;]<\/p>\n<p>Vizualizare live de la \u00eenregistrator, \u00eenregistrare local\u0103 pe cardul SD al telefonului mobil \u0219i vizualizarea \u00eenregistr\u0103rii precum \u0219i alertarea utilizatorului despre evenimentele ini\u021biate de detectarea mi\u0219c\u0103rii sau de intr\u0103rile de alarm\u0103 de pe \u00eenregistrator.<\/p>\n<p><a href=\"https:\/\/play.google.com\/store\/apps\/details?id=video.dvc.connect\" target=\"_blank\" rel=\"noopener\"><img decoding=\"async\" class=\"app_store_badge\" src=\"https:\/\/www.dvc.video\/wp-content\/uploads\/2021\/03\/google-play-badge.svg\" \/><\/a>\u00a0<a href=\"https:\/\/apps.apple.com\/hr\/app\/dvc-connect\/id1453670318?l=hr\" target=\"_blank\" rel=\"noopener\"><img decoding=\"async\" class=\"app_store_badge\" src=\"https:\/\/www.dvc.video\/wp-content\/uploads\/2021\/03\/download-on-the-app-store-badge.svg\" \/><\/a><\/p>\n<p>[\/et_pb_blurb][\/et_pb_column][et_pb_column type=&#8221;1_2&#8243; _builder_version=&#8221;4.9.1&#8243; _module_preset=&#8221;default&#8221;][et_pb_blurb title=&#8221;VDP Connect&#8221; image=&#8221;https:\/\/www.dvc.video\/wp-content\/uploads\/2021\/03\/vdp-connect.jpg&#8221; alt=&#8221;VDP Connect&#8221; _builder_version=&#8221;4.9.10&#8243; _module_preset=&#8221;default&#8221; header_font=&#8221;|700|||||||&#8221; body_font_size=&#8221;14px&#8221; animation=&#8221;off&#8221;]<\/p>\n<p>Aplica\u021bia VDP Connect este de mare ajutor pentru to\u021bi utilizatorii sistemului de videointerfonie DVC. Cu aplica\u021bia, utilizatorul poate r\u0103spunde la un apel dintr-o alt\u0103 loca\u021bie, poate vorbi cu vizitatorii cu ajutorul telefonului mobil \u0219i poate controla deblocarea u\u0219ii.<\/p>\n<p><a href=\"https:\/\/play.google.com\/store\/apps\/details?id=com.vdpconnect.vdp\" target=\"_blank\" rel=\"noopener\"><img decoding=\"async\" class=\"app_store_badge\" src=\"https:\/\/www.dvc.video\/wp-content\/uploads\/2021\/03\/google-play-badge.svg\" \/><\/a>\u00a0<a href=\"https:\/\/apps.apple.com\/sa\/app\/vdpconnect\/id1537340769\" target=\"_blank\" rel=\"noopener\"><img decoding=\"async\" class=\"app_store_badge\" src=\"https:\/\/www.dvc.video\/wp-content\/uploads\/2021\/03\/download-on-the-app-store-badge.svg\" \/><\/a><\/p>\n<p>[\/et_pb_blurb][\/et_pb_column][\/et_pb_row][\/et_pb_section]<\/p>\n","protected":false},"excerpt":{"rendered":"<p>Solutii Smart Home Solu\u021bii complet invizibile de supraveghere video \u00eencorporate \u00een via\u021ba de zi cu zi \u0219i integrate cu sisteme inteligente \u00een interiorul casei sau apartament, ridica nivelul de securitate al utilizatorilor \u0219i, astfel, calitatea vie\u021bii lor. Sistem de supraveghere video cu p\u00e2n\u0103 la 16 camere \u0219i sistem de interfon video cu p\u00e2n\u0103 la 32 [&hellip;]<\/p>\n","protected":false},"author":9,"featured_media":0,"parent":0,"menu_order":0,"comment_status":"closed","ping_status":"closed","template":"","meta":{"_et_pb_use_builder":"on","_et_pb_old_content":"","_et_gb_content_width":"","footnotes":""},"class_list":["post-7646","page","type-page","status-publish","hentry"],"_links":{"self":[{"href":"https:\/\/www.dvc.video\/ro\/wp-json\/wp\/v2\/pages\/7646","targetHints":{"allow":["GET"]}}],"collection":[{"href":"https:\/\/www.dvc.video\/ro\/wp-json\/wp\/v2\/pages"}],"about":[{"href":"https:\/\/www.dvc.video\/ro\/wp-json\/wp\/v2\/types\/page"}],"author":[{"embeddable":true,"href":"https:\/\/www.dvc.video\/ro\/wp-json\/wp\/v2\/users\/9"}],"replies":[{"embeddable":true,"href":"https:\/\/www.dvc.video\/ro\/wp-json\/wp\/v2\/comments?post=7646"}],"version-history":[{"count":1,"href":"https:\/\/www.dvc.video\/ro\/wp-json\/wp\/v2\/pages\/7646\/revisions"}],"predecessor-version":[{"id":32159,"href":"https:\/\/www.dvc.video\/ro\/wp-json\/wp\/v2\/pages\/7646\/revisions\/32159"}],"wp:attachment":[{"href":"https:\/\/www.dvc.video\/ro\/wp-json\/wp\/v2\/media?parent=7646"}],"curies":[{"name":"wp","href":"https:\/\/api.w.org\/{rel}","templated":true}]}}