{"id":7615,"date":"2021-03-09T11:26:44","date_gmt":"2021-03-09T10:26:44","guid":{"rendered":"https:\/\/www.dvc.video\/despre-dvc\/"},"modified":"2023-04-11T13:30:05","modified_gmt":"2023-04-11T11:30:05","slug":"despre-dvc","status":"publish","type":"page","link":"https:\/\/www.dvc.video\/ro\/despre-dvc\/","title":{"rendered":"Despre DVC"},"content":{"rendered":"<p>[et_pb_section fb_built=&#8221;1&#8243; _builder_version=&#8221;4.20.2&#8243; _module_preset=&#8221;default&#8221; background_enable_color=&#8221;off&#8221; background_image=&#8221;https:\/\/www.dvc.video\/wp-content\/uploads\/2021\/03\/bcg-red-triangle.jpg&#8221; height=&#8221;150px&#8221; height_last_edited=&#8221;off|desktop&#8221; custom_padding=&#8221;34px||34px||true|false&#8221; global_module=&#8221;793&#8243; saved_tabs=&#8221;all&#8221; global_colors_info=&#8221;{}&#8221;][et_pb_row _builder_version=&#8221;4.16&#8243; _module_preset=&#8221;default&#8221; global_colors_info=&#8221;{}&#8221;][et_pb_column type=&#8221;4_4&#8243; _builder_version=&#8221;4.16&#8243; _module_preset=&#8221;default&#8221; global_colors_info=&#8221;{}&#8221;][et_pb_text _builder_version=&#8221;4.20.0&#8243; _dynamic_attributes=&#8221;content&#8221; _module_preset=&#8221;default&#8221; header_text_color=&#8221;#FFFFFF&#8221; header_line_height=&#8221;1.3em&#8221; header_font_size_tablet=&#8221;&#8221; header_font_size_phone=&#8221;&#8221; header_font_size_last_edited=&#8221;on|desktop&#8221; global_colors_info=&#8221;{}&#8221;]@ET-DC@eyJkeW5hbWljIjp0cnVlLCJjb250ZW50IjoicG9zdF90aXRsZSIsInNldHRpbmdzIjp7ImJlZm9yZSI6IjxoMT4iLCJhZnRlciI6IjxcL2gxPiJ9fQ==@[\/et_pb_text][\/et_pb_column][\/et_pb_row][\/et_pb_section][et_pb_section fb_built=&#8221;1&#8243; _builder_version=&#8221;4.16&#8243; _module_preset=&#8221;default&#8221; global_colors_info=&#8221;{}&#8221;][et_pb_row _builder_version=&#8221;4.16&#8243; _module_preset=&#8221;default&#8221; global_colors_info=&#8221;{}&#8221;][et_pb_column type=&#8221;4_4&#8243; _builder_version=&#8221;4.16&#8243; _module_preset=&#8221;default&#8221; global_colors_info=&#8221;{}&#8221;][et_pb_text _builder_version=&#8221;4.20.2&#8243; _module_preset=&#8221;default&#8221; hover_enabled=&#8221;0&#8243; global_colors_info=&#8221;{}&#8221; sticky_enabled=&#8221;0&#8243;]<\/p>\n<h2>Tehnologie inteligent\u0103 care valoreaz\u0103 mai mult!<\/h2>\n<p>DVC Digital Video Communication este singurul brand regional de supraveghere video \u0219i videointerfon pe care compania Alarm Automatika l-a dezvoltat \u00een ultimele dou\u0103 decenii. Primul sistem DVC a fost v\u00e2ndut pe 13 mai 2003, iar p\u00e2n\u0103 \u00een prezent au fost v\u00e2ndute peste jum\u0103tate de milion de dispozitive \u0219i echipamente DVC.<\/p>\n<p>[\/et_pb_text][et_pb_text _builder_version=&#8221;4.20.2&#8243; _module_preset=&#8221;default&#8221; hover_enabled=&#8221;0&#8243; global_colors_info=&#8221;{}&#8221; sticky_enabled=&#8221;0&#8243;]<\/p>\n<h3>Fiabilitate \u0219i \u00eencredere<\/h3>\n<p>De la prima sa aparitie pe piata in 2003, DVC a devenit un brand regional care ofera astazi clientilor toate avantajele celor mai noi tehnologii; HD analogic (de la 2 Mpx analog HD 2.0 la 8 Mpx analog HD 4.0) \u0219i tehnologie de supraveghere video IP (anterior H.263 la cea mai recent\u0103 compresie video Smart H.265 de ast\u0103zi), precum \u0219i hibrid cu 2 fire \u0219i IP (wireless sau ethernet ) solutii video interfon.<\/p>\n<p>[\/et_pb_text][et_pb_text _builder_version=&#8221;4.20.2&#8243; _module_preset=&#8221;default&#8221; hover_enabled=&#8221;0&#8243; global_colors_info=&#8221;{}&#8221; sticky_enabled=&#8221;0&#8243;]<\/p>\n<h3>Cele mai avansate tehnologii<\/h3>\n<p>\u00cen timpul procesului de dezvoltare \u0219i selec\u021bie a dispozitivelor au fost alese cele mai fiabile componente ale produc\u0103torilor de top din lume, precum senzorii Sony CMOS, procesoarele de semnal digital Nextchip \u0219i Techpoint \u00een HD analogic sau HiSilicon \u00een tehnologia de supraveghere video IP.<\/p>\n<p>[\/et_pb_text][et_pb_text _builder_version=&#8221;4.20.2&#8243; _module_preset=&#8221;default&#8221; hover_enabled=&#8221;0&#8243; global_colors_info=&#8221;{}&#8221; sticky_enabled=&#8221;0&#8243;]<\/p>\n<h3>Raport calitate\/pre\u021b<\/h3>\n<p>Toate acestea au dus la solu\u021bii DVC care ofer\u0103 cele mai avansate performan\u021be precum rezolu\u021bie de 8 Mpx, Ultra Low Light, WDR, lentile moto-zoom sau Smart-IR de p\u00e2n\u0103 la 80 m pentru camere sau rezolu\u021bie de 8 Mpx \u00een timp real (RealTime), \u00cenregistrare video multi-streaming (cu trei fluxuri), func\u021bii de analiz\u0103 video, precum \u0219i func\u021bii AI, cum ar fi recunoa\u0219terea fe\u021bei sau recunoa\u0219terea pl\u0103cu\u021belor de \u00eenmatriculare.<\/p>\n<p>[\/et_pb_text][\/et_pb_column][\/et_pb_row][\/et_pb_section][et_pb_section fb_built=&#8221;1&#8243; fullwidth=&#8221;on&#8221; _builder_version=&#8221;4.10.8&#8243; _module_preset=&#8221;default&#8221; global_module=&#8221;722&#8243; saved_tabs=&#8221;all&#8221; global_colors_info=&#8221;{}&#8221;][et_pb_fullwidth_header title=&#8221;Vrei s\u0103 devii partener DVC?&#8221; subhead=&#8221;Deveni\u021bi parte a comunit\u0103\u021bii regionale de instalatori \u0219i distribuitori de solu\u021bii de supraveghere video si videointerfonie DVC!&#8221; button_one_text=&#8221;Contacteaz\u0103-ne&#8221; button_one_url=&#8221;@ET-DC@eyJkeW5hbWljIjp0cnVlLCJjb250ZW50IjoicG9zdF9saW5rX3VybF9wYWdlIiwic2V0dGluZ3MiOnsicG9zdF9pZCI6IjMwIn19@&#8221; button_two_text=&#8221;De unde cump\u0103r?&#8221; button_two_url=&#8221;@ET-DC@eyJkeW5hbWljIjp0cnVlLCJjb250ZW50IjoicG9zdF9saW5rX3VybF9wYWdlIiwic2V0dGluZ3MiOnsicG9zdF9pZCI6IjIzNiJ9fQ==@&#8221; header_image_url=&#8221;https:\/\/www.dvc.video\/wp-content\/uploads\/2021\/04\/instalater.png&#8221; image_orientation=&#8221;bottom&#8221; _builder_version=&#8221;4.16&#8243; _dynamic_attributes=&#8221;button_one_url,button_two_url&#8221; _module_preset=&#8221;default&#8221; title_level=&#8221;h2&#8243; title_font_size=&#8221;42px&#8221; title_line_height=&#8221;1.3em&#8221; content_font_size=&#8221;15px&#8221; subhead_font=&#8221;|700|||||||&#8221; subhead_font_size=&#8221;17px&#8221; background_enable_color=&#8221;off&#8221; background_image=&#8221;https:\/\/www.dvc.video\/wp-content\/uploads\/2021\/03\/bcg-red-triangle.jpg&#8221; custom_button_one=&#8221;on&#8221; button_one_text_color=&#8221;#242424&#8243; button_one_bg_color=&#8221;#FFFFFF&#8221; button_one_font=&#8221;|600|||||||&#8221; button_one_use_icon=&#8221;off&#8221; button_one_custom_padding=&#8221;18px|48px|18px|48px|true|true&#8221; custom_button_two=&#8221;on&#8221; button_two_bg_color=&#8221;#FBB040&#8243; button_two_font=&#8221;|600|||||||&#8221; button_two_use_icon=&#8221;off&#8221; button_two_custom_padding=&#8221;18px|48px|18px|48px|true|true&#8221; custom_padding=&#8221;||0px||false|false&#8221; custom_css_logo=&#8221;width: 200px;||padding-bottom: 20px;&#8221; custom_css_title=&#8221;padding-bottom: 20px;&#8221; custom_css_subtitle=&#8221;padding-bottom: 15px;&#8221; global_colors_info=&#8221;{}&#8221; button_one_text_color__hover_enabled=&#8221;on|desktop&#8221; button_one_text_color__hover=&#8221;#FFFFFF&#8221; button_one_bg_color__hover_enabled=&#8221;on|desktop&#8221; button_one_bg_color__hover=&#8221;#9E0B0F&#8221; button_one_bg_enable_color__hover=&#8221;on&#8221; button_two_text_color__hover_enabled=&#8221;on|hover&#8221; button_two_bg_color__hover_enabled=&#8221;on|desktop&#8221; button_two_bg_color__hover=&#8221;#9E0B0F&#8221; button_two_bg_enable_color__hover=&#8221;on&#8221;]<\/p>\n<p>Produsele DVC se bazeaz\u0103 pe cele mai noi tehnologii, cele mai fiabile componente \u0219i ofer\u0103 cele mai \u00eenalte performan\u021be, potrivite pentru utilizare \u00een cl\u0103diri de diferite dimensiuni \u0219i destina\u021bii.<\/p>\n<p>[\/et_pb_fullwidth_header][\/et_pb_section]<\/p>\n","protected":false},"excerpt":{"rendered":"<p>Tehnologie inteligent\u0103 care valoreaz\u0103 mai mult! DVC Digital Video Communication este singurul brand regional de supraveghere video \u0219i videointerfon pe care compania Alarm Automatika l-a dezvoltat \u00een ultimele dou\u0103 decenii. Primul sistem DVC a fost v\u00e2ndut pe 13 mai 2003, iar p\u00e2n\u0103 \u00een prezent au fost v\u00e2ndute peste jum\u0103tate de milion de dispozitive \u0219i echipamente [&hellip;]<\/p>\n","protected":false},"author":9,"featured_media":0,"parent":0,"menu_order":0,"comment_status":"closed","ping_status":"closed","template":"","meta":{"_et_pb_use_builder":"on","_et_pb_old_content":"","_et_gb_content_width":"","footnotes":""},"class_list":["post-7615","page","type-page","status-publish","hentry"],"_links":{"self":[{"href":"https:\/\/www.dvc.video\/ro\/wp-json\/wp\/v2\/pages\/7615","targetHints":{"allow":["GET"]}}],"collection":[{"href":"https:\/\/www.dvc.video\/ro\/wp-json\/wp\/v2\/pages"}],"about":[{"href":"https:\/\/www.dvc.video\/ro\/wp-json\/wp\/v2\/types\/page"}],"author":[{"embeddable":true,"href":"https:\/\/www.dvc.video\/ro\/wp-json\/wp\/v2\/users\/9"}],"replies":[{"embeddable":true,"href":"https:\/\/www.dvc.video\/ro\/wp-json\/wp\/v2\/comments?post=7615"}],"version-history":[{"count":0,"href":"https:\/\/www.dvc.video\/ro\/wp-json\/wp\/v2\/pages\/7615\/revisions"}],"wp:attachment":[{"href":"https:\/\/www.dvc.video\/ro\/wp-json\/wp\/v2\/media?parent=7615"}],"curies":[{"name":"wp","href":"https:\/\/api.w.org\/{rel}","templated":true}]}}