{"id":7609,"date":"2021-03-05T08:55:36","date_gmt":"2021-03-05T07:55:36","guid":{"rendered":"https:\/\/www.dvc.video\/contacteaza-ne\/"},"modified":"2026-02-05T15:02:46","modified_gmt":"2026-02-05T14:02:46","slug":"contacteaza-ne","status":"publish","type":"page","link":"https:\/\/www.dvc.video\/ro\/contacteaza-ne\/","title":{"rendered":"Contacteaz\u0103-ne"},"content":{"rendered":"<p>[et_pb_section fb_built=&#8221;1&#8243; _builder_version=&#8221;4.20.2&#8243; _module_preset=&#8221;default&#8221; background_enable_color=&#8221;off&#8221; background_image=&#8221;https:\/\/www.dvc.video\/wp-content\/uploads\/2021\/03\/bcg-red-triangle.jpg&#8221; height=&#8221;150px&#8221; height_last_edited=&#8221;off|desktop&#8221; custom_padding=&#8221;34px||34px||true|false&#8221; global_module=&#8221;793&#8243; saved_tabs=&#8221;all&#8221; global_colors_info=&#8221;{}&#8221;][et_pb_row _builder_version=&#8221;4.16&#8243; _module_preset=&#8221;default&#8221; global_colors_info=&#8221;{}&#8221;][et_pb_column type=&#8221;4_4&#8243; _builder_version=&#8221;4.16&#8243; _module_preset=&#8221;default&#8221; global_colors_info=&#8221;{}&#8221;][et_pb_text _builder_version=&#8221;4.20.0&#8243; _dynamic_attributes=&#8221;content&#8221; _module_preset=&#8221;default&#8221; header_text_color=&#8221;#FFFFFF&#8221; header_line_height=&#8221;1.3em&#8221; header_font_size_tablet=&#8221;&#8221; header_font_size_phone=&#8221;&#8221; header_font_size_last_edited=&#8221;on|desktop&#8221; global_colors_info=&#8221;{}&#8221;]@ET-DC@eyJkeW5hbWljIjp0cnVlLCJjb250ZW50IjoicG9zdF90aXRsZSIsInNldHRpbmdzIjp7ImJlZm9yZSI6IjxoMT5cdTAwYTA8XC9oMT4iLCJhZnRlciI6IjxcL2gxPiJ9fQ==@[\/et_pb_text][\/et_pb_column][\/et_pb_row][\/et_pb_section][et_pb_section fb_built=&#8221;1&#8243; custom_padding_last_edited=&#8221;on|phone&#8221; _builder_version=&#8221;4.16&#8243; _module_preset=&#8221;default&#8221; background_enable_color=&#8221;off&#8221; custom_padding_tablet=&#8221;||0px||false|false&#8221; custom_padding_phone=&#8221;||0px||false|false&#8221; global_colors_info=&#8221;{}&#8221;][et_pb_row column_structure=&#8221;1_2,1_2&#8243; _builder_version=&#8221;4.16&#8243; _module_preset=&#8221;default&#8221; global_colors_info=&#8221;{}&#8221;][et_pb_column type=&#8221;1_2&#8243; _builder_version=&#8221;4.16&#8243; _module_preset=&#8221;default&#8221; global_colors_info=&#8221;{}&#8221;][et_pb_text _builder_version=&#8221;4.16&#8243; _module_preset=&#8221;default&#8221; header_2_font_size=&#8221;20px&#8221; header_2_line_height=&#8221;1.3em&#8221; hover_enabled=&#8221;0&#8243; global_colors_info=&#8221;{}&#8221; sticky_enabled=&#8221;0&#8243;]<\/p>\n<h2>Ai o intrebare? <span style=\"color: #ed1c24;\">Contacteaz\u0103-ne!<\/span><\/h2>\n<p><\/p>\n<p>R\u0103spundem c\u00e2t mai cur\u00e2nd posibil.<\/p>\n<p>[\/et_pb_text][et_pb_text _builder_version=&#8221;4.27.4&#8243; _module_preset=&#8221;default&#8221; hover_enabled=&#8221;0&#8243; global_colors_info=&#8221;{}&#8221; sticky_enabled=&#8221;0&#8243;]<\/p>\n\n<div class=\"wpcf7 no-js\" id=\"wpcf7-f7215-o1\" lang=\"ro-RO\" dir=\"ltr\" data-wpcf7-id=\"7215\">\n<div class=\"screen-reader-response\"><p role=\"status\" aria-live=\"polite\" aria-atomic=\"true\"><\/p> <ul><\/ul><\/div>\n<form action=\"\/ro\/wp-json\/wp\/v2\/pages\/7609#wpcf7-f7215-o1\" method=\"post\" class=\"wpcf7-form init\" aria-label=\"Formular de contact\" enctype=\"multipart\/form-data\" novalidate=\"novalidate\" data-status=\"init\">\n<fieldset class=\"hidden-fields-container\"><input type=\"hidden\" name=\"_wpcf7\" value=\"7215\" \/><input type=\"hidden\" name=\"_wpcf7_version\" value=\"6.1.5\" \/><input type=\"hidden\" name=\"_wpcf7_locale\" value=\"ro_RO\" \/><input type=\"hidden\" name=\"_wpcf7_unit_tag\" value=\"wpcf7-f7215-o1\" \/><input type=\"hidden\" name=\"_wpcf7_container_post\" value=\"0\" \/><input type=\"hidden\" name=\"_wpcf7_posted_data_hash\" value=\"\" \/>\n<\/fieldset>\n<p>Nume \u0219i prenume *<br \/>\n<span class=\"wpcf7-form-control-wrap\" data-name=\"your_name\"><input size=\"40\" maxlength=\"400\" class=\"wpcf7-form-control wpcf7-text wpcf7-validates-as-required\" aria-required=\"true\" aria-invalid=\"false\" value=\"\" type=\"text\" name=\"your_name\" \/><\/span>\n<\/p>\n<p>Numele companiei<br \/>\n<span class=\"wpcf7-form-control-wrap\" data-name=\"company\"><input size=\"40\" maxlength=\"400\" class=\"wpcf7-form-control wpcf7-text\" aria-invalid=\"false\" value=\"\" type=\"text\" name=\"company\" \/><\/span>\n<\/p>\n<p>Oras *<br \/>\n<span class=\"wpcf7-form-control-wrap\" data-name=\"city\"><input size=\"40\" maxlength=\"400\" class=\"wpcf7-form-control wpcf7-text wpcf7-validates-as-required\" aria-required=\"true\" aria-invalid=\"false\" value=\"\" type=\"text\" name=\"city\" \/><\/span>\n<\/p>\n<p>Telefon *<br \/>\n<span class=\"wpcf7-form-control-wrap\" data-name=\"phone\"><input size=\"40\" maxlength=\"400\" class=\"wpcf7-form-control wpcf7-tel wpcf7-validates-as-required wpcf7-text wpcf7-validates-as-tel\" aria-required=\"true\" aria-invalid=\"false\" value=\"\" type=\"tel\" name=\"phone\" \/><\/span>\n<\/p>\n<p>Adresa de e-mail *<br \/>\n<span class=\"wpcf7-form-control-wrap\" data-name=\"your_email\"><input size=\"40\" maxlength=\"400\" class=\"wpcf7-form-control wpcf7-email wpcf7-validates-as-required wpcf7-text wpcf7-validates-as-email\" aria-required=\"true\" aria-invalid=\"false\" value=\"\" type=\"email\" name=\"your_email\" \/><\/span>\n<\/p>\n<p>Mesaj *<br \/>\n<span class=\"wpcf7-form-control-wrap\" data-name=\"message\"><textarea cols=\"40\" rows=\"5\" maxlength=\"2000\" class=\"wpcf7-form-control wpcf7-textarea wpcf7-validates-as-required\" aria-required=\"true\" aria-invalid=\"false\" name=\"message\"><\/textarea><\/span>\n<\/p>\n<p>Ata\u0219ament (pdf, Word, zip - max 10MB)<br \/>\n<span class=\"wpcf7-form-control-wrap\" data-name=\"attach\"><input size=\"40\" class=\"wpcf7-form-control wpcf7-file\" accept=\".pdf,.doc,.docx,.zip\" aria-invalid=\"false\" type=\"file\" name=\"attach\" \/><\/span>\n<\/p>\n<div class=\"wpcf7-turnstile cf-turnstile\" data-sitekey=\"0x4AAAAAACal9s7_sd7CzLTM\" data-response-field-name=\"_wpcf7_turnstile_response\"><\/div>\n<p><input class=\"wpcf7-form-control wpcf7-submit has-spinner\" type=\"submit\" value=\"Trimite\" \/>\n<\/p><div class=\"wpcf7-response-output\" aria-hidden=\"true\"><\/div>\n<\/form>\n<\/div>\n\n<p>[\/et_pb_text][\/et_pb_column][et_pb_column type=&#8221;1_2&#8243; _builder_version=&#8221;4.16&#8243; _module_preset=&#8221;default&#8221; global_colors_info=&#8221;{}&#8221;][et_pb_text _builder_version=&#8221;4.27.4&#8243; _module_preset=&#8221;default&#8221; header_2_font_size=&#8221;20px&#8221; header_2_line_height=&#8221;1.3em&#8221; header_3_font_size=&#8221;18px&#8221; header_3_line_height=&#8221;1.3em&#8221; global_colors_info=&#8221;{}&#8221;]<\/p>\n<h2>Alarm automatika S.r.l.<\/h2>\n<p><\/p>\n<h3 class=\"contact_city\">Bucure\u015fti<\/h3>\n<p><\/p>\n<p class=\"contact_city_data\">Drumul Jilavei, Nr. 58-60, Parter, Block 2, Sector 4<br \/>042162 Bucure\u015fti<br \/>Rom\u00e2nia<br \/>+40 (0)31 426 0355<br \/><a href=\"mailto:bucharest@alarmautomatika.com\">bucharest@alarmautomatika.com<\/a><\/p>\n<p>[\/et_pb_text][\/et_pb_column][\/et_pb_row][\/et_pb_section]<\/p>\n","protected":false},"excerpt":{"rendered":"<p>Ai o intrebare? Contacteaz\u0103-ne!R\u0103spundem c\u00e2t mai cur\u00e2nd posibil.\n<div class=\"wpcf7 no-js\" id=\"wpcf7-f7215-o2\" lang=\"ro-RO\" dir=\"ltr\" data-wpcf7-id=\"7215\">\n<div class=\"screen-reader-response\"><p role=\"status\" aria-live=\"polite\" aria-atomic=\"true\"><\/p> <ul><\/ul><\/div>\n<form action=\"\/ro\/wp-json\/wp\/v2\/pages\/7609#wpcf7-f7215-o2\" method=\"post\" class=\"wpcf7-form init\" aria-label=\"Formular de contact\" enctype=\"multipart\/form-data\" novalidate=\"novalidate\" data-status=\"init\">\n<fieldset class=\"hidden-fields-container\"><input type=\"hidden\" name=\"_wpcf7\" value=\"7215\" \/><input type=\"hidden\" name=\"_wpcf7_version\" value=\"6.1.5\" \/><input type=\"hidden\" name=\"_wpcf7_locale\" value=\"ro_RO\" \/><input type=\"hidden\" name=\"_wpcf7_unit_tag\" value=\"wpcf7-f7215-o2\" \/><input type=\"hidden\" name=\"_wpcf7_container_post\" value=\"0\" \/><input type=\"hidden\" name=\"_wpcf7_posted_data_hash\" value=\"\" \/>\n<\/fieldset>\n<p>Nume \u0219i prenume *<br \/>\n<span class=\"wpcf7-form-control-wrap\" data-name=\"your_name\"><input size=\"40\" maxlength=\"400\" class=\"wpcf7-form-control wpcf7-text wpcf7-validates-as-required\" aria-required=\"true\" aria-invalid=\"false\" value=\"\" type=\"text\" name=\"your_name\" \/><\/span>\n<\/p>\n<p>Numele companiei<br \/>\n<span class=\"wpcf7-form-control-wrap\" data-name=\"company\"><input size=\"40\" maxlength=\"400\" class=\"wpcf7-form-control wpcf7-text\" aria-invalid=\"false\" value=\"\" type=\"text\" name=\"company\" \/><\/span>\n<\/p>\n<p>Oras *<br \/>\n<span class=\"wpcf7-form-control-wrap\" data-name=\"city\"><input size=\"40\" maxlength=\"400\" class=\"wpcf7-form-control wpcf7-text wpcf7-validates-as-required\" aria-required=\"true\" aria-invalid=\"false\" value=\"\" type=\"text\" name=\"city\" \/><\/span>\n<\/p>\n<p>Telefon *<br \/>\n<span class=\"wpcf7-form-control-wrap\" data-name=\"phone\"><input size=\"40\" maxlength=\"400\" class=\"wpcf7-form-control wpcf7-tel wpcf7-validates-as-required wpcf7-text wpcf7-validates-as-tel\" aria-required=\"true\" aria-invalid=\"false\" value=\"\" type=\"tel\" name=\"phone\" \/><\/span>\n<\/p>\n<p>Adresa de e-mail *<br \/>\n<span class=\"wpcf7-form-control-wrap\" data-name=\"your_email\"><input size=\"40\" maxlength=\"400\" class=\"wpcf7-form-control wpcf7-email wpcf7-validates-as-required wpcf7-text wpcf7-validates-as-email\" aria-required=\"true\" aria-invalid=\"false\" value=\"\" type=\"email\" name=\"your_email\" \/><\/span>\n<\/p>\n<p>Mesaj *<br \/>\n<span class=\"wpcf7-form-control-wrap\" data-name=\"message\"><textarea cols=\"40\" rows=\"5\" maxlength=\"2000\" class=\"wpcf7-form-control wpcf7-textarea wpcf7-validates-as-required\" aria-required=\"true\" aria-invalid=\"false\" name=\"message\"><\/textarea><\/span>\n<\/p>\n<p>Ata\u0219ament (pdf, Word, zip - max 10MB)<br \/>\n<span class=\"wpcf7-form-control-wrap\" data-name=\"attach\"><input size=\"40\" class=\"wpcf7-form-control wpcf7-file\" accept=\".pdf,.doc,.docx,.zip\" aria-invalid=\"false\" type=\"file\" name=\"attach\" \/><\/span>\n<\/p>\n<div class=\"wpcf7-turnstile cf-turnstile\" data-sitekey=\"0x4AAAAAACal9s7_sd7CzLTM\" data-response-field-name=\"_wpcf7_turnstile_response\"><\/div>\n<p><input class=\"wpcf7-form-control wpcf7-submit has-spinner\" type=\"submit\" value=\"Trimite\" \/>\n<\/p><div class=\"wpcf7-response-output\" aria-hidden=\"true\"><\/div>\n<\/form>\n<\/div>\nAlarm automatika S.r.l.Bucure\u015ftiDrumul Jilavei, Nr. 58-60, Parter, Block 2, Sector 4042162 Bucure\u015ftiRom\u00e2nia+40 (0)31 426 0355bucharest@alarmautomatika.com<\/p>\n","protected":false},"author":9,"featured_media":0,"parent":0,"menu_order":0,"comment_status":"closed","ping_status":"closed","template":"","meta":{"_et_pb_use_builder":"on","_et_pb_old_content":"","_et_gb_content_width":"","footnotes":""},"class_list":["post-7609","page","type-page","status-publish","hentry"],"_links":{"self":[{"href":"https:\/\/www.dvc.video\/ro\/wp-json\/wp\/v2\/pages\/7609","targetHints":{"allow":["GET"]}}],"collection":[{"href":"https:\/\/www.dvc.video\/ro\/wp-json\/wp\/v2\/pages"}],"about":[{"href":"https:\/\/www.dvc.video\/ro\/wp-json\/wp\/v2\/types\/page"}],"author":[{"embeddable":true,"href":"https:\/\/www.dvc.video\/ro\/wp-json\/wp\/v2\/users\/9"}],"replies":[{"embeddable":true,"href":"https:\/\/www.dvc.video\/ro\/wp-json\/wp\/v2\/comments?post=7609"}],"version-history":[{"count":2,"href":"https:\/\/www.dvc.video\/ro\/wp-json\/wp\/v2\/pages\/7609\/revisions"}],"predecessor-version":[{"id":36995,"href":"https:\/\/www.dvc.video\/ro\/wp-json\/wp\/v2\/pages\/7609\/revisions\/36995"}],"wp:attachment":[{"href":"https:\/\/www.dvc.video\/ro\/wp-json\/wp\/v2\/media?parent=7609"}],"curies":[{"name":"wp","href":"https:\/\/api.w.org\/{rel}","templated":true}]}}