{"id":7427,"date":"2021-03-04T14:02:51","date_gmt":"2021-03-04T13:02:51","guid":{"rendered":"https:\/\/www.dvc.video\/privacy-policy\/"},"modified":"2021-07-06T12:25:06","modified_gmt":"2021-07-06T10:25:06","slug":"privacy-policy","status":"publish","type":"page","link":"https:\/\/www.dvc.video\/ro\/privacy-policy\/","title":{"rendered":"Privacy policy"},"content":{"rendered":"<p>[et_pb_section fb_built=&#8221;1&#8243; _builder_version=&#8221;4.9.2&#8243; _module_preset=&#8221;default&#8221; background_enable_color=&#8221;off&#8221; background_image=&#8221;https:\/\/www.dvc.video\/wp-content\/uploads\/2021\/03\/bcg-red-triangle.jpg&#8221; height=&#8221;150px&#8221; height_last_edited=&#8221;off|desktop&#8221; custom_padding=&#8221;0px||0px||true|false&#8221; global_module=&#8221;793&#8243;][et_pb_row _builder_version=&#8221;4.9.2&#8243; _module_preset=&#8221;default&#8221;][et_pb_column type=&#8221;4_4&#8243; _builder_version=&#8221;4.9.2&#8243; _module_preset=&#8221;default&#8221;][et_pb_text _builder_version=&#8221;4.9.7&#8243; _dynamic_attributes=&#8221;content&#8221; _module_preset=&#8221;default&#8221; header_text_color=&#8221;#FFFFFF&#8221; header_line_height=&#8221;1.3em&#8221; header_font_size_tablet=&#8221;&#8221; header_font_size_phone=&#8221;&#8221; header_font_size_last_edited=&#8221;on|desktop&#8221;]@ET-DC@eyJkeW5hbWljIjp0cnVlLCJjb250ZW50IjoicG9zdF90aXRsZSIsInNldHRpbmdzIjp7ImJlZm9yZSI6IjxoMT4iLCJhZnRlciI6IjxcL2gxPiJ9fQ==@[\/et_pb_text][\/et_pb_column][\/et_pb_row][\/et_pb_section][et_pb_section fb_built=&#8221;1&#8243; _builder_version=&#8221;4.9.4&#8243; _module_preset=&#8221;default&#8221;][et_pb_row _builder_version=&#8221;4.9.4&#8243; _module_preset=&#8221;default&#8221;][et_pb_column type=&#8221;4_4&#8243; _builder_version=&#8221;4.9.4&#8243; _module_preset=&#8221;default&#8221;][et_pb_text _builder_version=&#8221;4.9.4&#8243; _module_preset=&#8221;default&#8221; header_2_font_size=&#8221;30px&#8221; header_2_line_height=&#8221;1.3em&#8221;]<\/p>\n<h2>Obliga\u021bia de confiden\u021bialitate a datelor<\/h2>\n<p>Pentru compania Alarm Automatika d.o.o. protejarea securit\u0103\u021bii \u0219i confiden\u021bialit\u0103\u021bii datelor cu caracter personal este important\u0103; prin urmare, \u00ee\u0219i desf\u0103\u0219oar\u0103 activitatea \u00een conformitate cu legile aplicabile privind protec\u021bia \u0219i securitatea datelor.<\/p>\n<p>Mai jos indic\u0103m ce date poate colecta Alarm automatika d.o.o., cum utilizeaz\u0103 \u0219i p\u0103streaz\u0103 aceste date \u0219i cui le poate fi \u00eenm\u00e2nat\u0103.<\/p>\n<h2>Date personale<\/h2>\n<p>Alarm Automatika d.o.o. nu va colecta date personale prin paginile noastre web (cum ar fi numele, adresa, num\u0103rul de telefon sau adresa de e-mail) dec\u00e2t dac\u0103 le furniza\u021bi \u00een mod voluntar (de exemplu, prin conectare sau prin completarea unui sondaj); dac\u0103 v\u0103 da\u021bi consim\u021b\u0103m\u00e2ntul sau dac\u0103 astfel de ac\u021biuni sunt permise de legile \u0219i reglement\u0103rile aplicabile privind protec\u021bia datelor cu caracter personal.<\/p>\n<h2>Scop<\/h2>\n<p>Prin trimiterea datelor dvs. Personale, sunte\u021bi de acord c\u0103 le putem utiliza pentru a r\u0103spunde la \u00eentrebarea dvs., prelucrarea comenzii dvs. Sau acordarea unui acces la informa\u021bii sau oferte specifice. \u00cen plus, pentru a stabili o rela\u021bie cu dvs. in calitate de beneficiar:<\/p>\n<ul>\n<li>putem stoca \u0219i prelucra datele dvs. personale pentru o mai bun\u0103 \u00een\u021belegere a nevoilor dvs. de afaceri \u0219i g\u0103sirea de modalit\u0103\u021bi de \u00eembun\u0103t\u0103\u021bire a produselor \u0219i serviciilor noastre;<\/li>\n<li>putem folosi date personale pentru a v\u0103 contacta \u00een ceea ce prive\u0219te ofertele de la Alarm Automatika d.o.o., pentru a v\u0103 sus\u021bine nevoile de afaceri.<\/li>\n<li>pentru a efectua sondaje online care ne-ar ajuta s\u0103 \u00een\u021belegem mai bine nevoile clien\u021bilor.<\/li>\n<\/ul>\n<p>Dac\u0103 nu dori\u021bi ca datele dvs. personale s\u0103 fie utilizate pentru a sprijini procesul de rela\u021bii cu clien\u021bii (\u00een special pentru marketing direct sau cercetare de pia\u021b\u0103), vom respecta alegerea dvs. Noi nu vindem sau transmite datele dumneavoastr\u0103 cu caracter personal c\u0103tre ter\u021be p\u0103r\u021bi.<\/p>\n<h2>Limitation of purpose<\/h2>\n<p>Alarm Automatika d.o.o. va colecta, utiliza sau publica datele personale pe care le-a\u021bi furnizat numai \u00een scopurile cu care sunte\u021bi familiarizat, cu excep\u021bia cazului \u00een care o astfel de divulgare este:<\/p>\n<ul>\n<li>pentru utilizarea datelor cu caracter personal \u00een alte scopuri care sunt direct legate de scopul ini\u021bial pentru care au fost colectate datele cu caracter personal,<\/li>\n<li>necesare pentru preg\u0103tirea, negocierea \u0219i executarea contractului cu dumneavoastr\u0103,<\/li>\n<li>impuse prin lege sau impuse de statul sau organismele judiciare relevante,<\/li>\n<li>necesare pentru desf\u0103\u0219urarea procedurilor judiciare sau a altor proceduri<\/li>\n<li>necesare pentru a preveni frauda sau alte activit\u0103\u021bi ilegale cu privire la sistemele de tehnologia informa\u021biei (IT).<\/li>\n<\/ul>\n<h2>Date de comunicare sau de utilizare<\/h2>\n<p>Prin utilizarea serviciilor de telecomunica\u021bii pentru a accesa paginile noastre de re\u021bea, datele dvs. De comunicare (de ex. Adresa IP) sau datele de utilizare (de exemplu, informa\u021biile despre \u00eenceputul, sf\u00e2r\u0219itul \u0219i amploarea fiec\u0103rei informa\u021bii de acces sau de serviciu de telecomunica\u021bii pe care a\u021bi accesat-o) sunt generate din punct de vedere tehnic \u0219i pot fi eventual utilizate pentru a face referire la datele cu caracter personal. Dac\u0103 este nevoie, datele dvs. de comunicare sau de utilizare vor fi necesare colectate, prelucrate \u0219i utilizate \u00een conformitate cu cadrul juridic aplicabil pentru protec\u021bia \u0219i securitatea datelor.<\/p>\n<h2>Datele nepersonale colectate automat<\/h2>\n<p>C\u00e2nd accesa\u021bi paginile noastre web, putem colecta automat (adic\u0103 nu prin autentificare) date nepersonale (cum ar fi tipul de browser de Internet \u0219i sistemul de operare pe care \u00eel utiliza\u021bi, numele de domeniu al re\u021belei de la care a\u021bi accesat, num\u0103rul de vizite, timpul mediu petrecut pe pagini, lista paginilor vizualizate etc.). Aceste date pot fi utilizate \u0219i schimbate pentru a urm\u0103ri traficul paginilor noastre web \u0219i pentru a \u00eembun\u0103t\u0103\u021bi munca sau con\u021binutul acestora.<\/p>\n<h2>Cookie-uri \u2013 informa\u021bii care sunt stocate automat pe computer<\/h2>\n<p>C\u00e2nd v\u0103 uita\u021bi la paginile noastre web, putem stoca c\u00e2teva date pe computerul dvs. Sub forma unui modul cookie pentru a v\u0103 identifica automat computerul \u00een timpul urm\u0103toarei vizite. Cookie-urile ne pot ajuta \u00eentr-o varietate de moduri, de exemplu, pentru a adapta mai bine paginile noastre web la interesele dumneavoastr\u0103 sau pentru a stoca parola, deoarece nu ar trebui s\u0103 fie introduse de fiecare dat\u0103. Dac\u0103 nu dori\u021bi s\u0103 primi\u021bi module cookie, trebuie s\u0103 seta\u021bi set\u0103rile browserului dvs. Pentru a \u0219terge module cookie de pe hard disk-ul computerului, pentru a bloca toate modulele cookie sau pentru a primi o alert\u0103 \u00eenainte de a salva modulul cookie.<\/p>\n<h2>Securitatea datelor cu caracter personal<\/h2>\n<p>Pentru protec\u021bia datelor cu caracter personal \u00eempotriva distrugerii, pierderii sau modific\u0103rii accidentale sau ilegale \u0219i \u00eempotriva divulg\u0103rii sau accesului neautorizat, Alarm automatika d.o.o. ia m\u0103suri tehnice \u0219i organizatorice de securitate.<\/p>\n<h2>Link-uri c\u0103tre alte pagini web<\/h2>\n<p>Paginile de re\u021bea Alarm Automatika d.o.o. con\u021bin linkuri c\u0103tre alte pagini web \u0219i nu suntem responsabili pentru confiden\u021bialitatea sau con\u021binutul altor site-uri web.<\/p>\n<h2>Intrebari si comentarii<\/h2>\n<p>Alarm automatika d.o.o. va r\u0103spunde la solicit\u0103ri rezonabile de revizuire a datelor cu caracter personal \u0219i de corectare, completare sau \u0219tergere a datelor inexacte. Verifica\u021bi regulat aceast\u0103 pagin\u0103 pentru a ob\u021bine toate informa\u021biile actualizate.<\/p>\n<h2>Inregistrare utilizator<\/h2>\n<p>Prin \u00eenregistrare, utilizatorul ofer\u0103 consim\u021b\u0103m\u00e2ntul personal pentru colectarea, utilizarea, prelucrarea \u0219i transferul datelor sale cu caracter personal. Numai un adult se poate \u00eenregistra.<\/p>\n<h2>Consimtamant<\/h2>\n<p>Utilizatorul select\u00e2nd op\u021biunea \u201esunt de acord cu termenii de utilizare\u201d la \u00eenregistrare, d\u0103 un consim\u021b\u0103m\u00e2nt personal pentru colectarea, utilizarea, prelucrarea \u0219i transferul datelor cu caracter personal necesare pentru utilizarea site-ului nostru web, inclusiv (dar f\u0103r\u0103 a se limita la):<\/p>\n<ul>\n<li>consim\u021b\u0103m\u00e2ntul v\u00e2nz\u0103torului poate, \u00een conformitate cu prevederile Legii privind protec\u021bia datelor cu caracter personal, s\u0103 prelucreze date cu caracter personal \u00een scopul cre\u0103rii de \u00eenregistr\u0103ri proprii \u0219i date statistice, necesitatea de a crea baze de date cu clien\u021bii, informa\u021bii despre produse \u0219i servicii, informa\u021bii despre livrare, pentru livrarea materialelor promo\u021bionale, imbun\u0103t\u0103\u021birea rela\u021biilor cu clien\u021bii \u0219i \u00eembun\u0103t\u0103\u021birea serviciilor. V\u00e2nz\u0103torul poate furniza aceste date ter\u021bilor pentru furnizarea de servicii, protec\u021bia intereselor, at\u00e2t ale utilizatorului, c\u00e2t \u0219i ale v\u00e2nz\u0103torului, precum \u0219i prevenirea unor eventuale utiliz\u0103ri gre\u0219ite;<\/li>\n<li>necesitatea unei mai bune \u00een\u021belegeri \u0219i \u00een\u021belegeri a nevoilor \u0219i cerin\u021belor individuale ale utilizatorilor, precum \u0219i dezvoltarea celei mai bune calit\u0103\u021bi posibile a tuturor serviciilor de v\u00e2nz\u0103tor, ceea ce duce la cre\u0219terea satisfac\u021biei clientului;<\/li>\n<li>consim\u021b\u0103m\u00e2ntul care poate fi contactat de c\u0103tre v\u00e2nz\u0103tor \u00een scris, telefon, SMS \u0219i \/ sau po\u0219t\u0103 electronic\u0103, \u0219i furnizeaz\u0103 materialelor sale adresa de domiciliu cu informa\u021bii despre noile oferte \u0219i beneficii; furnizarea de date c\u0103tre ter\u021be p\u0103r\u021bi necesare pentru a efectua scopurile men\u021bionate mai sus.<\/li>\n<\/ul>\n<p>Operatorul de date cu caracter personal este compania Alarm Automatika d.o.o. Dra\u017eice 123c (Zamet), Rijeka.<\/p>\n<p>\u00cen conformitate cu articolul 7 din Legea privind protec\u021bia datelor cu caracter personal, persoana vizat\u0103 are dreptul de a-\u0219i retrage consim\u021b\u0103m\u00e2ntul \u00een orice moment. Retragerea consim\u021b\u0103m\u00e2ntului nu afecteaz\u0103 legalitatea prelucr\u0103rii bazate pe consim\u021b\u0103m\u00e2nt \u00eenainte de retragerea acestuia. \u00cenainte de a-\u0219i da consim\u021b\u0103m\u00e2ntul, persoana vizat\u0103 este informat\u0103 cu privire la aceasta. Este la fel de u\u0219or s\u0103 se retrag\u0103 \u00een ceea ce prive\u0219te acordarea consim\u021b\u0103m\u00e2ntului.<\/p>\n<p>Pute\u021bi solicita o revocare personal\u0103 \u00een birourile Alarm Automatika d.n. o, prin po\u0219t\u0103 la adresa de mai sus sau prin e-mail la <a href=\"mailto:gdpr@alarmautomatika.com\">gdpr@alarmautomatika.com<\/a>.<\/p>\n<p>Dup\u0103 o citire atent\u0103 \u0219i \u00een\u021belegere a informa\u021biilor din aceast\u0103 declara\u021bie, \u00een continuare, v\u0103 permite ca Alarm Automatika d.o.o. ca operator al colect\u0103rii datelor cu caracter personal \u0219i utilizator, procesa\u021bi \u0219i utiliza\u021bi datele dumneavoastr\u0103 personale colectate pe aceste pagini web pentru a facilita accesul \u0219i ini\u021biativele oferite prin intermediul acestora pentru cercetare de pia\u021b\u0103, trimiterea de informa\u021bii, oferte \u0219i materiale publicitare despre noi servicii \u0219i \/ sau produse disponibile \u00een portofoliul Alarm Automatika d.n. o.<\/p>\n<p>Astfel, declara\u021bi \u00een mod expres c\u0103 ave\u021bi peste 18 de ani \u0219i v\u0103 pute\u021bi da consim\u021b\u0103m\u00e2ntul \u00een mod legal, prin care recunoa\u0219te\u021bi, de asemenea, acceptarea termenilor juridici de utilizare a con\u021binutului site-ului web al alarmei automatika d.o.o.o. \u0219i declara\u021bia de confiden\u021bialitate pe site-ul web al Alarm Automatika d.o.o.o., cu care con\u021binut a\u021bi fost informat.[\/et_pb_text][\/et_pb_column][\/et_pb_row][\/et_pb_section]<\/p>\n","protected":false},"excerpt":{"rendered":"<p>Obliga\u021bia de confiden\u021bialitate a datelor Pentru compania Alarm Automatika d.o.o. protejarea securit\u0103\u021bii \u0219i confiden\u021bialit\u0103\u021bii datelor cu caracter personal este important\u0103; prin urmare, \u00ee\u0219i desf\u0103\u0219oar\u0103 activitatea \u00een conformitate cu legile aplicabile privind protec\u021bia \u0219i securitatea datelor. Mai jos indic\u0103m ce date poate colecta Alarm automatika d.o.o., cum utilizeaz\u0103 \u0219i p\u0103streaz\u0103 aceste date \u0219i cui le poate [&hellip;]<\/p>\n","protected":false},"author":9,"featured_media":0,"parent":0,"menu_order":0,"comment_status":"closed","ping_status":"closed","template":"","meta":{"_et_pb_use_builder":"on","_et_pb_old_content":"","_et_gb_content_width":"","footnotes":""},"class_list":["post-7427","page","type-page","status-publish","hentry"],"_links":{"self":[{"href":"https:\/\/www.dvc.video\/ro\/wp-json\/wp\/v2\/pages\/7427","targetHints":{"allow":["GET"]}}],"collection":[{"href":"https:\/\/www.dvc.video\/ro\/wp-json\/wp\/v2\/pages"}],"about":[{"href":"https:\/\/www.dvc.video\/ro\/wp-json\/wp\/v2\/types\/page"}],"author":[{"embeddable":true,"href":"https:\/\/www.dvc.video\/ro\/wp-json\/wp\/v2\/users\/9"}],"replies":[{"embeddable":true,"href":"https:\/\/www.dvc.video\/ro\/wp-json\/wp\/v2\/comments?post=7427"}],"version-history":[{"count":0,"href":"https:\/\/www.dvc.video\/ro\/wp-json\/wp\/v2\/pages\/7427\/revisions"}],"wp:attachment":[{"href":"https:\/\/www.dvc.video\/ro\/wp-json\/wp\/v2\/media?parent=7427"}],"curies":[{"name":"wp","href":"https:\/\/api.w.org\/{rel}","templated":true}]}}