{"id":7122,"date":"2021-03-09T11:23:32","date_gmt":"2021-03-09T10:23:32","guid":{"rendered":"https:\/\/www.dvc.video\/video-interfonie\/"},"modified":"2023-04-11T14:42:14","modified_gmt":"2023-04-11T12:42:14","slug":"video-interfonie","status":"publish","type":"page","link":"https:\/\/www.dvc.video\/ro\/video-interfonie\/","title":{"rendered":"Video interfonie"},"content":{"rendered":"<p>[et_pb_section fb_built=&#8221;1&#8243; _builder_version=&#8221;4.20.2&#8243; _module_preset=&#8221;default&#8221; background_enable_color=&#8221;off&#8221; background_image=&#8221;https:\/\/www.dvc.video\/wp-content\/uploads\/2021\/03\/bcg-red-triangle.jpg&#8221; height=&#8221;150px&#8221; height_last_edited=&#8221;off|desktop&#8221; custom_padding=&#8221;34px||34px||true|false&#8221; global_module=&#8221;793&#8243; saved_tabs=&#8221;all&#8221; global_colors_info=&#8221;{}&#8221;][et_pb_row _builder_version=&#8221;4.16&#8243; _module_preset=&#8221;default&#8221; global_colors_info=&#8221;{}&#8221;][et_pb_column type=&#8221;4_4&#8243; _builder_version=&#8221;4.16&#8243; _module_preset=&#8221;default&#8221; global_colors_info=&#8221;{}&#8221;][et_pb_text _builder_version=&#8221;4.20.0&#8243; _dynamic_attributes=&#8221;content&#8221; _module_preset=&#8221;default&#8221; header_text_color=&#8221;#FFFFFF&#8221; header_line_height=&#8221;1.3em&#8221; header_font_size_tablet=&#8221;&#8221; header_font_size_phone=&#8221;&#8221; header_font_size_last_edited=&#8221;on|desktop&#8221; global_colors_info=&#8221;{}&#8221;]@ET-DC@eyJkeW5hbWljIjp0cnVlLCJjb250ZW50IjoicG9zdF90aXRsZSIsInNldHRpbmdzIjp7ImJlZm9yZSI6IjxoMT4iLCJhZnRlciI6IjxcL2gxPiJ9fQ==@[\/et_pb_text][\/et_pb_column][\/et_pb_row][\/et_pb_section][et_pb_section fb_built=&#8221;1&#8243; _builder_version=&#8221;4.16&#8243; _module_preset=&#8221;default&#8221; global_colors_info=&#8221;{}&#8221;][et_pb_row _builder_version=&#8221;4.16&#8243; _module_preset=&#8221;default&#8221; global_colors_info=&#8221;{}&#8221;][et_pb_column type=&#8221;4_4&#8243; _builder_version=&#8221;4.16&#8243; _module_preset=&#8221;default&#8221; global_colors_info=&#8221;{}&#8221;][et_pb_text _builder_version=&#8221;4.20.2&#8243; _module_preset=&#8221;default&#8221; hover_enabled=&#8221;0&#8243; global_colors_info=&#8221;{}&#8221; sticky_enabled=&#8221;0&#8243;]<\/p>\n<p>Linia de videointerfoane DVC ofer\u0103 o gam\u0103 cuprinz\u0103toare de produse care vor oferi utilizatorului o comunicare audio \u0219i video bidirec\u021bional\u0103 practic\u0103 \u0219i simpl\u0103. Alege\u021bi din linia noastr\u0103 de produse de interfon video IP de \u00eenalt\u0103 performan\u021b\u0103 sau cu 2 fire, care se va adapta oric\u0103rei aplica\u021bii.<\/p>\n<p>[\/et_pb_text][et_pb_text _builder_version=&#8221;4.20.2&#8243; _module_preset=&#8221;default&#8221; hover_enabled=&#8221;0&#8243; global_colors_info=&#8221;{}&#8221; sticky_enabled=&#8221;0&#8243;]<\/p>\n<h2>Sisteme de videointerfon IP<\/h2>\n<p>Sistemul de videointerfon DVC IP este stabil, adaptabil, economic \u0219i u\u0219or de instalat \u0219i utilizat.<\/p>\n<ul>\n<li>Conexiune prin wifi<\/li>\n<li>Monitorizare camere IP<\/li>\n<li>Integrare cu camere ale aproape tuturor produc\u0103torilor<\/li>\n<li>Vedere cvadr\u0103 \u0219i imagine \u00een imagine<\/li>\n<li>Redirec\u021bionarea apelurilor c\u0103tre aplica\u021bie<\/li>\n<\/ul>\n<p>Sistemul de videointerfon IP este potrivit pentru instalatii mici, medii si mari, de la case si vile, pana la cladiri cu intrari multiple sau sisteme complexe.<\/p>\n<p>[\/et_pb_text][et_pb_text _builder_version=&#8221;4.20.2&#8243; _module_preset=&#8221;default&#8221; hover_enabled=&#8221;0&#8243; global_colors_info=&#8221;{}&#8221; sticky_enabled=&#8221;0&#8243;]<\/p>\n<h2>Sisteme video interfon cu 2 fire<\/h2>\n<p>U\u0219urin\u021ba cablajului \u0219i flexibilitatea fac din sistemul de interfon video DVC cu 2 fire o alegere de calitate at\u00e2t pentru instalator, c\u00e2t \u0219i pentru utilizatorul final. Cel mai mare avantaj pentru instalatorul acestui sistem este posibilitatea de a utiliza o instala\u021bie deja existent\u0103, veche sau u\u0219urin\u021ba instal\u0103rii uneia noi, ceea ce \u00eenseamn\u0103 costuri mai mici pentru utilizatorul final.<\/p>\n<ul>\n<li>Capacitatea sistemului de p\u00e2n\u0103 la 256 de apartamente<\/li>\n<li>Configurare simpl\u0103 \u0219i detectarea automat\u0103 a elementelor din sistem<\/li>\n<li>Conexiune prin Wifi<\/li>\n<li>Vedere cvadr\u0103 \u0219i imagine \u00een imagine<\/li>\n<li>Redirec\u021bionarea apelurilor c\u0103tre aplica\u021bie<\/li>\n<\/ul>\n<p>[\/et_pb_text][et_pb_text _builder_version=&#8221;4.20.2&#8243; _module_preset=&#8221;default&#8221; hover_enabled=&#8221;0&#8243; global_colors_info=&#8221;{}&#8221; sticky_enabled=&#8221;0&#8243;]<\/p>\n<h2>Modularitatea sistemului<\/h2>\n<p>Modularitatea sistemelor de videointerfon DVC permite adaptarea la dorin\u021bele specifice \u0219i capacit\u0103\u021bile financiare ale utilizatorului, precum \u0219i extensii mai simple \u00een caz de nevoie.[\/et_pb_text][et_pb_text _builder_version=&#8221;4.20.2&#8243; _module_preset=&#8221;default&#8221; hover_enabled=&#8221;0&#8243; global_colors_info=&#8221;{}&#8221; sticky_enabled=&#8221;0&#8243;]<\/p>\n<h2>Calitatea imaginii<\/h2>\n<p>Majoritatea unit\u0103\u021bilor exterioare de interfon video DVC sunt echipate cu o camer\u0103 color cu unghi larg (FishEye) care acoper\u0103 un unghi de vizualizare de 170\u02da (orizontal) \u0219i 130\u02da (vertical). Aceste caracteristici permit utilizatorului s\u0103 identifice mult mai u\u0219or oamenii \u0219i s\u0103 vad\u0103 mai bine detaliile.<\/p>\n<p>[\/et_pb_text][et_pb_text _builder_version=&#8221;4.20.2&#8243; _module_preset=&#8221;default&#8221; hover_enabled=&#8221;0&#8243; global_colors_info=&#8221;{}&#8221; sticky_enabled=&#8221;0&#8243;]<\/p>\n<h2>Aplica\u021bia VDP Connect<\/h2>\n<p>Aplica\u021bia VDP Connect va permite utilizatorului s\u0103 gestioneze cu u\u0219urin\u021b\u0103 sistemul de interfon video DVC. Cu aplica\u021bia VDP, utilizatorul poate r\u0103spunde la un apel de la unitatea exterioar\u0103, poate vorbi cu vizitatorii prin intermediul dispozitivului mobil \u0219i poate controla deblocarea.<\/p>\n<p>[\/et_pb_text][\/et_pb_column][\/et_pb_row][\/et_pb_section]<\/p>\n","protected":false},"excerpt":{"rendered":"<p>Linia de videointerfoane DVC ofer\u0103 o gam\u0103 cuprinz\u0103toare de produse care vor oferi utilizatorului o comunicare audio \u0219i video bidirec\u021bional\u0103 practic\u0103 \u0219i simpl\u0103. Alege\u021bi din linia noastr\u0103 de produse de interfon video IP de \u00eenalt\u0103 performan\u021b\u0103 sau cu 2 fire, care se va adapta oric\u0103rei aplica\u021bii.Sisteme de videointerfon IP Sistemul de videointerfon DVC IP este [&hellip;]<\/p>\n","protected":false},"author":9,"featured_media":0,"parent":0,"menu_order":0,"comment_status":"closed","ping_status":"closed","template":"","meta":{"_et_pb_use_builder":"on","_et_pb_old_content":"","_et_gb_content_width":"","footnotes":""},"class_list":["post-7122","page","type-page","status-publish","hentry"],"_links":{"self":[{"href":"https:\/\/www.dvc.video\/ro\/wp-json\/wp\/v2\/pages\/7122","targetHints":{"allow":["GET"]}}],"collection":[{"href":"https:\/\/www.dvc.video\/ro\/wp-json\/wp\/v2\/pages"}],"about":[{"href":"https:\/\/www.dvc.video\/ro\/wp-json\/wp\/v2\/types\/page"}],"author":[{"embeddable":true,"href":"https:\/\/www.dvc.video\/ro\/wp-json\/wp\/v2\/users\/9"}],"replies":[{"embeddable":true,"href":"https:\/\/www.dvc.video\/ro\/wp-json\/wp\/v2\/comments?post=7122"}],"version-history":[{"count":0,"href":"https:\/\/www.dvc.video\/ro\/wp-json\/wp\/v2\/pages\/7122\/revisions"}],"wp:attachment":[{"href":"https:\/\/www.dvc.video\/ro\/wp-json\/wp\/v2\/media?parent=7122"}],"curies":[{"name":"wp","href":"https:\/\/api.w.org\/{rel}","templated":true}]}}