{"id":7116,"date":"2021-03-09T11:21:34","date_gmt":"2021-03-09T10:21:34","guid":{"rendered":"https:\/\/www.dvc.video\/sisteme-pentru-intreprinderi-mari\/"},"modified":"2021-07-07T10:16:13","modified_gmt":"2021-07-07T08:16:13","slug":"sisteme-pentru-intreprinderi-mari","status":"publish","type":"page","link":"https:\/\/www.dvc.video\/ro\/sisteme-pentru-intreprinderi-mari\/","title":{"rendered":"Sisteme pentru \u00eentreprinderi mari"},"content":{"rendered":"<p>[et_pb_section fb_built=&#8221;1&#8243; _builder_version=&#8221;4.9.2&#8243; _module_preset=&#8221;default&#8221; background_enable_color=&#8221;off&#8221; background_image=&#8221;https:\/\/www.dvc.video\/wp-content\/uploads\/2021\/03\/bcg-red-triangle.jpg&#8221; height=&#8221;150px&#8221; height_last_edited=&#8221;off|desktop&#8221; custom_padding=&#8221;0px||0px||true|false&#8221; global_module=&#8221;793&#8243;][et_pb_row _builder_version=&#8221;4.9.2&#8243; _module_preset=&#8221;default&#8221;][et_pb_column type=&#8221;4_4&#8243; _builder_version=&#8221;4.9.2&#8243; _module_preset=&#8221;default&#8221;][et_pb_text _builder_version=&#8221;4.9.7&#8243; _dynamic_attributes=&#8221;content&#8221; _module_preset=&#8221;default&#8221; header_text_color=&#8221;#FFFFFF&#8221; header_line_height=&#8221;1.3em&#8221; header_font_size_tablet=&#8221;&#8221; header_font_size_phone=&#8221;&#8221; header_font_size_last_edited=&#8221;on|desktop&#8221;]@ET-DC@eyJkeW5hbWljIjp0cnVlLCJjb250ZW50IjoicG9zdF90aXRsZSIsInNldHRpbmdzIjp7ImJlZm9yZSI6IjxoMT4iLCJhZnRlciI6IjxcL2gxPiJ9fQ==@[\/et_pb_text][\/et_pb_column][\/et_pb_row][\/et_pb_section][et_pb_section fb_built=&#8221;1&#8243; _builder_version=&#8221;4.9.2&#8243; _module_preset=&#8221;default&#8221;][et_pb_row _builder_version=&#8221;4.9.2&#8243; _module_preset=&#8221;default&#8221;][et_pb_column type=&#8221;4_4&#8243; _builder_version=&#8221;4.9.2&#8243; _module_preset=&#8221;default&#8221;][et_pb_text _builder_version=&#8221;4.9.2&#8243; _module_preset=&#8221;default&#8221;]<\/p>\n<p>Instala\u021biile industriale \u0219i sistemele de afaceri necesit\u0103 un nivel ridicat de securitate \u0219i, prin urmare, un nivel ridicat de fiabilitate a sistemelor de supraveghere video instalate.<\/p>\n<p>[\/et_pb_text][\/et_pb_column][\/et_pb_row][et_pb_row _builder_version=&#8221;4.9.4&#8243; _module_preset=&#8221;default&#8221;][et_pb_column type=&#8221;4_4&#8243; _builder_version=&#8221;4.9.4&#8243; _module_preset=&#8221;default&#8221;][et_pb_text _builder_version=&#8221;4.9.2&#8243; _module_preset=&#8221;default&#8221;]<\/p>\n<h2>Pana la 30.000 de camera<\/h2>\n<p>Gama larg\u0103 \u0219i flexibilitatea liniei de supraveghere video DVC permite aplicarea \u00een cl\u0103diri de diferite dimensiuni \u0219i scopuri &#8211; de la spa\u021bii reziden\u021biale \u0219i de birouri mai mici la facilit\u0103\u021bi complexe cu risc ridicat, care sunt utilizate de un num\u0103r mare de persoane. Complexitatea sistemului atinge un poten\u021bial de 30.000 canale (camere).<\/p>\n<p>[\/et_pb_text][\/et_pb_column][\/et_pb_row][et_pb_row _builder_version=&#8221;4.9.4&#8243; _module_preset=&#8221;default&#8221;][et_pb_column type=&#8221;4_4&#8243; _builder_version=&#8221;4.9.4&#8243; _module_preset=&#8221;default&#8221;][et_pb_text _builder_version=&#8221;4.9.2&#8243; _module_preset=&#8221;default&#8221;]<\/p>\n<h2>Software de integrare<\/h2>\n<p>\u00cen cazul cl\u0103dirilor mai amenin\u021bate de dispari\u021bie, este necesar s\u0103 se combine diferite tipuri de sisteme tehnice de securitate. Centralizarea \u0219i integrarea lor reciproc\u0103 maximizeaz\u0103 nivelul de securitate al obiectului protejat. Sistemul de supraveghere video ajut\u0103, de asemenea, \u00een mod semnificativ prevenirea \u0219i identificarea ulterioar\u0103, \u00een special prin utilizarea software-ului de server DVC NVMS 2.0. Este un software de gestionare a sistemului de supraveghere video (CMS), special conceput pentru sistemele bazate pe IP, cu care administratorul poate administra \u0219i monitoriza p\u00e2n\u0103 la 30.000 camere \u00een timp real.<\/p>\n<p>[\/et_pb_text][\/et_pb_column][\/et_pb_row][et_pb_row _builder_version=&#8221;4.9.4&#8243; _module_preset=&#8221;default&#8221;][et_pb_column type=&#8221;4_4&#8243; _builder_version=&#8221;4.9.4&#8243; _module_preset=&#8221;default&#8221;][et_pb_text _builder_version=&#8221;4.9.2&#8243; _module_preset=&#8221;default&#8221;]<\/p>\n<h2>Solutii termale<\/h2>\n<p>A ac\u021biona \u00een mod responsabil \u00eenseamn\u0103 a asigura protec\u021bia \u0219i grija fiec\u0103rui angajat, vizitator sau client. Acest lucru este posibil cu patru sisteme DVC inovatoare pentru detectarea febrei f\u0103r\u0103 contact.<br \/>\nDispozitivele difer\u0103 \u00een primul r\u00e2nd \u00een ceea ce prive\u0219te cantitatea de date pe care le pot procesa pe o perioad\u0103. Dispozitivele cu cea mai rapid\u0103 procesare \u0219i analiz\u0103 video inteligent\u0103 sunt ideale pentru pasaje de frecven\u021b\u0103 foarte \u00eenalt\u0103, cum ar fi mall-uri mari, aeroporturi, g\u0103ri \u0219i sta\u021bii de autobuz, porturi de feribot \u0219i alte hub-uri de transport.\n<\/p>\n<p>[\/et_pb_text][\/et_pb_column][\/et_pb_row][\/et_pb_section]<\/p>\n","protected":false},"excerpt":{"rendered":"<p>Instala\u021biile industriale \u0219i sistemele de afaceri necesit\u0103 un nivel ridicat de securitate \u0219i, prin urmare, un nivel ridicat de fiabilitate a sistemelor de supraveghere video instalate.Pana la 30.000 de camera Gama larg\u0103 \u0219i flexibilitatea liniei de supraveghere video DVC permite aplicarea \u00een cl\u0103diri de diferite dimensiuni \u0219i scopuri &#8211; de la spa\u021bii reziden\u021biale \u0219i de [&hellip;]<\/p>\n","protected":false},"author":9,"featured_media":0,"parent":0,"menu_order":0,"comment_status":"closed","ping_status":"closed","template":"","meta":{"_et_pb_use_builder":"on","_et_pb_old_content":"","_et_gb_content_width":"","footnotes":""},"class_list":["post-7116","page","type-page","status-publish","hentry"],"_links":{"self":[{"href":"https:\/\/www.dvc.video\/ro\/wp-json\/wp\/v2\/pages\/7116","targetHints":{"allow":["GET"]}}],"collection":[{"href":"https:\/\/www.dvc.video\/ro\/wp-json\/wp\/v2\/pages"}],"about":[{"href":"https:\/\/www.dvc.video\/ro\/wp-json\/wp\/v2\/types\/page"}],"author":[{"embeddable":true,"href":"https:\/\/www.dvc.video\/ro\/wp-json\/wp\/v2\/users\/9"}],"replies":[{"embeddable":true,"href":"https:\/\/www.dvc.video\/ro\/wp-json\/wp\/v2\/comments?post=7116"}],"version-history":[{"count":0,"href":"https:\/\/www.dvc.video\/ro\/wp-json\/wp\/v2\/pages\/7116\/revisions"}],"wp:attachment":[{"href":"https:\/\/www.dvc.video\/ro\/wp-json\/wp\/v2\/media?parent=7116"}],"curies":[{"name":"wp","href":"https:\/\/api.w.org\/{rel}","templated":true}]}}