{"id":7098,"date":"2021-03-09T11:21:14","date_gmt":"2021-03-09T10:21:14","guid":{"rendered":"https:\/\/www.dvc.video\/companii-de-dimensiuni-medii\/"},"modified":"2021-07-07T10:14:01","modified_gmt":"2021-07-07T08:14:01","slug":"companii-de-dimensiuni-medii","status":"publish","type":"page","link":"https:\/\/www.dvc.video\/ro\/companii-de-dimensiuni-medii\/","title":{"rendered":"Companii de dimensiuni medii"},"content":{"rendered":"<p>[et_pb_section fb_built=&#8221;1&#8243; _builder_version=&#8221;4.9.2&#8243; _module_preset=&#8221;default&#8221; background_enable_color=&#8221;off&#8221; background_image=&#8221;https:\/\/www.dvc.video\/wp-content\/uploads\/2021\/03\/bcg-red-triangle.jpg&#8221; height=&#8221;150px&#8221; height_last_edited=&#8221;off|desktop&#8221; custom_padding=&#8221;0px||0px||true|false&#8221; global_module=&#8221;793&#8243;][et_pb_row _builder_version=&#8221;4.9.2&#8243; _module_preset=&#8221;default&#8221;][et_pb_column type=&#8221;4_4&#8243; _builder_version=&#8221;4.9.2&#8243; _module_preset=&#8221;default&#8221;][et_pb_text _builder_version=&#8221;4.9.7&#8243; _dynamic_attributes=&#8221;content&#8221; _module_preset=&#8221;default&#8221; header_text_color=&#8221;#FFFFFF&#8221; header_line_height=&#8221;1.3em&#8221; header_font_size_tablet=&#8221;&#8221; header_font_size_phone=&#8221;&#8221; header_font_size_last_edited=&#8221;on|desktop&#8221;]@ET-DC@eyJkeW5hbWljIjp0cnVlLCJjb250ZW50IjoicG9zdF90aXRsZSIsInNldHRpbmdzIjp7ImJlZm9yZSI6IjxoMT4iLCJhZnRlciI6IjxcL2gxPiJ9fQ==@[\/et_pb_text][\/et_pb_column][\/et_pb_row][\/et_pb_section][et_pb_section fb_built=&#8221;1&#8243; _builder_version=&#8221;4.9.2&#8243; _module_preset=&#8221;default&#8221;][et_pb_row _builder_version=&#8221;4.9.2&#8243; _module_preset=&#8221;default&#8221;][et_pb_column type=&#8221;4_4&#8243; _builder_version=&#8221;4.9.2&#8243; _module_preset=&#8221;default&#8221;][et_pb_text _builder_version=&#8221;4.9.2&#8243; _module_preset=&#8221;default&#8221;]Pe m\u0103sur\u0103 ce afacerea se dezvolt\u0103, la fel \u0219i necesitatea unei solu\u021bii de securitate mai complexe.[\/et_pb_text][\/et_pb_column][\/et_pb_row][et_pb_row _builder_version=&#8221;4.9.4&#8243; _module_preset=&#8221;default&#8221;][et_pb_column type=&#8221;4_4&#8243; _builder_version=&#8221;4.9.4&#8243; _module_preset=&#8221;default&#8221;][et_pb_text _builder_version=&#8221;4.9.2&#8243; _module_preset=&#8221;default&#8221;]<\/p>\n<h2>Flexibilitate<\/h2>\n<p>Sistemul de securitate poate include diferite tehnologii, de la supraveghere video instalat\u0103 la o combina\u021bie de camere \u0219i alte dispozitive de securitate, cum ar fi sistemele de alarm\u0103, sistemele de control al accesului sau sistemele de prezen\u021b\u0103 \u00een timp. \u0218i dac\u0103 nevoile \u0219i a\u0219tept\u0103rile utilizatorului se schimb\u0103? Solu\u021biile integrate DVC se adapteaz\u0103 cu u\u0219urin\u021b\u0103 la cerin\u021bele \u00een cre\u0219tere ale \u00eentreprinderilor \u0219i la cerin\u021bele \u00een schimbare.[\/et_pb_text][\/et_pb_column][\/et_pb_row][et_pb_row _builder_version=&#8221;4.9.4&#8243; _module_preset=&#8221;default&#8221;][et_pb_column type=&#8221;4_4&#8243; _builder_version=&#8221;4.9.4&#8243; _module_preset=&#8221;default&#8221;][et_pb_text _builder_version=&#8221;4.9.2&#8243; _module_preset=&#8221;default&#8221;]<\/p>\n<h2>Analiza video inteligenta<\/h2>\n<p>Analiza video DVC v\u0103 permite s\u0103 reac\u021biona\u021bi la un eveniment \u00een timp real \u0219i s\u0103 \u00eenregistra\u021bi numai un eveniment de alarm\u0103, care economise\u0219te semnificativ spa\u021biul de stocare. Protec\u021bia perimetrului \u0219i urm\u0103rirea obiectelor \u00een scen\u0103 sunt furnizate de func\u021biile de analiz\u0103 video ai. \u00cen func\u021bie de tipul camerei, sunt posibile func\u021biile obiectelor de urm\u0103rire din scen\u0103, detectarea punctelor de trecere definite, detectarea intruziunilor \u00een spa\u021biu, num\u0103rarea persoanelor, recunoa\u0219terea persoanelor \u0219i a vehiculelor, detectarea fe\u021bei sau recunoa\u0219terea pl\u0103cu\u021belor de \u00eenmatriculare.[\/et_pb_text][\/et_pb_column][\/et_pb_row][et_pb_row _builder_version=&#8221;4.9.4&#8243; _module_preset=&#8221;default&#8221;][et_pb_column type=&#8221;4_4&#8243; _builder_version=&#8221;4.9.4&#8243; _module_preset=&#8221;default&#8221;][et_pb_text _builder_version=&#8221;4.9.2&#8243; _module_preset=&#8221;default&#8221;]<\/p>\n<h2>Tehnologia IP<\/h2>\n<p>O gam\u0103 larg\u0103 de camere IP v\u0103 permite s\u0103 alege\u021bi cea exact\u0103 care este adecvat\u0103 pentru fiecare protec\u021bie specific\u0103 a zonei. De la \u00eenalt\u0103 la ultra \u00eenalt\u0103 rezolu\u021bie, instalare prin cablu \u0219i wireless, carcase de glon\u021b sau dome, \u0219i cu lentile fixe sau motorizate.<br \/>\nCamerele DVC IP sunt clasificate \u00een cinci categorii \u0219i linii de marc\u0103 diferite &#8211; special, Suprem, inteligent, Start \u0219i vitez\u0103 \u0219i vor \u00eendeplini toate cerin\u021bele utilizatorilor \u00een ceea ce prive\u0219te pre\u021bul, calitatea \u0219i caracteristicile.<br \/>\n\u00cen clasa special\u0103 se remarc\u0103 o camer\u0103 panoramic\u0103 cu tehnologie Starlight, care con\u021bine patru camere ale c\u0103ror imagini sunt \u00eembinate \u00eentr-o singur\u0103 imagine datorit\u0103 unui software special. Senzorul pentru lumina stelelor permite operarea \u00een culori de noapte cu o imagine excelent\u0103, chiar \u0219i \u00een condi\u021bii de lumin\u0103 foarte sc\u0103zut\u0103.[\/et_pb_text][\/et_pb_column][\/et_pb_row][\/et_pb_section]<\/p>\n","protected":false},"excerpt":{"rendered":"<p>Pe m\u0103sur\u0103 ce afacerea se dezvolt\u0103, la fel \u0219i necesitatea unei solu\u021bii de securitate mai complexe.Flexibilitate Sistemul de securitate poate include diferite tehnologii, de la supraveghere video instalat\u0103 la o combina\u021bie de camere \u0219i alte dispozitive de securitate, cum ar fi sistemele de alarm\u0103, sistemele de control al accesului sau sistemele de prezen\u021b\u0103 \u00een timp. [&hellip;]<\/p>\n","protected":false},"author":9,"featured_media":0,"parent":0,"menu_order":0,"comment_status":"closed","ping_status":"closed","template":"","meta":{"_et_pb_use_builder":"on","_et_pb_old_content":"","_et_gb_content_width":"","footnotes":""},"class_list":["post-7098","page","type-page","status-publish","hentry"],"_links":{"self":[{"href":"https:\/\/www.dvc.video\/ro\/wp-json\/wp\/v2\/pages\/7098","targetHints":{"allow":["GET"]}}],"collection":[{"href":"https:\/\/www.dvc.video\/ro\/wp-json\/wp\/v2\/pages"}],"about":[{"href":"https:\/\/www.dvc.video\/ro\/wp-json\/wp\/v2\/types\/page"}],"author":[{"embeddable":true,"href":"https:\/\/www.dvc.video\/ro\/wp-json\/wp\/v2\/users\/9"}],"replies":[{"embeddable":true,"href":"https:\/\/www.dvc.video\/ro\/wp-json\/wp\/v2\/comments?post=7098"}],"version-history":[{"count":0,"href":"https:\/\/www.dvc.video\/ro\/wp-json\/wp\/v2\/pages\/7098\/revisions"}],"wp:attachment":[{"href":"https:\/\/www.dvc.video\/ro\/wp-json\/wp\/v2\/media?parent=7098"}],"curies":[{"name":"wp","href":"https:\/\/api.w.org\/{rel}","templated":true}]}}