{"id":7092,"date":"2021-03-09T11:26:05","date_gmt":"2021-03-09T10:26:05","guid":{"rendered":"https:\/\/www.dvc.video\/recunoastere-placuta-de-inmatriculare\/"},"modified":"2021-07-07T10:10:16","modified_gmt":"2021-07-07T08:10:16","slug":"recunoastere-placuta-de-inmatriculare","status":"publish","type":"page","link":"https:\/\/www.dvc.video\/ro\/recunoastere-placuta-de-inmatriculare\/","title":{"rendered":"Recunoastere placuta de inmatriculare"},"content":{"rendered":"<p>[et_pb_section fb_built=&#8221;1&#8243; _builder_version=&#8221;4.9.2&#8243; _module_preset=&#8221;default&#8221; background_enable_color=&#8221;off&#8221; background_image=&#8221;https:\/\/www.dvc.video\/wp-content\/uploads\/2021\/03\/bcg-red-triangle.jpg&#8221; height=&#8221;150px&#8221; height_last_edited=&#8221;off|desktop&#8221; custom_padding=&#8221;0px||0px||true|false&#8221; global_module=&#8221;793&#8243;][et_pb_row _builder_version=&#8221;4.9.2&#8243; _module_preset=&#8221;default&#8221;][et_pb_column type=&#8221;4_4&#8243; _builder_version=&#8221;4.9.2&#8243; _module_preset=&#8221;default&#8221;][et_pb_text _builder_version=&#8221;4.9.7&#8243; _dynamic_attributes=&#8221;content&#8221; _module_preset=&#8221;default&#8221; header_text_color=&#8221;#FFFFFF&#8221; header_line_height=&#8221;1.3em&#8221; header_font_size_tablet=&#8221;&#8221; header_font_size_phone=&#8221;&#8221; header_font_size_last_edited=&#8221;on|desktop&#8221;]@ET-DC@eyJkeW5hbWljIjp0cnVlLCJjb250ZW50IjoicG9zdF90aXRsZSIsInNldHRpbmdzIjp7ImJlZm9yZSI6IjxoMT4iLCJhZnRlciI6IjxcL2gxPiJ9fQ==@[\/et_pb_text][\/et_pb_column][\/et_pb_row][\/et_pb_section][et_pb_section fb_built=&#8221;1&#8243; _builder_version=&#8221;4.9.2&#8243; _module_preset=&#8221;default&#8221;][et_pb_row _builder_version=&#8221;4.9.2&#8243; _module_preset=&#8221;default&#8221;][et_pb_column type=&#8221;4_4&#8243; _builder_version=&#8221;4.9.2&#8243; _module_preset=&#8221;default&#8221;][et_pb_text _builder_version=&#8221;4.9.2&#8243; _module_preset=&#8221;default&#8221;]Camerele DVC LPR (recunoa\u0219tere pl\u0103cu\u021b\u0103 de \u00eenmatriculare) fac parte din seria DVC de camere IP speciale. Camerele LPR recunosc automat pl\u0103cu\u021bele de \u00eenmatriculare \u0219i, prin urmare, sunt ideale pentru utilizarea \u00een parc\u0103ri protejate sau private, atunci c\u00e2nd intr\u0103 \u00eentr-o institu\u021bie de \u00eenv\u0103\u021b\u0103m\u00e2nt, precum \u0219i la benzin\u0103rii.<\/p>\n<p>Instalarea \u0219i punerea \u00een func\u021biune profesional\u0103 \u0219i precis\u0103 este de mare importan\u021b\u0103 pentru ca o camer\u0103 LPR s\u0103 func\u021bioneze corect. Indiferent de calitatea camerei \u0219i a software-ului corespunz\u0103tor \u00een sine, calitatea recunoa\u0219terii mesei \u0219i a prelucr\u0103rii datelor depinde \u00een mare m\u0103sur\u0103 de condi\u021biile site-ului \u0219i de amplasarea camerei LPR.[\/et_pb_text][et_pb_video src=&#8221;https:\/\/youtu.be\/Vvs2c6yEN6Q&#8221; _builder_version=&#8221;4.9.4&#8243; _module_preset=&#8221;default&#8221; width=&#8221;50%&#8221; width_tablet=&#8221;100%&#8221; width_phone=&#8221;&#8221; width_last_edited=&#8221;on|desktop&#8221; module_alignment=&#8221;center&#8221;][\/et_pb_video][et_pb_text _builder_version=&#8221;4.9.2&#8243; _module_preset=&#8221;default&#8221;]<\/p>\n<h2>Caracteristici tehnice<\/h2>\n<p>Camer\u0103 video LPR Bullet IP, rezolu\u021bie 2Mpx \/ 25fps, obiectiv de 7 &#8211; 22 mm, 0.0026Lux@F1.2, SMART H.265, IR LED Range 50-70 m, True WDR 120dB, 12VDC \/ PoE, Onvif, protec\u021bie IP67.[\/et_pb_text][et_pb_text _builder_version=&#8221;4.9.2&#8243; _module_preset=&#8221;default&#8221;]<\/p>\n<h2>Instalare camera DVC LPR<\/h2>\n<p>[\/et_pb_text][et_pb_video src=&#8221;https:\/\/youtu.be\/afy-Q-HIpT0&#8243; image_src=&#8221;\/\/i.ytimg.com\/vi\/afy-Q-HIpT0\/hqdefault.jpg&#8221; _builder_version=&#8221;4.9.4&#8243; _module_preset=&#8221;default&#8221; width=&#8221;50%&#8221; width_tablet=&#8221;100%&#8221; width_phone=&#8221;&#8221; width_last_edited=&#8221;on|tablet&#8221; module_alignment=&#8221;center&#8221;][\/et_pb_video][\/et_pb_column][\/et_pb_row][\/et_pb_section]<\/p>\n","protected":false},"excerpt":{"rendered":"<p>Camerele DVC LPR (recunoa\u0219tere pl\u0103cu\u021b\u0103 de \u00eenmatriculare) fac parte din seria DVC de camere IP speciale. Camerele LPR recunosc automat pl\u0103cu\u021bele de \u00eenmatriculare \u0219i, prin urmare, sunt ideale pentru utilizarea \u00een parc\u0103ri protejate sau private, atunci c\u00e2nd intr\u0103 \u00eentr-o institu\u021bie de \u00eenv\u0103\u021b\u0103m\u00e2nt, precum \u0219i la benzin\u0103rii. Instalarea \u0219i punerea \u00een func\u021biune profesional\u0103 \u0219i precis\u0103 este [&hellip;]<\/p>\n","protected":false},"author":9,"featured_media":0,"parent":0,"menu_order":0,"comment_status":"closed","ping_status":"closed","template":"","meta":{"_et_pb_use_builder":"on","_et_pb_old_content":"","_et_gb_content_width":"","footnotes":""},"class_list":["post-7092","page","type-page","status-publish","hentry"],"_links":{"self":[{"href":"https:\/\/www.dvc.video\/ro\/wp-json\/wp\/v2\/pages\/7092","targetHints":{"allow":["GET"]}}],"collection":[{"href":"https:\/\/www.dvc.video\/ro\/wp-json\/wp\/v2\/pages"}],"about":[{"href":"https:\/\/www.dvc.video\/ro\/wp-json\/wp\/v2\/types\/page"}],"author":[{"embeddable":true,"href":"https:\/\/www.dvc.video\/ro\/wp-json\/wp\/v2\/users\/9"}],"replies":[{"embeddable":true,"href":"https:\/\/www.dvc.video\/ro\/wp-json\/wp\/v2\/comments?post=7092"}],"version-history":[{"count":0,"href":"https:\/\/www.dvc.video\/ro\/wp-json\/wp\/v2\/pages\/7092\/revisions"}],"wp:attachment":[{"href":"https:\/\/www.dvc.video\/ro\/wp-json\/wp\/v2\/media?parent=7092"}],"curies":[{"name":"wp","href":"https:\/\/api.w.org\/{rel}","templated":true}]}}