{"id":7086,"date":"2021-03-09T11:24:43","date_gmt":"2021-03-09T10:24:43","guid":{"rendered":"https:\/\/www.dvc.video\/recunoastere-faciala\/"},"modified":"2021-07-07T10:09:20","modified_gmt":"2021-07-07T08:09:20","slug":"recunoastere-faciala","status":"publish","type":"page","link":"https:\/\/www.dvc.video\/ro\/recunoastere-faciala\/","title":{"rendered":"Recunoastere faciala"},"content":{"rendered":"<p>[et_pb_section fb_built=&#8221;1&#8243; _builder_version=&#8221;4.9.2&#8243; _module_preset=&#8221;default&#8221; background_enable_color=&#8221;off&#8221; background_image=&#8221;https:\/\/www.dvc.video\/wp-content\/uploads\/2021\/03\/bcg-red-triangle.jpg&#8221; height=&#8221;150px&#8221; height_last_edited=&#8221;off|desktop&#8221; custom_padding=&#8221;0px||0px||true|false&#8221; global_module=&#8221;793&#8243;][et_pb_row _builder_version=&#8221;4.9.2&#8243; _module_preset=&#8221;default&#8221;][et_pb_column type=&#8221;4_4&#8243; _builder_version=&#8221;4.9.2&#8243; _module_preset=&#8221;default&#8221;][et_pb_text _builder_version=&#8221;4.9.7&#8243; _dynamic_attributes=&#8221;content&#8221; _module_preset=&#8221;default&#8221; header_text_color=&#8221;#FFFFFF&#8221; header_line_height=&#8221;1.3em&#8221; header_font_size_tablet=&#8221;&#8221; header_font_size_phone=&#8221;&#8221; header_font_size_last_edited=&#8221;on|desktop&#8221;]@ET-DC@eyJkeW5hbWljIjp0cnVlLCJjb250ZW50IjoicG9zdF90aXRsZSIsInNldHRpbmdzIjp7ImJlZm9yZSI6IjxoMT4iLCJhZnRlciI6IjxcL2gxPiJ9fQ==@[\/et_pb_text][\/et_pb_column][\/et_pb_row][\/et_pb_section][et_pb_section fb_built=&#8221;1&#8243; _builder_version=&#8221;4.9.2&#8243; _module_preset=&#8221;default&#8221;][et_pb_row _builder_version=&#8221;4.9.2&#8243; _module_preset=&#8221;default&#8221;][et_pb_column type=&#8221;4_4&#8243; _builder_version=&#8221;4.9.2&#8243; _module_preset=&#8221;default&#8221;][et_pb_text _builder_version=&#8221;4.9.2&#8243; _module_preset=&#8221;default&#8221;]Camerele de recunoa\u0219tere a fe\u021bei DVC IP fac parte din seria IP special\u0103 linia de supraveghere video DVC \u0219i sunt utilizate pentru a detecta \u0219i recunoa\u0219te fe\u021bele din baza de date, \u00een timp real. Camerele cu func\u021bie de recunoa\u0219tere a fe\u021bei sunt cel mai adesea plasate la intrarea \u00een incinta pentru a identifica angaja\u021bii \u0219i vizitatorii. \u00cen acest fel, accesul la zona protejat\u0103 este controlat. Aceste camere sunt recomandate pentru utilizarea \u00een magazine, mall-uri, restaurante sau cazinouri \u0219i oriunde este necesar\u0103 identificarea fe\u021bei.[\/et_pb_text][et_pb_video src=&#8221;https:\/\/youtu.be\/FO4nKSC4vp0&#8243; _builder_version=&#8221;4.9.4&#8243; _module_preset=&#8221;default&#8221; width=&#8221;50%&#8221; width_tablet=&#8221;100%&#8221; width_phone=&#8221;&#8221; width_last_edited=&#8221;on|phone&#8221; module_alignment=&#8221;center&#8221; width__hover_enabled=&#8221;off|desktop&#8221;][\/et_pb_video][et_pb_text _builder_version=&#8221;4.9.2&#8243; _module_preset=&#8221;default&#8221;]<\/p>\n<h2>Caracteristici tehnice<\/h2>\n<p>Camerele IP de recunoa\u0219tere a fe\u021bei pot fi utilizate ca independente, f\u0103r\u0103 un recorder, cu posibilitatea de a stoca baza de date pe un card SD local \u0219i con\u021bin tehnologia Sony Starlight, iluminarea la distan\u021b\u0103 cu vedere la lumina alb\u0103, True WDR 120dB \u0219i un obiectiv cu zoom de 7-22 mm.[\/et_pb_text][et_pb_text _builder_version=&#8221;4.9.2&#8243; _module_preset=&#8221;default&#8221;]<\/p>\n<h2>NVMS 2.0<\/h2>\n<p>NVMS 2.0 este o platform\u0103 pentru administrarea \u0219i monitorizarea sistemelor video DVC. Sunt acceptate vizionarea \u00een timp real, stocarea, redarea \u0219i desc\u0103rcarea \u00eenregistr\u0103rilor, decodarea pe peretele televizorului, controlul tastaturii, controlul intr\u0103rilor \u0219i ie\u0219irilor de alarm\u0103, precum \u0219i analiza video inteligent\u0103. Prin urmare, NVMS 2.0 poate satisface cerin\u021bele clien\u021bilor pentru managementul video centralizat \u0219i poate fi utilizat pe scar\u0103 larg\u0103 \u00een supravegherea video a parcurilor industriale, campusuri de \u00eenv\u0103\u021b\u0103m\u00e2nt, birouri bancare, magazine de lan\u021buri \u0219i complexe de construc\u021bie.[\/et_pb_text][\/et_pb_column][\/et_pb_row][\/et_pb_section]<\/p>\n","protected":false},"excerpt":{"rendered":"<p>Camerele de recunoa\u0219tere a fe\u021bei DVC IP fac parte din seria IP special\u0103 linia de supraveghere video DVC \u0219i sunt utilizate pentru a detecta \u0219i recunoa\u0219te fe\u021bele din baza de date, \u00een timp real. Camerele cu func\u021bie de recunoa\u0219tere a fe\u021bei sunt cel mai adesea plasate la intrarea \u00een incinta pentru a identifica angaja\u021bii \u0219i [&hellip;]<\/p>\n","protected":false},"author":9,"featured_media":0,"parent":0,"menu_order":0,"comment_status":"closed","ping_status":"closed","template":"","meta":{"_et_pb_use_builder":"on","_et_pb_old_content":"","_et_gb_content_width":"","footnotes":""},"class_list":["post-7086","page","type-page","status-publish","hentry"],"_links":{"self":[{"href":"https:\/\/www.dvc.video\/ro\/wp-json\/wp\/v2\/pages\/7086","targetHints":{"allow":["GET"]}}],"collection":[{"href":"https:\/\/www.dvc.video\/ro\/wp-json\/wp\/v2\/pages"}],"about":[{"href":"https:\/\/www.dvc.video\/ro\/wp-json\/wp\/v2\/types\/page"}],"author":[{"embeddable":true,"href":"https:\/\/www.dvc.video\/ro\/wp-json\/wp\/v2\/users\/9"}],"replies":[{"embeddable":true,"href":"https:\/\/www.dvc.video\/ro\/wp-json\/wp\/v2\/comments?post=7086"}],"version-history":[{"count":0,"href":"https:\/\/www.dvc.video\/ro\/wp-json\/wp\/v2\/pages\/7086\/revisions"}],"wp:attachment":[{"href":"https:\/\/www.dvc.video\/ro\/wp-json\/wp\/v2\/media?parent=7086"}],"curies":[{"name":"wp","href":"https:\/\/api.w.org\/{rel}","templated":true}]}}