{"id":6606,"date":"2021-03-09T11:23:02","date_gmt":"2021-03-09T10:23:02","guid":{"rendered":"https:\/\/www.dvc.video\/supraveghere-video-ip\/"},"modified":"2021-07-07T10:04:34","modified_gmt":"2021-07-07T08:04:34","slug":"supraveghere-video-ip","status":"publish","type":"page","link":"https:\/\/www.dvc.video\/ro\/supraveghere-video-ip\/","title":{"rendered":"Supraveghere video IP"},"content":{"rendered":"<p>[et_pb_section fb_built=&#8221;1&#8243; _builder_version=&#8221;4.9.2&#8243; _module_preset=&#8221;default&#8221; background_enable_color=&#8221;off&#8221; background_image=&#8221;https:\/\/www.dvc.video\/wp-content\/uploads\/2021\/03\/bcg-red-triangle.jpg&#8221; height=&#8221;150px&#8221; height_last_edited=&#8221;off|desktop&#8221; custom_padding=&#8221;0px||0px||true|false&#8221; global_module=&#8221;793&#8243;][et_pb_row _builder_version=&#8221;4.9.2&#8243; _module_preset=&#8221;default&#8221;][et_pb_column type=&#8221;4_4&#8243; _builder_version=&#8221;4.9.2&#8243; _module_preset=&#8221;default&#8221;][et_pb_text _builder_version=&#8221;4.9.7&#8243; _dynamic_attributes=&#8221;content&#8221; _module_preset=&#8221;default&#8221; header_text_color=&#8221;#FFFFFF&#8221; header_line_height=&#8221;1.3em&#8221; header_font_size_tablet=&#8221;&#8221; header_font_size_phone=&#8221;&#8221; header_font_size_last_edited=&#8221;on|desktop&#8221;]@ET-DC@eyJkeW5hbWljIjp0cnVlLCJjb250ZW50IjoicG9zdF90aXRsZSIsInNldHRpbmdzIjp7ImJlZm9yZSI6IjxoMT4iLCJhZnRlciI6IjxcL2gxPiJ9fQ==@[\/et_pb_text][\/et_pb_column][\/et_pb_row][\/et_pb_section][et_pb_section fb_built=&#8221;1&#8243; _builder_version=&#8221;4.9.2&#8243; _module_preset=&#8221;default&#8221;][et_pb_row _builder_version=&#8221;4.9.2&#8243; _module_preset=&#8221;default&#8221;][et_pb_column type=&#8221;4_4&#8243; _builder_version=&#8221;4.9.2&#8243; _module_preset=&#8221;default&#8221;][et_pb_text _builder_version=&#8221;4.9.2&#8243; _module_preset=&#8221;default&#8221;]Sistemele de supraveghere video DVC IP au o calitate mai bun\u0103 a imaginii, permit identificarea oamenilor \u0219i o percep\u021bie mai bun\u0103 a detaliilor din \u00eenregistrare. Prin urmare, acestea sunt utilizate \u00een principal pentru protejarea cl\u0103dirilor mai complexe, mai riscante \u0219i a zonelor deschise. Cele mai mari avantaje ale supravegherii video IP sunt posibilitatea de a face networking, integrarea cu alte sisteme tehnice din cl\u0103dire, monitorizare la distan\u021b\u0103, rezolu\u021bie ultra-\u00eenalt\u0103 \u0219i analiz\u0103 video. Compresia inteligent\u0103 H.265 ofer\u0103 o calitate video mai bun\u0103, compresie semnificativ mai mare a datelor \u00een compara\u021bie cu H.265 +, reducerea bitrate cu p\u00e2n\u0103 la 50%, \u00eent\u00e2rziere mai mic\u0103 a semnalului video, mai pu\u021bin spa\u021biu de date utiliz\u00e2nd pentru stocare video, setarea parametrilor \u0219i controlul tuturor camerelor prin NVR.[\/et_pb_text][et_pb_text _builder_version=&#8221;4.9.2&#8243; _module_preset=&#8221;default&#8221;]<\/p>\n<h2>Rezolutie de pana la 8 Mpx<\/h2>\n<p>Odat\u0103 cu introducerea noului standard de compresie Smart H.265 adaptat la transmisia \u00een re\u021bea a imaginilor de \u00eenalt\u0103 rezolu\u021bie p\u00e2n\u0103 la 8Mpx, \u00een conformitate cu noul standard 4K (UltraHD), camerele DVC IP permit afi\u0219area \u00eentr-o gam\u0103 larg\u0103 de rezolu\u021bii. Combina\u021bia de camere diferite satisface nevoile utilizatorilor pentru mai multe sau mai pu\u021bine detalii de afi\u0219are.[\/et_pb_text][et_pb_text _builder_version=&#8221;4.9.2&#8243; _module_preset=&#8221;default&#8221;]<\/p>\n<h2>Alimentare PoE<\/h2>\n<p>Alimentarea dubl\u0103 a camerelor DVC IP permite alimentarea acestora fie de la o surs\u0103 de alimentare extern\u0103 de 12 V CC, fie prin PoE al recorderului conectat direct cu un cablu UTP la conectorul RJ45, ceea ce simplific\u0103 foarte mult instalarea. Pentru \u00eenregistratoarele care nu au PoE, camerele sunt alimentate prin conectarea la switch-uri PoE suplimentare.[\/et_pb_text][et_pb_text _builder_version=&#8221;4.9.2&#8243; _module_preset=&#8221;default&#8221;]<\/p>\n<h2>Analiza Video<\/h2>\n<p>Analiza video permite c\u0103utarea mai rapid\u0103 \u0219i analiza video pentru a g\u0103si rapid evenimente critice de securitate. Analiza video permite, de asemenea, detectarea precis\u0103 a persoanelor sau a vehiculelor, ignor\u00e2nd \u00een acela\u0219i timp animalele \u0219i alte obiecte comune. Astfel, evenimentele \u00eenregistrate ini\u021biate prin alarme false, adic\u0103 evenimentele ini\u021biate de alte obiecte, sunt practic neutralizate. Caracteristicile avansate de analiz\u0103 video permit, de asemenea, recunoa\u0219terea fe\u021bei, recunoa\u0219terea pl\u0103cu\u021bei de \u00eenmatriculare a vehiculului \u0219i \u00eenregistrarea persoanelor sau a vehiculelor \u0219i contorizarea ie\u0219irii.[\/et_pb_text][et_pb_text _builder_version=&#8221;4.9.2&#8243; _module_preset=&#8221;default&#8221;]<\/p>\n<h2>Camere DVC IP Extreme Dark, Starlight si Fisheye<\/h2>\n<p>Tehnologia extreme Dark permite vizualizarea imaginilor de la o camer\u0103 color DVC IP \u00een condi\u021bii de lumin\u0103 extrem de redus\u0103. \u00cen acest scop, sunt utiliza\u021bi senzori video cu o deschidere maxim\u0103 de F1.0 \u0219i iluminare suplimentar\u0103 cu LED-uri, care este activat\u0103 automat atunci c\u00e2nd nivelul luminii externe scade sub nivelul vizibil.<br \/>\nTehnologia STARVIS sau Starlight de la Sony ofer\u0103 o imagine color de calitate pe timp de noapte \u0219i \u00een condi\u021bii de lumin\u0103 sc\u0103zut\u0103, cu un senzor video de \u00eenalt\u0103 sensibilitate de 0,002Lux.<br \/>\nO camer\u0103 de pescuit cu unghi larg montat\u0103 pe tavan va permite supravegherea zonei de 360\u02da. Este o solu\u021bie eficient\u0103, u\u0219or de instalat \u0219i proiectat pentru a acoperi o suprafa\u021b\u0103 mare cu o singur\u0103 camer\u0103.[\/et_pb_text][et_pb_text _builder_version=&#8221;4.9.2&#8243; _module_preset=&#8221;default&#8221;]<\/p>\n<h2>True WDR<\/h2>\n<p>Unele camere DVC au un interval dinamic avansat (True WDR) func\u021bie de p\u00e2n\u0103 la 120 dB (60dB este standard) \u0219i ofer\u0103 imagini clare \u00eentr-o varietate de formate de scen\u0103, chiar \u0219i atunci c\u00e2nd lumina de fundal este extrem de intens\u0103. Dac\u0103 adev\u0103rata camer\u0103 WDR este \u00eendreptat\u0103 spre o fereastr\u0103 sau intrare, aceasta va egaliza luminozitatea \u0219i astfel va reproduce \u00eenregistrarea cu toate detaliile scenei.[\/et_pb_text][et_pb_text _builder_version=&#8221;4.9.2&#8243; _module_preset=&#8221;default&#8221;]<\/p>\n<h2>Lentile Moto zoom <\/h2>\n<p>Un zoom motorizat sau un obiectiv variat este un obiectiv din interiorul camerei care, cu ajutorul unui motor, indic\u0103 camera \u00eentr-o anumit\u0103 parte a scenei. Aceasta permite camerei s\u0103 \u00eenregistreze diferite p\u0103r\u021bi ale zonei \u00eenregistrate, de la distan\u021b\u0103, printr-un recorder (DVR, NVR) sau prin intermediul software-ului prin Internet \u0219i aplica\u021bii mobile. Pe scurt, indiferent de distan\u021ba fa\u021b\u0103 de camer\u0103, utilizatorul \u00ee\u0219i poate regla obiectivul printr-o simpl\u0103 atingere a unui buton.[\/et_pb_text][\/et_pb_column][\/et_pb_row][\/et_pb_section]<\/p>\n","protected":false},"excerpt":{"rendered":"<p>Sistemele de supraveghere video DVC IP au o calitate mai bun\u0103 a imaginii, permit identificarea oamenilor \u0219i o percep\u021bie mai bun\u0103 a detaliilor din \u00eenregistrare. Prin urmare, acestea sunt utilizate \u00een principal pentru protejarea cl\u0103dirilor mai complexe, mai riscante \u0219i a zonelor deschise. Cele mai mari avantaje ale supravegherii video IP sunt posibilitatea de a [&hellip;]<\/p>\n","protected":false},"author":9,"featured_media":0,"parent":0,"menu_order":0,"comment_status":"closed","ping_status":"closed","template":"","meta":{"_et_pb_use_builder":"on","_et_pb_old_content":"","_et_gb_content_width":"","footnotes":""},"class_list":["post-6606","page","type-page","status-publish","hentry"],"_links":{"self":[{"href":"https:\/\/www.dvc.video\/ro\/wp-json\/wp\/v2\/pages\/6606","targetHints":{"allow":["GET"]}}],"collection":[{"href":"https:\/\/www.dvc.video\/ro\/wp-json\/wp\/v2\/pages"}],"about":[{"href":"https:\/\/www.dvc.video\/ro\/wp-json\/wp\/v2\/types\/page"}],"author":[{"embeddable":true,"href":"https:\/\/www.dvc.video\/ro\/wp-json\/wp\/v2\/users\/9"}],"replies":[{"embeddable":true,"href":"https:\/\/www.dvc.video\/ro\/wp-json\/wp\/v2\/comments?post=6606"}],"version-history":[{"count":0,"href":"https:\/\/www.dvc.video\/ro\/wp-json\/wp\/v2\/pages\/6606\/revisions"}],"wp:attachment":[{"href":"https:\/\/www.dvc.video\/ro\/wp-json\/wp\/v2\/media?parent=6606"}],"curies":[{"name":"wp","href":"https:\/\/api.w.org\/{rel}","templated":true}]}}