{"id":6597,"date":"2021-03-09T11:25:07","date_gmt":"2021-03-09T10:25:07","guid":{"rendered":"https:\/\/www.dvc.video\/people-counting\/"},"modified":"2021-07-07T09:31:03","modified_gmt":"2021-07-07T07:31:03","slug":"people-counting","status":"publish","type":"page","link":"https:\/\/www.dvc.video\/ro\/people-counting\/","title":{"rendered":"People Counting"},"content":{"rendered":"<p>[et_pb_section fb_built=&#8221;1&#8243; _builder_version=&#8221;4.9.2&#8243; _module_preset=&#8221;default&#8221; background_enable_color=&#8221;off&#8221; background_image=&#8221;https:\/\/www.dvc.video\/wp-content\/uploads\/2021\/03\/bcg-red-triangle.jpg&#8221; height=&#8221;150px&#8221; height_last_edited=&#8221;off|desktop&#8221; custom_padding=&#8221;0px||0px||true|false&#8221; global_module=&#8221;793&#8243;][et_pb_row _builder_version=&#8221;4.9.2&#8243; _module_preset=&#8221;default&#8221;][et_pb_column type=&#8221;4_4&#8243; _builder_version=&#8221;4.9.2&#8243; _module_preset=&#8221;default&#8221;][et_pb_text _builder_version=&#8221;4.9.7&#8243; _dynamic_attributes=&#8221;content&#8221; _module_preset=&#8221;default&#8221; header_text_color=&#8221;#FFFFFF&#8221; header_line_height=&#8221;1.3em&#8221; header_font_size_tablet=&#8221;&#8221; header_font_size_phone=&#8221;&#8221; header_font_size_last_edited=&#8221;on|desktop&#8221;]@ET-DC@eyJkeW5hbWljIjp0cnVlLCJjb250ZW50IjoicG9zdF90aXRsZSIsInNldHRpbmdzIjp7ImJlZm9yZSI6IjxoMT4iLCJhZnRlciI6IjxcL2gxPiJ9fQ==@[\/et_pb_text][\/et_pb_column][\/et_pb_row][\/et_pb_section][et_pb_section fb_built=&#8221;1&#8243; _builder_version=&#8221;4.9.2&#8243; _module_preset=&#8221;default&#8221;][et_pb_row _builder_version=&#8221;4.9.2&#8243; _module_preset=&#8221;default&#8221;][et_pb_column type=&#8221;4_4&#8243; _builder_version=&#8221;4.9.2&#8243; _module_preset=&#8221;default&#8221;][et_pb_text _builder_version=&#8221;4.9.4&#8243; _module_preset=&#8221;default&#8221;]Camerele speciale \u0219i Supreme din seria IP DVC permit people counting datorit\u0103 analizei sale video avansate. Este posibil s\u0103 se numere num\u0103rul de intr\u0103ri, ie\u0219iri \u0219i calcularea num\u0103rului total de persoane prezente la premisa. Camerele cu capacitatea de num\u0103rare a vizitatorilor sunt \u00een mare parte plasate la magazine, conven\u021bii sau centre sportive intr\u0103ri.<\/p>\n<p>Aceste solu\u021bii inteligente vor permite o analiz\u0103 precis\u0103 a eficien\u021bei centrului comercial sau a magazinului, precum \u0219i o mai bun\u0103 organizare general\u0103 a angaja\u021bilor \u0219i a proceselor de v\u00e2nz\u0103ri.<\/p>\n<p>\u00cen timp ce num\u0103rul de persoane din magazin este mai mic dec\u00e2t num\u0103rul maxim setat &#8211; intrarea este permis\u0103. Atunci c\u00e2nd num\u0103rul de persoane atinge valoarea maxim\u0103 definit\u0103, intrarea nu este permis\u0103 \u0219i numai atunci c\u00e2nd prima persoan\u0103 iese, iar num\u0103rul scade sub num\u0103rul maxim de persoane permise \u00een magazin, intrarea este acordat\u0103 din nou.<\/p>\n<ul>\n<li>Solutie stand-alone pentru people counting intr-un magazine prin sistemul DVC<\/li>\n<li>Definirea num\u0103rului permis de persoane direct pe camera foto prin intermediul computerului local.<\/li>\n<li>Posibilitatea de a bloca \/ debloca u\u0219a prin ie\u0219irea alarmei de releu a recorderului.<\/li>\n<li>Capacitatea de a indica statusul de intrare<\/li>\n<\/ul>\n<p>[\/et_pb_text][et_pb_video src=&#8221;https:\/\/youtu.be\/2MqlieADuSI&#8221; _builder_version=&#8221;4.9.4&#8243; _module_preset=&#8221;default&#8221; width=&#8221;50%&#8221; width_tablet=&#8221;100%&#8221; width_phone=&#8221;&#8221; width_last_edited=&#8221;on|phone&#8221; module_alignment=&#8221;center&#8221;][\/et_pb_video][\/et_pb_column][\/et_pb_row][\/et_pb_section]<\/p>\n","protected":false},"excerpt":{"rendered":"<p>Camerele speciale \u0219i Supreme din seria IP DVC permit people counting datorit\u0103 analizei sale video avansate. Este posibil s\u0103 se numere num\u0103rul de intr\u0103ri, ie\u0219iri \u0219i calcularea num\u0103rului total de persoane prezente la premisa. Camerele cu capacitatea de num\u0103rare a vizitatorilor sunt \u00een mare parte plasate la magazine, conven\u021bii sau centre sportive intr\u0103ri. Aceste solu\u021bii [&hellip;]<\/p>\n","protected":false},"author":9,"featured_media":0,"parent":0,"menu_order":0,"comment_status":"closed","ping_status":"closed","template":"","meta":{"_et_pb_use_builder":"on","_et_pb_old_content":"","_et_gb_content_width":"","footnotes":""},"class_list":["post-6597","page","type-page","status-publish","hentry"],"_links":{"self":[{"href":"https:\/\/www.dvc.video\/ro\/wp-json\/wp\/v2\/pages\/6597","targetHints":{"allow":["GET"]}}],"collection":[{"href":"https:\/\/www.dvc.video\/ro\/wp-json\/wp\/v2\/pages"}],"about":[{"href":"https:\/\/www.dvc.video\/ro\/wp-json\/wp\/v2\/types\/page"}],"author":[{"embeddable":true,"href":"https:\/\/www.dvc.video\/ro\/wp-json\/wp\/v2\/users\/9"}],"replies":[{"embeddable":true,"href":"https:\/\/www.dvc.video\/ro\/wp-json\/wp\/v2\/comments?post=6597"}],"version-history":[{"count":0,"href":"https:\/\/www.dvc.video\/ro\/wp-json\/wp\/v2\/pages\/6597\/revisions"}],"wp:attachment":[{"href":"https:\/\/www.dvc.video\/ro\/wp-json\/wp\/v2\/media?parent=6597"}],"curies":[{"name":"wp","href":"https:\/\/api.w.org\/{rel}","templated":true}]}}