{"id":6591,"date":"2021-03-09T11:23:17","date_gmt":"2021-03-09T10:23:17","guid":{"rendered":"https:\/\/www.dvc.video\/supraveghere-video-hd-analogica\/"},"modified":"2023-04-24T08:12:15","modified_gmt":"2023-04-24T06:12:15","slug":"supraveghere-video-hd-analogica","status":"publish","type":"page","link":"https:\/\/www.dvc.video\/ro\/supraveghere-video-hd-analogica\/","title":{"rendered":"Supraveghere video HD analogic\u0103"},"content":{"rendered":"<p>[et_pb_section fb_built=&#8221;1&#8243; _builder_version=&#8221;4.20.2&#8243; _module_preset=&#8221;default&#8221; background_enable_color=&#8221;off&#8221; background_image=&#8221;https:\/\/www.dvc.video\/wp-content\/uploads\/2021\/03\/bcg-red-triangle.jpg&#8221; height=&#8221;150px&#8221; height_last_edited=&#8221;off|desktop&#8221; custom_padding=&#8221;34px||34px||true|false&#8221; global_module=&#8221;793&#8243; saved_tabs=&#8221;all&#8221; global_colors_info=&#8221;{}&#8221;][et_pb_row _builder_version=&#8221;4.16&#8243; _module_preset=&#8221;default&#8221; global_colors_info=&#8221;{}&#8221;][et_pb_column type=&#8221;4_4&#8243; _builder_version=&#8221;4.16&#8243; _module_preset=&#8221;default&#8221; global_colors_info=&#8221;{}&#8221;][et_pb_text _builder_version=&#8221;4.20.0&#8243; _dynamic_attributes=&#8221;content&#8221; _module_preset=&#8221;default&#8221; header_text_color=&#8221;#FFFFFF&#8221; header_line_height=&#8221;1.3em&#8221; header_font_size_tablet=&#8221;&#8221; header_font_size_phone=&#8221;&#8221; header_font_size_last_edited=&#8221;on|desktop&#8221; global_colors_info=&#8221;{}&#8221;]@ET-DC@eyJkeW5hbWljIjp0cnVlLCJjb250ZW50IjoicG9zdF90aXRsZSIsInNldHRpbmdzIjp7ImJlZm9yZSI6IjxoMT4iLCJhZnRlciI6IjxcL2gxPiJ9fQ==@[\/et_pb_text][\/et_pb_column][\/et_pb_row][\/et_pb_section][et_pb_section fb_built=&#8221;1&#8243; _builder_version=&#8221;4.16&#8243; _module_preset=&#8221;default&#8221; global_colors_info=&#8221;{}&#8221;][et_pb_row _builder_version=&#8221;4.16&#8243; _module_preset=&#8221;default&#8221; global_colors_info=&#8221;{}&#8221;][et_pb_column type=&#8221;4_4&#8243; _builder_version=&#8221;4.16&#8243; _module_preset=&#8221;default&#8221; global_colors_info=&#8221;{}&#8221;][et_pb_text _builder_version=&#8221;4.16&#8243; _module_preset=&#8221;default&#8221; global_colors_info=&#8221;{}&#8221;]<\/p>\n<p>Sistemele de supraveghere video DVC AHD sunt cel mai adesea folosite pentru a asigura spa\u021biile reziden\u021biale \u0219i comerciale ale acelor utilizatori care doresc s\u0103 \u00eembun\u0103t\u0103\u021beasc\u0103 sistemul analogic existent f\u0103r\u0103 a schimba instala\u021biile de cablu coaxial existente.<br \/>\nFolosind transmisia analogic\u0103 a semnalelor video prin cablu coaxial la distan\u021be de p\u00e2n\u0103 la 500 m, tehnologia HD analogic\u0103 este proiectat\u0103 pentru un sistem de supraveghere video analogic, dar care poate acoperi o suprafa\u021b\u0103 mare cu imagini de rezolu\u021bie de megapixeli.<\/p>\n<p>[\/et_pb_text][et_pb_text _builder_version=&#8221;4.20.4&#8243; _module_preset=&#8221;default&#8221; hover_enabled=&#8221;0&#8243; global_colors_info=&#8221;{}&#8221; sticky_enabled=&#8221;0&#8243;]<\/p>\n<h2>Rezolu\u021bie de p\u00e2n\u0103 la 8Mpx prin cablu coaxial<\/h2>\n<p>Cu o rezolu\u021bie de 8Mpx, tehnologia HD analogic\u0103 a abordat video IP. Folosind transmisia semnalului video analogic prin cablu coaxial, tehnologia HD analogic\u0103 face posibil\u0103 crearea unui sistem de supraveghere video care poate acoperi o suprafa\u021b\u0103 mare, cu o calitate excelent\u0103 a imaginii, cu o rezolu\u021bie de 8Mpx, 5Mpx, 4Mpx, 2Mpx sau 1Mpx.<\/p>\n<p>[\/et_pb_text][et_pb_text _builder_version=&#8221;4.20.4&#8243; _module_preset=&#8221;default&#8221; hover_enabled=&#8221;0&#8243; global_colors_info=&#8221;{}&#8221; sticky_enabled=&#8221;0&#8243;]<\/p>\n<h2>Reportofoane DVC analogice HD<\/h2>\n<p>\u00cen plus fa\u021b\u0103 de camerele HD (AHD, CVI \u0219i TVI) \u0219i analogice, 1 p\u00e2n\u0103 la 8 camere DVC IP suplimentare pot fi conectate la recorderele DVC analogice HD. \u00cen acest fel, pe l\u00e2ng\u0103 canalele video suplimentare de pe recorder, este activat\u0103 flexibilitatea \u0219i utilizarea tehnologiei IP \u00een sistemele analogice HD. Rezolu\u021biile camerelor video DVC IP care pot fi conectate la recorderele DVC analogice HD sunt 8Mpx, 5Mpx, 4Mpx, 3Mpx \u0219i 2Mpx, cu H.265 + \u0219i H.264 + compresie. Acest lucru poate fi util \u00een cazul \u00een care utilizatorul dore\u0219te s\u0103 actualizeze sistemul existent prin suplimentarea mai multor camere analogice cu camere analogice HD \u0219i IP prin utilizarea unui recorder DVC analogic pentabrid.<\/p>\n<p>[\/et_pb_text][et_pb_text _builder_version=&#8221;4.16&#8243; _module_preset=&#8221;default&#8221; global_colors_info=&#8221;{}&#8221;]<\/p>\n<h2>Tehnologia 4 in 1<\/h2>\n<p>Tehnologia 4-\u00een-1 permite tuturor camerelor DVC analogice HD s\u0103 func\u021bioneze \u00eentr-unul din cele 4 moduri. Aceasta \u00eenseamn\u0103 c\u0103 aceste camere HD sunt compatibile cu toate recorderele analogice HD: AHD, HD-TVI, HD CVI, precum \u0219i cu recordere analogice de genera\u021bie mai veche.<\/p>\n<p>[\/et_pb_text][et_pb_text _builder_version=&#8221;4.16&#8243; _module_preset=&#8221;default&#8221; global_colors_info=&#8221;{}&#8221;]<\/p>\n<h2>Filmarea pe timp de noapte<\/h2>\n<p>Pentru \u00eenregistrarea \u00een \u00eentuneric complet, sunt utilizate LED-uri IR (diode emi\u021b\u0103toare de lumin\u0103 infraro\u0219ie) care emit lumin\u0103 infraro\u0219ie. O astfel de iluminare este invizibil\u0103 pentru ochiul uman, dar camerele care o folosesc sunt sensibile la ea. Camerele IR de exterior DVC, pe langa cele obisnuite, folosesc diferite tipuri de LED-uri IR noi, cum ar fi LED-uri Array (are mai putin de 10 LED-uri, o durata de viata mai lunga, ofera o imagine clara de inalta puritate si au dimensiuni mai mici), Sau Black Glass LED, fabricat din material compozit care transmite spectrul infraro\u0219u de iluminat, bloc\u00e2nd \u00een acela\u0219i timp lumina vizibil\u0103.<\/p>\n<p>[\/et_pb_text][et_pb_text _builder_version=&#8221;4.16&#8243; _module_preset=&#8221;default&#8221; global_colors_info=&#8221;{}&#8221;]<\/p>\n<h2>COC (Controlul asupra Coax)<\/h2>\n<p>Controlul camerelor DVC analogice HD prin cablu coaxial permite accesul la browserul OSD de la recorder. De asemenea, folosind doar un cablu coaxial, este posibil s\u0103 se controleze camere DVC analog HD PTZ f\u0103r\u0103 a fi nevoie de comunicare suplimentar\u0103 cu tastaturi de control printr-un cablu cu dou\u0103 nuclee folosind protocolul RS485. Acest mod de a controla camerele este mai simplu, deoarece nu este nevoie s\u0103 accesa\u021bi fizic camerele \u0219i mai ieftin, deoarece nu este necesar s\u0103 trage\u021bi un cablu suplimentar pentru<br \/>\nAccesa\u021bi fizic camerele \u0219i mai ieftin, deoarece nu este necesar s\u0103 trage\u021bi un cablu suplimentar pentru controlul camerelor PTZ.<\/p>\n<p>[\/et_pb_text][\/et_pb_column][\/et_pb_row][\/et_pb_section]<\/p>\n","protected":false},"excerpt":{"rendered":"<p>Sistemele de supraveghere video DVC AHD sunt cel mai adesea folosite pentru a asigura spa\u021biile reziden\u021biale \u0219i comerciale ale acelor utilizatori care doresc s\u0103 \u00eembun\u0103t\u0103\u021beasc\u0103 sistemul analogic existent f\u0103r\u0103 a schimba instala\u021biile de cablu coaxial existente. Folosind transmisia analogic\u0103 a semnalelor video prin cablu coaxial la distan\u021be de p\u00e2n\u0103 la 500 m, tehnologia HD analogic\u0103 [&hellip;]<\/p>\n","protected":false},"author":9,"featured_media":0,"parent":0,"menu_order":0,"comment_status":"closed","ping_status":"closed","template":"","meta":{"_et_pb_use_builder":"on","_et_pb_old_content":"","_et_gb_content_width":"","footnotes":""},"class_list":["post-6591","page","type-page","status-publish","hentry"],"_links":{"self":[{"href":"https:\/\/www.dvc.video\/ro\/wp-json\/wp\/v2\/pages\/6591","targetHints":{"allow":["GET"]}}],"collection":[{"href":"https:\/\/www.dvc.video\/ro\/wp-json\/wp\/v2\/pages"}],"about":[{"href":"https:\/\/www.dvc.video\/ro\/wp-json\/wp\/v2\/types\/page"}],"author":[{"embeddable":true,"href":"https:\/\/www.dvc.video\/ro\/wp-json\/wp\/v2\/users\/9"}],"replies":[{"embeddable":true,"href":"https:\/\/www.dvc.video\/ro\/wp-json\/wp\/v2\/comments?post=6591"}],"version-history":[{"count":0,"href":"https:\/\/www.dvc.video\/ro\/wp-json\/wp\/v2\/pages\/6591\/revisions"}],"wp:attachment":[{"href":"https:\/\/www.dvc.video\/ro\/wp-json\/wp\/v2\/media?parent=6591"}],"curies":[{"name":"wp","href":"https:\/\/api.w.org\/{rel}","templated":true}]}}