{"id":20515,"date":"2023-04-04T13:08:54","date_gmt":"2023-04-04T11:08:54","guid":{"rendered":"https:\/\/www.dvc.video\/tehnologie-extrem-dark\/"},"modified":"2023-04-05T14:48:38","modified_gmt":"2023-04-05T12:48:38","slug":"tehnologie-extrem-dark","status":"publish","type":"page","link":"https:\/\/www.dvc.video\/ro\/tehnologie-extrem-dark\/","title":{"rendered":"Tehnologie Extrem Dark"},"content":{"rendered":"<p>[et_pb_section fb_built=&#8221;1&#8243; _builder_version=&#8221;4.20.2&#8243; _module_preset=&#8221;default&#8221; background_enable_color=&#8221;off&#8221; background_image=&#8221;https:\/\/www.dvc.video\/wp-content\/uploads\/2021\/03\/bcg-red-triangle.jpg&#8221; height_last_edited=&#8221;off|desktop&#8221; custom_padding=&#8221;34px||34px||true|false&#8221; global_module=&#8221;793&#8243; saved_tabs=&#8221;all&#8221; global_colors_info=&#8221;{}&#8221;][et_pb_row _builder_version=&#8221;4.16&#8243; _module_preset=&#8221;default&#8221; global_colors_info=&#8221;{}&#8221;][et_pb_column type=&#8221;4_4&#8243; _builder_version=&#8221;4.16&#8243; _module_preset=&#8221;default&#8221; global_colors_info=&#8221;{}&#8221;][et_pb_text _builder_version=&#8221;4.20.0&#8243; _dynamic_attributes=&#8221;content&#8221; _module_preset=&#8221;default&#8221; header_text_color=&#8221;#FFFFFF&#8221; header_line_height=&#8221;1.3em&#8221; header_font_size_tablet=&#8221;&#8221; header_font_size_phone=&#8221;&#8221; header_font_size_last_edited=&#8221;on|desktop&#8221; global_colors_info=&#8221;{}&#8221;]@ET-DC@eyJkeW5hbWljIjp0cnVlLCJjb250ZW50IjoicG9zdF90aXRsZSIsInNldHRpbmdzIjp7ImJlZm9yZSI6IjxoMT4iLCJhZnRlciI6IjxcL2gxPiJ9fQ==@[\/et_pb_text][\/et_pb_column][\/et_pb_row][\/et_pb_section][et_pb_section fb_built=&#8221;1&#8243; _builder_version=&#8221;4.20.2&#8243; _module_preset=&#8221;default&#8221; vertical_offset=&#8221;0px&#8221; global_colors_info=&#8221;{}&#8221;][et_pb_row _builder_version=&#8221;4.20.2&#8243; _module_preset=&#8221;default&#8221; vertical_offset=&#8221;-80px&#8221; horizontal_offset=&#8221;0px&#8221; hover_enabled=&#8221;0&#8243; global_colors_info=&#8221;{}&#8221; sticky_enabled=&#8221;0&#8243;][et_pb_column type=&#8221;4_4&#8243; _builder_version=&#8221;4.20.2&#8243; _module_preset=&#8221;default&#8221; global_colors_info=&#8221;{}&#8221;][et_pb_image src=&#8221;https:\/\/www.dvc.video\/wp-content\/uploads\/2023\/04\/2023_04_dvc_extremedark_header.png&#8221; align=&#8221;center&#8221; _builder_version=&#8221;4.20.2&#8243; _module_preset=&#8221;default&#8221; global_colors_info=&#8221;{}&#8221;][\/et_pb_image][et_pb_text _builder_version=&#8221;4.20.2&#8243; _module_preset=&#8221;default&#8221; global_colors_info=&#8221;{}&#8221;]<\/p>\n<h2>Poza perfect\u0103 chiar \u0219i \u00een \u00eentuneric total!<\/h2>\n<p>Tehnologia DVC Extreme Dark a fost creat\u0103 pentru a permite camerelor s\u0103 func\u021bioneze \u0219i s\u0103 \u00eembun\u0103t\u0103\u021beasc\u0103 calitatea imaginii de supraveghere video chiar \u0219i \u00een condi\u021bii extreme, cum ar fi \u00eentuneric complet.<\/p>\n<p>Datorit\u0103 luminii LED suplimentare, camerele Extreme Dark pot garanta imagini clare \u0219i pline de culoare, chiar \u0219i atunci c\u00e2nd nu exist\u0103 nicio surs\u0103 de lumin\u0103, cum ar fi stelele sau luminile stradale.<\/p>\n<p>[\/et_pb_text][et_pb_text _builder_version=&#8221;4.20.2&#8243; _module_preset=&#8221;default&#8221; global_colors_info=&#8221;{}&#8221;]<\/p>\n<h2>Analiza video noaptea<\/h2>\n<p>Capacitatea puternic\u0103 a tehnologiei Extreme Dark de a capta detalii \u00een condi\u021bii de lumin\u0103 slab\u0103 provine din tehnologia avansat\u0103 a lentilelor \u0219i senzorii de \u00eenalt\u0103 sensibilitate. Spre deosebire de obiectivele conven\u021bionale, datorit\u0103 super diafragmei care ajunge la F1.0, tehnologia Extreme Dark permite s\u0103 p\u0103trund\u0103 mai mult\u0103 lumin\u0103 \u00een obiectiv, cresc\u00e2nd astfel luminozitatea \u0219i claritatea imaginii. Func\u021biile analitice video sus\u021binute de echipamentele DVC sunt: trecerea liniilor, urm\u0103rirea obiectelor, invazia spa\u021biului, num\u0103rarea persoanelor \u0219i\/sau a vehiculelor, densitatea oamenilor, recunoa\u0219terea fe\u021bei, recunoa\u0219terea persoanei \u0219i a vehiculului, urm\u0103rirea automat\u0103, recunoa\u0219terea pl\u0103cu\u021bei de \u00eenmatriculare a vehiculului.<\/p>\n<p>[\/et_pb_text][et_pb_text _builder_version=&#8221;4.20.2&#8243; _module_preset=&#8221;default&#8221; global_colors_info=&#8221;{}&#8221;]<\/p>\n<h2>Supraveghere imagini \u00een culori vii 24\/7<\/h2>\n<p>Camerele Extreme Dark de \u00eenalt\u0103 sensibilitate sunt concepute pentru sistemele de supraveghere \u00een care sunt necesare imagini de \u00eenalt\u0103 rezolu\u021bie chiar \u0219i \u00een medii cu lumin\u0103 foarte sc\u0103zut\u0103. Senzorii camerei Extreme Dark demonstreaz\u0103 o eficien\u021b\u0103 remarcabil\u0103 a conversiei fotovoltaice. Ei folosesc tehnologie avansat\u0103 de senzori \u2013 o nou\u0103 structur\u0103 de captare a luminii care \u00eembun\u0103t\u0103\u021be\u0219te considerabil utilizarea luminii. Testele arat\u0103 c\u0103 camerele Extreme Dark ofer\u0103 \u00een mod constant imagini vii \u0219i clare p\u00e2n\u0103 la cele mai sc\u0103zute niveluri de lumin\u0103. \u00cen acela\u0219i timp, algoritmul lor auto-adaptabil 3D DNR pe ISP garanteaz\u0103 o calitate ridicat\u0103 a imaginii.<\/p>\n<p>[\/et_pb_text][et_pb_text _builder_version=&#8221;4.20.2&#8243; _module_preset=&#8221;default&#8221; global_colors_info=&#8221;{}&#8221;]<\/p>\n<h2>Aplica\u021bie<\/h2>\n<p>Camerele extrem de \u00eentunecate vor permite supravegherea ne\u00eentrerupt\u0103 pe timp de noapte \u0219i vor proteja astfel perimetrul fabricii, vilei sau gr\u0103dinii. Av\u00e2nd \u00een vedere capacitatea lor de a capta imagini vii excelente, camerele Extreme Dark ofer\u0103 securitate chiar \u0219i \u00een locuri publice slab iluminate. Sunt siguran\u021ba pe timp de noapte a tuturor zonelor slab iluminate \u0219i a tuturor loca\u021biilor \u00een care imaginea poate fi de o importan\u021b\u0103 crucial\u0103, cum ar fi intersec\u021biile de trafic sau parcurile, precum \u0219i toate loca\u021biile slab iluminate \u00een care iluminarea suplimentar\u0103 cu LED-uri a camerei este crucial\u0103 \u00een modul de noapte.<\/p>\n<p>[\/et_pb_text][et_pb_video src=&#8221;https:\/\/youtu.be\/DOQ5SwP8mP4&#8243; _builder_version=&#8221;4.20.2&#8243; _module_preset=&#8221;default&#8221; global_colors_info=&#8221;{}&#8221;][\/et_pb_video][\/et_pb_column][\/et_pb_row][\/et_pb_section]<\/p>\n","protected":false},"excerpt":{"rendered":"<p>Poza perfect\u0103 chiar \u0219i \u00een \u00eentuneric total! Tehnologia DVC Extreme Dark a fost creat\u0103 pentru a permite camerelor s\u0103 func\u021bioneze \u0219i s\u0103 \u00eembun\u0103t\u0103\u021beasc\u0103 calitatea imaginii de supraveghere video chiar \u0219i \u00een condi\u021bii extreme, cum ar fi \u00eentuneric complet. Datorit\u0103 luminii LED suplimentare, camerele Extreme Dark pot garanta imagini clare \u0219i pline de culoare, chiar \u0219i [&hellip;]<\/p>\n","protected":false},"author":9,"featured_media":0,"parent":0,"menu_order":0,"comment_status":"closed","ping_status":"closed","template":"","meta":{"_et_pb_use_builder":"on","_et_pb_old_content":"","_et_gb_content_width":"","footnotes":""},"class_list":["post-20515","page","type-page","status-publish","hentry"],"_links":{"self":[{"href":"https:\/\/www.dvc.video\/ro\/wp-json\/wp\/v2\/pages\/20515","targetHints":{"allow":["GET"]}}],"collection":[{"href":"https:\/\/www.dvc.video\/ro\/wp-json\/wp\/v2\/pages"}],"about":[{"href":"https:\/\/www.dvc.video\/ro\/wp-json\/wp\/v2\/types\/page"}],"author":[{"embeddable":true,"href":"https:\/\/www.dvc.video\/ro\/wp-json\/wp\/v2\/users\/9"}],"replies":[{"embeddable":true,"href":"https:\/\/www.dvc.video\/ro\/wp-json\/wp\/v2\/comments?post=20515"}],"version-history":[{"count":0,"href":"https:\/\/www.dvc.video\/ro\/wp-json\/wp\/v2\/pages\/20515\/revisions"}],"wp:attachment":[{"href":"https:\/\/www.dvc.video\/ro\/wp-json\/wp\/v2\/media?parent=20515"}],"curies":[{"name":"wp","href":"https:\/\/api.w.org\/{rel}","templated":true}]}}