{"id":28562,"date":"2021-05-18T12:32:52","date_gmt":"2021-05-18T10:32:52","guid":{"rendered":"https:\/\/www.dvc.video\/proizvod\/Bez kategorije\/dvc-pc7h-2\/"},"modified":"2026-04-11T05:58:10","modified_gmt":"2026-04-11T03:58:10","slug":"dvc-pc7h-2","status":"publish","type":"product","link":"https:\/\/www.dvc.video\/me\/proizvod\/interfoni-i-videointerfoni-me\/napajanja-me\/dvc-pc7h-2\/","title":{"rendered":"DVC PC7H"},"content":{"rendered":"","protected":false},"excerpt":{"rendered":"<p>Napajanje za DVC interfonske sisteme 28 VDC. Izlazna struja 2.5 A. Za\u0161tita od kratkog spoja, prenapona i preoptere\u0107enja. Odvojen naponski dio i DPS. Podr\u017eava do 32 monitora, ovisno o modelu.<\/p>\n","protected":false},"featured_media":7021,"template":"","meta":{"_et_pb_use_builder":"","_et_pb_old_content":"","_et_gb_content_width":""},"product_brand":[],"product_cat":[245,250],"product_tag":[],"class_list":{"0":"post-28562","1":"product","2":"type-product","3":"status-publish","4":"has-post-thumbnail","6":"product_cat-interfoni-i-videointerfoni-me","7":"product_cat-napajanja-me","9":"first","10":"instock","11":"shipping-taxable","12":"product-type-simple"},"_links":{"self":[{"href":"https:\/\/www.dvc.video\/me\/wp-json\/wp\/v2\/product\/28562","targetHints":{"allow":["GET"]}}],"collection":[{"href":"https:\/\/www.dvc.video\/me\/wp-json\/wp\/v2\/product"}],"about":[{"href":"https:\/\/www.dvc.video\/me\/wp-json\/wp\/v2\/types\/product"}],"wp:featuredmedia":[{"embeddable":true,"href":"https:\/\/www.dvc.video\/me\/wp-json\/wp\/v2\/media\/7021"}],"wp:attachment":[{"href":"https:\/\/www.dvc.video\/me\/wp-json\/wp\/v2\/media?parent=28562"}],"wp:term":[{"taxonomy":"product_brand","embeddable":true,"href":"https:\/\/www.dvc.video\/me\/wp-json\/wp\/v2\/product_brand?post=28562"},{"taxonomy":"product_cat","embeddable":true,"href":"https:\/\/www.dvc.video\/me\/wp-json\/wp\/v2\/product_cat?post=28562"},{"taxonomy":"product_tag","embeddable":true,"href":"https:\/\/www.dvc.video\/me\/wp-json\/wp\/v2\/product_tag?post=28562"}],"curies":[{"name":"wp","href":"https:\/\/api.w.org\/{rel}","templated":true}]}}