{"id":28506,"date":"2021-05-18T12:35:00","date_gmt":"2021-05-18T10:35:00","guid":{"rendered":"https:\/\/www.dvc.video\/proizvod\/Bez%20kategorije\/dvc-821f-3x2-2\/"},"modified":"2026-04-11T05:57:09","modified_gmt":"2026-04-11T03:57:09","slug":"dvc-821f-3x2-2","status":"publish","type":"product","link":"https:\/\/www.dvc.video\/me\/proizvod\/interfoni-i-videointerfoni-me\/okviri-kutije-me\/dvc-821f-3x2-2\/","title":{"rendered":"DVC 821\/3X2-F"},"content":{"rendered":"","protected":false},"excerpt":{"rendered":"<p>Okvir serije DVC 821 za smje\u0161taj 6 modula u dva stupca, uklju\u010duje prednjicu od ner\u0111aju\u0107eg \u010delika i kutiju, pod\u017ebukna ugradnja<\/p>\n","protected":false},"featured_media":7001,"template":"","meta":{"_et_pb_use_builder":"","_et_pb_old_content":"","_et_gb_content_width":""},"product_brand":[],"product_cat":[245,251],"product_tag":[],"class_list":{"0":"post-28506","1":"product","2":"type-product","3":"status-publish","4":"has-post-thumbnail","6":"product_cat-interfoni-i-videointerfoni-me","7":"product_cat-okviri-kutije-me","9":"first","10":"instock","11":"shipping-taxable","12":"product-type-simple"},"_links":{"self":[{"href":"https:\/\/www.dvc.video\/me\/wp-json\/wp\/v2\/product\/28506","targetHints":{"allow":["GET"]}}],"collection":[{"href":"https:\/\/www.dvc.video\/me\/wp-json\/wp\/v2\/product"}],"about":[{"href":"https:\/\/www.dvc.video\/me\/wp-json\/wp\/v2\/types\/product"}],"wp:featuredmedia":[{"embeddable":true,"href":"https:\/\/www.dvc.video\/me\/wp-json\/wp\/v2\/media\/7001"}],"wp:attachment":[{"href":"https:\/\/www.dvc.video\/me\/wp-json\/wp\/v2\/media?parent=28506"}],"wp:term":[{"taxonomy":"product_brand","embeddable":true,"href":"https:\/\/www.dvc.video\/me\/wp-json\/wp\/v2\/product_brand?post=28506"},{"taxonomy":"product_cat","embeddable":true,"href":"https:\/\/www.dvc.video\/me\/wp-json\/wp\/v2\/product_cat?post=28506"},{"taxonomy":"product_tag","embeddable":true,"href":"https:\/\/www.dvc.video\/me\/wp-json\/wp\/v2\/product_tag?post=28506"}],"curies":[{"name":"wp","href":"https:\/\/api.w.org\/{rel}","templated":true}]}}