{"id":28450,"date":"2021-05-18T12:38:33","date_gmt":"2021-05-18T10:38:33","guid":{"rendered":"https:\/\/www.dvc.video\/proizvod\/Bez%20kategorije\/dvc-dt607-fe-id-s4-rh-2\/"},"modified":"2026-05-09T05:30:46","modified_gmt":"2026-05-09T03:30:46","slug":"dvc-dt607-fe-id-s4-rh-2","status":"publish","type":"product","link":"https:\/\/www.dvc.video\/me\/proizvod\/interfoni-i-videointerfoni-me\/spoljasnje-jedinice-me\/dvc-dt607-fe-id-s4-rh-2\/","title":{"rendered":"DVC DT607\/FE\/ID\/S4\/RH"},"content":{"rendered":"","protected":false},"excerpt":{"rendered":"<p>Spolja\u0161nja pozivna jedinica s Fisheye kamerom u boji (170\u00b0) i 4 pozivna tastera. Izra\u0111ena od ner\u0111aju\u0107eg \u010delika. IP54 za\u0161tita. Ugra\u0111en RFID \u010dita\u010d. Napajanje 24 VDC. Isporu\u010duje se u kompletu sa okvirom za za\u0161titu od ki\u0161e i 7 kom RFID privjesaka. Nadgradna monta\u017ea.<\/p>\n","protected":false},"featured_media":6965,"template":"","meta":{"_et_pb_use_builder":"","_et_pb_old_content":"","_et_gb_content_width":""},"product_brand":[],"product_cat":[245,253],"product_tag":[],"class_list":{"0":"post-28450","1":"product","2":"type-product","3":"status-publish","4":"has-post-thumbnail","6":"product_cat-interfoni-i-videointerfoni-me","7":"product_cat-spoljasnje-jedinice-me","9":"first","10":"instock","11":"shipping-taxable","12":"product-type-simple"},"_links":{"self":[{"href":"https:\/\/www.dvc.video\/me\/wp-json\/wp\/v2\/product\/28450","targetHints":{"allow":["GET"]}}],"collection":[{"href":"https:\/\/www.dvc.video\/me\/wp-json\/wp\/v2\/product"}],"about":[{"href":"https:\/\/www.dvc.video\/me\/wp-json\/wp\/v2\/types\/product"}],"wp:featuredmedia":[{"embeddable":true,"href":"https:\/\/www.dvc.video\/me\/wp-json\/wp\/v2\/media\/6965"}],"wp:attachment":[{"href":"https:\/\/www.dvc.video\/me\/wp-json\/wp\/v2\/media?parent=28450"}],"wp:term":[{"taxonomy":"product_brand","embeddable":true,"href":"https:\/\/www.dvc.video\/me\/wp-json\/wp\/v2\/product_brand?post=28450"},{"taxonomy":"product_cat","embeddable":true,"href":"https:\/\/www.dvc.video\/me\/wp-json\/wp\/v2\/product_cat?post=28450"},{"taxonomy":"product_tag","embeddable":true,"href":"https:\/\/www.dvc.video\/me\/wp-json\/wp\/v2\/product_tag?post=28450"}],"curies":[{"name":"wp","href":"https:\/\/api.w.org\/{rel}","templated":true}]}}