{"id":28422,"date":"2021-05-18T12:40:05","date_gmt":"2021-05-18T10:40:05","guid":{"rendered":"https:\/\/www.dvc.video\/proizvod\/Bez kategorije\/dvc-dt611-mk-2\/"},"modified":"2026-04-11T05:54:46","modified_gmt":"2026-04-11T03:54:46","slug":"dvc-dt611-mk-2","status":"publish","type":"product","link":"https:\/\/www.dvc.video\/me\/proizvod\/interfoni-i-videointerfoni-me\/spoljasnje-jedinice-me\/dvc-dt611-mk-2\/","title":{"rendered":"DVC DT611\/MK"},"content":{"rendered":"","protected":false},"excerpt":{"rendered":"<p>Vanjska pozivna jedinica s fish-eye kamerom u boji i 1 pozivnom tipkom. Izra\u0111ena od nehr\u0111aju\u0107eg \u010delika. IP54 za\u0161tita. Ugra\u0111ena mehani\u010dka tipkovnica za kontrolu pristupa. Nad\u017ebukna ugradnja (kutija u kompletu).<\/p>\n","protected":false},"featured_media":6949,"template":"","meta":{"_et_pb_use_builder":"","_et_pb_old_content":"","_et_gb_content_width":""},"product_brand":[],"product_cat":[245,253],"product_tag":[],"class_list":{"0":"post-28422","1":"product","2":"type-product","3":"status-publish","4":"has-post-thumbnail","6":"product_cat-interfoni-i-videointerfoni-me","7":"product_cat-spoljasnje-jedinice-me","9":"first","10":"instock","11":"shipping-taxable","12":"product-type-simple"},"_links":{"self":[{"href":"https:\/\/www.dvc.video\/me\/wp-json\/wp\/v2\/product\/28422","targetHints":{"allow":["GET"]}}],"collection":[{"href":"https:\/\/www.dvc.video\/me\/wp-json\/wp\/v2\/product"}],"about":[{"href":"https:\/\/www.dvc.video\/me\/wp-json\/wp\/v2\/types\/product"}],"wp:featuredmedia":[{"embeddable":true,"href":"https:\/\/www.dvc.video\/me\/wp-json\/wp\/v2\/media\/6949"}],"wp:attachment":[{"href":"https:\/\/www.dvc.video\/me\/wp-json\/wp\/v2\/media?parent=28422"}],"wp:term":[{"taxonomy":"product_brand","embeddable":true,"href":"https:\/\/www.dvc.video\/me\/wp-json\/wp\/v2\/product_brand?post=28422"},{"taxonomy":"product_cat","embeddable":true,"href":"https:\/\/www.dvc.video\/me\/wp-json\/wp\/v2\/product_cat?post=28422"},{"taxonomy":"product_tag","embeddable":true,"href":"https:\/\/www.dvc.video\/me\/wp-json\/wp\/v2\/product_tag?post=28422"}],"curies":[{"name":"wp","href":"https:\/\/api.w.org\/{rel}","templated":true}]}}