{"id":28408,"date":"2021-05-18T12:40:49","date_gmt":"2021-05-18T10:40:49","guid":{"rendered":"https:\/\/www.dvc.video\/proizvod\/Bez%20kategorije\/dvc-ix850-2\/"},"modified":"2026-05-09T05:30:04","modified_gmt":"2026-05-09T03:30:04","slug":"dvc-ix850-2","status":"publish","type":"product","link":"https:\/\/www.dvc.video\/me\/proizvod\/interfoni-i-videointerfoni-me\/spoljasnje-jedinice-me\/dvc-ix850-2\/","title":{"rendered":"DVC IX850"},"content":{"rendered":"","protected":false},"excerpt":{"rendered":"<p>Vanjska IP video pozivna jedinica sa 720p fisheye kamerom u boji i 5&#8221; TFT ekranom. Ugra\u0111ena tastatura i RFID \u010dita\u010d kartica (125kHz i 13,56MHz). IP65 za\u0161tita. Odabir stanara odabirom iz imenika putem TFT zaslona ili  unosom pozivne \u0161ifre. Nadgradna monta\u017ea.<\/p>\n","protected":false},"featured_media":6943,"template":"","meta":{"_et_pb_use_builder":"","_et_pb_old_content":"","_et_gb_content_width":""},"product_brand":[],"product_cat":[245,253],"product_tag":[],"class_list":{"0":"post-28408","1":"product","2":"type-product","3":"status-publish","4":"has-post-thumbnail","6":"product_cat-interfoni-i-videointerfoni-me","7":"product_cat-spoljasnje-jedinice-me","9":"first","10":"instock","11":"shipping-taxable","12":"product-type-simple"},"_links":{"self":[{"href":"https:\/\/www.dvc.video\/me\/wp-json\/wp\/v2\/product\/28408","targetHints":{"allow":["GET"]}}],"collection":[{"href":"https:\/\/www.dvc.video\/me\/wp-json\/wp\/v2\/product"}],"about":[{"href":"https:\/\/www.dvc.video\/me\/wp-json\/wp\/v2\/types\/product"}],"wp:featuredmedia":[{"embeddable":true,"href":"https:\/\/www.dvc.video\/me\/wp-json\/wp\/v2\/media\/6943"}],"wp:attachment":[{"href":"https:\/\/www.dvc.video\/me\/wp-json\/wp\/v2\/media?parent=28408"}],"wp:term":[{"taxonomy":"product_brand","embeddable":true,"href":"https:\/\/www.dvc.video\/me\/wp-json\/wp\/v2\/product_brand?post=28408"},{"taxonomy":"product_cat","embeddable":true,"href":"https:\/\/www.dvc.video\/me\/wp-json\/wp\/v2\/product_cat?post=28408"},{"taxonomy":"product_tag","embeddable":true,"href":"https:\/\/www.dvc.video\/me\/wp-json\/wp\/v2\/product_tag?post=28408"}],"curies":[{"name":"wp","href":"https:\/\/api.w.org\/{rel}","templated":true}]}}