{"id":28163,"date":"2022-05-12T15:08:10","date_gmt":"2022-05-12T13:08:10","guid":{"rendered":"https:\/\/www.dvc.video\/proizvod\/Bez%20kategorije\/don-75-2\/"},"modified":"2026-04-27T08:55:18","modified_gmt":"2026-04-27T06:55:18","slug":"don-75-2","status":"publish","type":"product","link":"https:\/\/www.dvc.video\/me\/proizvod\/videonadzor-me\/serveri-i-oprema-me\/don-75-2\/","title":{"rendered":"DON-75"},"content":{"rendered":"<p><a href=\"https:\/\/b2b.alarmautomatika.com\/documentation\/Video_nadzor\/7_IP_video_nadzor\/Korisni\u010dke_upute_i_softwari_za_panteon\/DVC data sheets\/DON-75.pdf?utm_source=dvc&amp;utm_medium=web&amp;utm_campaign=datasheet&amp;utm_term=DON-75\" target=\"_blank\" class=\"button-datasheet\" rel=\"noopener\">Datasheet<\/a><\/p>\n","protected":false},"excerpt":{"rendered":"<p>DVC All in one Server sa ugra\u0111enim NVMS2.0 STANDARD, podr\u0161ka za do 1024 kanala, 128 snima\u010da, 300 IP kamera direktno.<\/p>\n","protected":false},"featured_media":14721,"template":"","meta":{"_et_pb_use_builder":"","_et_pb_old_content":"","_et_gb_content_width":""},"product_brand":[],"product_cat":[265,254],"product_tag":[],"class_list":{"0":"post-28163","1":"product","2":"type-product","3":"status-publish","4":"has-post-thumbnail","6":"product_cat-serveri-i-oprema-me","7":"product_cat-videonadzor-me","9":"first","10":"instock","11":"shipping-taxable","12":"product-type-simple"},"_links":{"self":[{"href":"https:\/\/www.dvc.video\/me\/wp-json\/wp\/v2\/product\/28163","targetHints":{"allow":["GET"]}}],"collection":[{"href":"https:\/\/www.dvc.video\/me\/wp-json\/wp\/v2\/product"}],"about":[{"href":"https:\/\/www.dvc.video\/me\/wp-json\/wp\/v2\/types\/product"}],"wp:featuredmedia":[{"embeddable":true,"href":"https:\/\/www.dvc.video\/me\/wp-json\/wp\/v2\/media\/14721"}],"wp:attachment":[{"href":"https:\/\/www.dvc.video\/me\/wp-json\/wp\/v2\/media?parent=28163"}],"wp:term":[{"taxonomy":"product_brand","embeddable":true,"href":"https:\/\/www.dvc.video\/me\/wp-json\/wp\/v2\/product_brand?post=28163"},{"taxonomy":"product_cat","embeddable":true,"href":"https:\/\/www.dvc.video\/me\/wp-json\/wp\/v2\/product_cat?post=28163"},{"taxonomy":"product_tag","embeddable":true,"href":"https:\/\/www.dvc.video\/me\/wp-json\/wp\/v2\/product_tag?post=28163"}],"curies":[{"name":"wp","href":"https:\/\/api.w.org\/{rel}","templated":true}]}}