{"id":27582,"date":"2023-06-05T10:34:25","date_gmt":"2023-06-05T08:34:25","guid":{"rendered":"https:\/\/www.dvc.video\/proizvod\/Bez%20kategorije\/dvc-dt-pg1-2\/"},"modified":"2026-04-11T05:40:08","modified_gmt":"2026-04-11T03:40:08","slug":"dvc-dt-pg1-2","status":"publish","type":"product","link":"https:\/\/www.dvc.video\/me\/proizvod\/interfoni-i-videointerfoni-me\/dodaci-za-unutrasnje-jedinice-me\/dvc-dt-pg1-2\/","title":{"rendered":"DVC DT-PG1"},"content":{"rendered":"","protected":false},"excerpt":{"rendered":"<p>Programator za programiranje adresa na DVC DT-DJ9A\/B, DVC DF4-BS\/WS i DVC DF7-BS\/WS unutra\u0161njim jedinicama. Napaja se baterijom CR2032. Koristi standardne postavke DIP prekida\u010da. Tokom programiranja sistema nema potrebe za uklanjanjem i ponovnim spajanjem BUS terminala. Jedna osoba mo\u017ee samostalno instalirati DVC DT-DJ9.<\/p>\n","protected":false},"featured_media":21757,"template":"","meta":{"_et_pb_use_builder":"","_et_pb_old_content":"","_et_gb_content_width":""},"product_brand":[],"product_cat":[246,245],"product_tag":[],"class_list":{"0":"post-27582","1":"product","2":"type-product","3":"status-publish","4":"has-post-thumbnail","6":"product_cat-dodaci-za-unutrasnje-jedinice-me","7":"product_cat-interfoni-i-videointerfoni-me","9":"first","10":"instock","11":"shipping-taxable","12":"product-type-simple"},"_links":{"self":[{"href":"https:\/\/www.dvc.video\/me\/wp-json\/wp\/v2\/product\/27582","targetHints":{"allow":["GET"]}}],"collection":[{"href":"https:\/\/www.dvc.video\/me\/wp-json\/wp\/v2\/product"}],"about":[{"href":"https:\/\/www.dvc.video\/me\/wp-json\/wp\/v2\/types\/product"}],"wp:featuredmedia":[{"embeddable":true,"href":"https:\/\/www.dvc.video\/me\/wp-json\/wp\/v2\/media\/21757"}],"wp:attachment":[{"href":"https:\/\/www.dvc.video\/me\/wp-json\/wp\/v2\/media?parent=27582"}],"wp:term":[{"taxonomy":"product_brand","embeddable":true,"href":"https:\/\/www.dvc.video\/me\/wp-json\/wp\/v2\/product_brand?post=27582"},{"taxonomy":"product_cat","embeddable":true,"href":"https:\/\/www.dvc.video\/me\/wp-json\/wp\/v2\/product_cat?post=27582"},{"taxonomy":"product_tag","embeddable":true,"href":"https:\/\/www.dvc.video\/me\/wp-json\/wp\/v2\/product_tag?post=27582"}],"curies":[{"name":"wp","href":"https:\/\/api.w.org\/{rel}","templated":true}]}}