{"id":6232,"date":"2021-03-09T11:21:34","date_gmt":"2021-03-09T10:21:34","guid":{"rendered":"https:\/\/www.dvc.video\/veliki-poslovni-sistemi\/"},"modified":"2021-07-07T10:16:07","modified_gmt":"2021-07-07T08:16:07","slug":"veliki-poslovni-sistemi","status":"publish","type":"page","link":"https:\/\/www.dvc.video\/me\/veliki-poslovni-sistemi\/","title":{"rendered":"Veliki poslovni sistemi"},"content":{"rendered":"<p>[et_pb_section fb_built=&#8221;1&#8243; _builder_version=&#8221;4.9.2&#8243; _module_preset=&#8221;default&#8221; background_enable_color=&#8221;off&#8221; background_image=&#8221;https:\/\/www.dvc.video\/wp-content\/uploads\/2021\/03\/bcg-red-triangle.jpg&#8221; height=&#8221;150px&#8221; height_last_edited=&#8221;off|desktop&#8221; custom_padding=&#8221;0px||0px||true|false&#8221; global_module=&#8221;793&#8243;][et_pb_row _builder_version=&#8221;4.9.2&#8243; _module_preset=&#8221;default&#8221;][et_pb_column type=&#8221;4_4&#8243; _builder_version=&#8221;4.9.2&#8243; _module_preset=&#8221;default&#8221;][et_pb_text _builder_version=&#8221;4.9.7&#8243; _dynamic_attributes=&#8221;content&#8221; _module_preset=&#8221;default&#8221; header_text_color=&#8221;#FFFFFF&#8221; header_line_height=&#8221;1.3em&#8221; header_font_size_tablet=&#8221;&#8221; header_font_size_phone=&#8221;&#8221; header_font_size_last_edited=&#8221;on|desktop&#8221;]@ET-DC@eyJkeW5hbWljIjp0cnVlLCJjb250ZW50IjoicG9zdF90aXRsZSIsInNldHRpbmdzIjp7ImJlZm9yZSI6IjxoMT4iLCJhZnRlciI6IjxcL2gxPiJ9fQ==@[\/et_pb_text][\/et_pb_column][\/et_pb_row][\/et_pb_section][et_pb_section fb_built=&#8221;1&#8243; _builder_version=&#8221;4.9.2&#8243; _module_preset=&#8221;default&#8221;][et_pb_row _builder_version=&#8221;4.9.2&#8243; _module_preset=&#8221;default&#8221;][et_pb_column type=&#8221;4_4&#8243; _builder_version=&#8221;4.9.2&#8243; _module_preset=&#8221;default&#8221;][et_pb_text _builder_version=&#8221;4.9.2&#8243; _module_preset=&#8221;default&#8221;]<\/p>\n<p>Industrijski objekti i poslovni sistemi zahtijevaju visok nivo sigurnosti, a time i visok nivo pouzdanosti sistema videonadzora.<\/p>\n<p>[\/et_pb_text][\/et_pb_column][\/et_pb_row][et_pb_row _builder_version=&#8221;4.9.4&#8243; _module_preset=&#8221;default&#8221;][et_pb_column type=&#8221;4_4&#8243; _builder_version=&#8221;4.9.4&#8243; _module_preset=&#8221;default&#8221;][et_pb_text _builder_version=&#8221;4.9.2&#8243; _module_preset=&#8221;default&#8221;]<\/p>\n<h2>Do 30 hiljada kamera<\/h2>\n<p>\u0160irok raspon i fleksibilnost DVC linije videonadzora omogu\u0107ava primjenu u objektima razli\u010dite veli\u010dine i namjene. Od stambenih i manjih kancelarijskih prostora, do kompleksnih objekata pove\u0107anog rizika, kojima se kre\u0107e veliki broj ljudi. Kompleksnost sistema dosti\u017ee mogu\u0107ih 30.000 kanala (kamera).<\/p>\n<p>[\/et_pb_text][\/et_pb_column][\/et_pb_row][et_pb_row _builder_version=&#8221;4.9.4&#8243; _module_preset=&#8221;default&#8221;][et_pb_column type=&#8221;4_4&#8243; _builder_version=&#8221;4.9.4&#8243; _module_preset=&#8221;default&#8221;][et_pb_text _builder_version=&#8221;4.9.2&#8243; _module_preset=&#8221;default&#8221;]<\/p>\n<h2>Softveri za integraciju<\/h2>\n<p>Kod ugro\u017eenijih objekata postoji potreba za kombinacijom svih vrsta tehni\u010dke za\u0161tite. Njihovom me\u0111usobnom centralizacijom i integracijom maksimizuje se sigurnost \u0161ti\u0107enog objekta. Sistem videonadzora i ovdje znatno poma\u017ee prevenciji i naknadnoj identifikaciji, posebno kori\u0161tenjem serverskog softvera DVC NVMS 2.0. Rije\u010d je o softveru za upravljanje sustavom videonadzora (CMS), posebno dizajniran za IP bazirane sisteme, pomo\u0107u kojeg administrator mo\u017ee upravljati i u realnom vremenu nadzirati do 30 hiljada kamera.<\/p>\n<p>[\/et_pb_text][\/et_pb_column][\/et_pb_row][et_pb_row _builder_version=&#8221;4.9.4&#8243; _module_preset=&#8221;default&#8221;][et_pb_column type=&#8221;4_4&#8243; _builder_version=&#8221;4.9.4&#8243; _module_preset=&#8221;default&#8221;][et_pb_text _builder_version=&#8221;4.9.2&#8243; _module_preset=&#8221;default&#8221;]<\/p>\n<h2>Termalna rje\u0161enja<\/h2>\n<p>Postupati odgovorno zna\u010di osigurati za\u0161titu i bezbri\u017enost svakog zaposlenog, posjetioca ili klijenta. To je mogu\u0107e uz \u010detiri inovativna DVC sisteme za beskontaktnu detekciju povi\u0161ene tjelesne temperature.<\/p>\n<p>Ure\u0111aji se razlikuju prvenstveno po koli\u010dini podataka koje mogu obraditi u odre\u0111enom vremenskom periodu. Ure\u0111aji s najbr\u017eom obradom i pametnom videoanalitikom su idealni za mjesta vrlo visoke frekvencije prolaza poput velikih tr\u017enih centara, aerodroma, \u017eeljezni\u010dkih i autobusnih stanica, luka i ostalih transportnih \u010dvori\u0161ta.<\/p>\n<p>[\/et_pb_text][\/et_pb_column][\/et_pb_row][\/et_pb_section]<\/p>\n","protected":false},"excerpt":{"rendered":"<p>Industrijski objekti i poslovni sistemi zahtijevaju visok nivo sigurnosti, a time i visok nivo pouzdanosti sistema videonadzora.Do 30 hiljada kamera \u0160irok raspon i fleksibilnost DVC linije videonadzora omogu\u0107ava primjenu u objektima razli\u010dite veli\u010dine i namjene. Od stambenih i manjih kancelarijskih prostora, do kompleksnih objekata pove\u0107anog rizika, kojima se kre\u0107e veliki broj ljudi. Kompleksnost sistema dosti\u017ee [&hellip;]<\/p>\n","protected":false},"author":9,"featured_media":0,"parent":0,"menu_order":0,"comment_status":"closed","ping_status":"closed","template":"","meta":{"_et_pb_use_builder":"on","_et_pb_old_content":"","_et_gb_content_width":"","footnotes":""},"class_list":["post-6232","page","type-page","status-publish","hentry"],"_links":{"self":[{"href":"https:\/\/www.dvc.video\/me\/wp-json\/wp\/v2\/pages\/6232","targetHints":{"allow":["GET"]}}],"collection":[{"href":"https:\/\/www.dvc.video\/me\/wp-json\/wp\/v2\/pages"}],"about":[{"href":"https:\/\/www.dvc.video\/me\/wp-json\/wp\/v2\/types\/page"}],"author":[{"embeddable":true,"href":"https:\/\/www.dvc.video\/me\/wp-json\/wp\/v2\/users\/9"}],"replies":[{"embeddable":true,"href":"https:\/\/www.dvc.video\/me\/wp-json\/wp\/v2\/comments?post=6232"}],"version-history":[{"count":0,"href":"https:\/\/www.dvc.video\/me\/wp-json\/wp\/v2\/pages\/6232\/revisions"}],"wp:attachment":[{"href":"https:\/\/www.dvc.video\/me\/wp-json\/wp\/v2\/media?parent=6232"}],"curies":[{"name":"wp","href":"https:\/\/api.w.org\/{rel}","templated":true}]}}