{"id":6220,"date":"2021-03-09T11:17:17","date_gmt":"2021-03-09T10:17:17","guid":{"rendered":"https:\/\/www.dvc.video\/stanovi-i-poslovni-prostori\/"},"modified":"2024-10-31T09:33:13","modified_gmt":"2024-10-31T08:33:13","slug":"stanovi-i-poslovni-prostori","status":"publish","type":"page","link":"https:\/\/www.dvc.video\/me\/stanovi-i-poslovni-prostori\/","title":{"rendered":"Stanovi i poslovni prostori"},"content":{"rendered":"<p>[et_pb_section fb_built=&#8221;1&#8243; _builder_version=&#8221;4.9.2&#8243; _module_preset=&#8221;default&#8221; background_enable_color=&#8221;off&#8221; background_image=&#8221;https:\/\/www.dvc.video\/wp-content\/uploads\/2021\/03\/bcg-red-triangle.jpg&#8221; height_last_edited=&#8221;off|desktop&#8221; global_module=&#8221;793&#8243;][et_pb_row _builder_version=&#8221;4.9.2&#8243; _module_preset=&#8221;default&#8221;][et_pb_column type=&#8221;4_4&#8243; _builder_version=&#8221;4.9.2&#8243; _module_preset=&#8221;default&#8221;][et_pb_text _builder_version=&#8221;4.9.7&#8243; _dynamic_attributes=&#8221;content&#8221; _module_preset=&#8221;default&#8221; header_text_color=&#8221;#FFFFFF&#8221; header_line_height=&#8221;1.3em&#8221; header_font_size_tablet=&#8221;&#8221; header_font_size_phone=&#8221;&#8221; header_font_size_last_edited=&#8221;on|desktop&#8221;]@ET-DC@eyJkeW5hbWljIjp0cnVlLCJjb250ZW50IjoicG9zdF90aXRsZSIsInNldHRpbmdzIjp7ImJlZm9yZSI6IjxoMT4iLCJhZnRlciI6IjxcL2gxPiJ9fQ==@[\/et_pb_text][\/et_pb_column][\/et_pb_row][\/et_pb_section][et_pb_section fb_built=&#8221;1&#8243; _builder_version=&#8221;4.9.10&#8243; _module_preset=&#8221;default&#8221; hover_enabled=&#8221;0&#8243; custom_padding=&#8221;||0px||false|false&#8221; sticky_enabled=&#8221;0&#8243;][et_pb_row _builder_version=&#8221;4.9.4&#8243; _module_preset=&#8221;default&#8221;][et_pb_column type=&#8221;4_4&#8243; _builder_version=&#8221;4.9.4&#8243; _module_preset=&#8221;default&#8221;][et_pb_text _builder_version=&#8221;4.9.2&#8243; _module_preset=&#8221;default&#8221;]<\/p>\n<h2>Smart home rje\u0161enja<\/h2>\n<p>Potpuno nevidljiva rje\u0161enja videonadzora uklopljena u svakodnevni \u017eivot i integrisana sa smart sistemima unutar ku\u0107e ili stana, podi\u017eu nivo sigurnosti, a tako i kvaliteta \u017eivota. Videonadzor s do 16 kamera i videointerfonski sistem s do 32 adrese, prikladni su za ve\u0107inu stanova, ku\u0107a, vikendica, vila, kao i u male firme smje\u0161tene u stambene prostore poput stomatolo\u0161kih ordinacija, kancelarija, mjenja\u010dnica, kladionica, razli\u010ditih malih trgovina i sl.\u00a0<\/p>\n<p>[\/et_pb_text][\/et_pb_column][\/et_pb_row][et_pb_row _builder_version=&#8221;4.9.4&#8243; _module_preset=&#8221;default&#8221;][et_pb_column type=&#8221;4_4&#8243; _builder_version=&#8221;4.9.4&#8243; _module_preset=&#8221;default&#8221;][et_pb_text _builder_version=&#8221;4.9.2&#8243; _module_preset=&#8221;default&#8221;]<\/p>\n<h2>Wi-Fi nadzorne kamere<\/h2>\n<p>Wi-Fi IP kamere jednostavno se postavljaju, imaju velik domet te se koriste i u ku\u0107nim i u poslovnim aplikacijama. Dostupni su modeli sa snimanjem po rasporedu ili po detekciji pokreta, za vanjsku i unutarnju ugradnju. Omogu\u0107avaju rezoluciju snimanja do 5 MP, dvosmjernu audio komunikaciju, no\u0107no snimanje te pohranjivanje video zapisa na SD karticu ili snima\u010d. Prostor se mo\u017ee nadgledati i daljinski putem mobilnoga.<\/p>\n<p>[\/et_pb_text][\/et_pb_column][\/et_pb_row][et_pb_row _builder_version=&#8221;4.9.4&#8243; _module_preset=&#8221;default&#8221;][et_pb_column type=&#8221;4_4&#8243; _builder_version=&#8221;4.9.4&#8243; _module_preset=&#8221;default&#8221;][et_pb_text _builder_version=&#8221;4.9.2&#8243; _module_preset=&#8221;default&#8221;]<\/p>\n<h2>Sigurnost i kada vas nema<\/h2>\n<p>Dom je \u010dovjekova sigurna luka. Iz udobnosti vlastitog doma pro\u017eivljavaju se najljep\u0161i i najopu\u0161teniji trenuci. Osigurati sigurnost onom najdragocjenijem \u0161to imamo, kao \u0161to su stan, gara\u017ea, vikendica ili poslovni prostor, neizmjerno je va\u017eno.<\/p>\n<p>Kako bi se najefikasnije pove\u0107ala razina za\u0161tite i sigurnosti, a istovremeno ote\u017eala mogu\u0107nost kra\u0111e ili provale, sukladno individualnim potrebama mogu\u0107e je odabrati najpogodniji komplet videonadzora.<\/p>\n<p>[\/et_pb_text][\/et_pb_column][\/et_pb_row][et_pb_row _builder_version=&#8221;4.9.4&#8243; _module_preset=&#8221;default&#8221;][et_pb_column type=&#8221;4_4&#8243; _builder_version=&#8221;4.9.4&#8243; _module_preset=&#8221;default&#8221;][et_pb_text _builder_version=&#8221;4.9.2&#8243; _module_preset=&#8221;default&#8221;]<\/p>\n<h2>Jednostavna i profesionalna instalacija<\/h2>\n<p>Kako bi odabrani sistem videonadzora \u0161ti\u0107eni prostor \u010dinio maksimalno sigurnim, od velike je va\u017enosti pravilno rasporediti i postaviti ure\u0111aje unutar i izvan prostora. Danas, kada je vremena sve manje idealni su sistemi za\u0161tite, oni jednostavni za instalaciju i upravljanje.<\/p>\n<p>[\/et_pb_text][\/et_pb_column][\/et_pb_row][et_pb_row _builder_version=&#8221;4.9.4&#8243; _module_preset=&#8221;default&#8221;][et_pb_column type=&#8221;4_4&#8243; _builder_version=&#8221;4.9.4&#8243; _module_preset=&#8221;default&#8221;][et_pb_text _builder_version=&#8221;4.9.2&#8243; _module_preset=&#8221;default&#8221;]<\/p>\n<h2>Pregled kamera u realnom vremenu<\/h2>\n<p>Pametne sigurnosne kamere za dom moraju mo\u0107i prepoznati posjetioce i slati upozorenja kako bi dom bio siguran i kad je ku\u0107a prazna. Za pristup kameri bilo kada i bilo gdje, pobrinu\u0107e se besplatna DVC Connect aplikacija za iOS i Android.<\/p>\n<p>Odgovaraju\u0107i videonadzor \u010duva\u0107e i kontrolisati sva kriti\u010dna mjesta \u0161ti\u0107enog prostora &#8211; skladi\u0161ta, ulaze, prilaze, koji se u realnom vremenu mogu daljinski nadzirati putem mobilnog telefona. Mogu\u0107e je i lokalno snimanje na SD karticu mobilnog telefona i pregled snimka sa SD kartice, kao i alarmiranje korisnika o doga\u0111ajima iniciranim detekcijom kretanja ili samim alarmnim ulazima na snima\u010du.<\/p>\n<p>[\/et_pb_text][\/et_pb_column][\/et_pb_row][\/et_pb_section][et_pb_section fb_built=&#8221;1&#8243; _builder_version=&#8221;4.9.10&#8243; _module_preset=&#8221;default&#8221; hover_enabled=&#8221;0&#8243; saved_tabs=&#8221;all&#8221; global_module=&#8221;721&#8243; custom_padding=&#8221;0px||||false|false&#8221; sticky_enabled=&#8221;0&#8243;][et_pb_row column_structure=&#8221;1_2,1_2&#8243; use_custom_gutter=&#8221;on&#8221; gutter_width=&#8221;1&#8243; make_equal=&#8221;on&#8221; _builder_version=&#8221;4.9.4&#8243; _module_preset=&#8221;default&#8221;][et_pb_column type=&#8221;1_2&#8243; _builder_version=&#8221;4.9.1&#8243; _module_preset=&#8221;default&#8221;][et_pb_blurb title=&#8221;DVC Connect&#8221; image=&#8221;https:\/\/www.dvc.video\/wp-content\/uploads\/2021\/03\/dvc-connect.jpg&#8221; alt=&#8221;DVC Connect&#8221; _builder_version=&#8221;4.9.10&#8243; _module_preset=&#8221;default&#8221; header_font=&#8221;|700|||||||&#8221; body_font_size=&#8221;14px&#8221; custom_padding_tablet=&#8221;||50px||false|false&#8221; custom_padding_phone=&#8221;&#8221; custom_padding_last_edited=&#8221;on|tablet&#8221; animation=&#8221;off&#8221; border_width_right=&#8221;1px&#8221; border_color_right=&#8221;#e7e7e7&#8243; border_width_right_tablet=&#8221;0px&#8221; border_width_right_phone=&#8221;&#8221; border_width_right_last_edited=&#8221;on|tablet&#8221; border_width_bottom_tablet=&#8221;&#8221; border_width_bottom_phone=&#8221;&#8221; border_width_bottom_last_edited=&#8221;on|desktop&#8221;]<\/p>\n<p>Pregled kamera sa snima\u010da u\u017eivo, lokalno snimanje na SD karticu mobilnog telefona i pregled snimljenog snimka, kao i alarmiranje korisnika o doga\u0111ajima iniciranima detekcijom kretanja ili samim alarmnim ulazima na snima\u010du.<\/p>\n<p><a href=\"https:\/\/play.google.com\/store\/apps\/details?id=video.dvc.connect\" target=\"_blank\" rel=\"noopener\"><img decoding=\"async\" class=\"app_store_badge\" src=\"https:\/\/www.dvc.video\/wp-content\/uploads\/2021\/03\/google-play-badge.svg\" \/><\/a>\u00a0<a href=\"https:\/\/apps.apple.com\/hr\/app\/dvc-connect\/id1453670318?l=hr\" target=\"_blank\" rel=\"noopener\"><img decoding=\"async\" class=\"app_store_badge\" src=\"https:\/\/www.dvc.video\/wp-content\/uploads\/2021\/03\/download-on-the-app-store-badge.svg\" \/><\/a><\/p>\n<p>[\/et_pb_blurb][\/et_pb_column][et_pb_column type=&#8221;1_2&#8243; _builder_version=&#8221;4.9.1&#8243; _module_preset=&#8221;default&#8221;][et_pb_blurb title=&#8221;VDP Connect&#8221; image=&#8221;https:\/\/www.dvc.video\/wp-content\/uploads\/2021\/03\/vdp-connect.jpg&#8221; alt=&#8221;VDP Connect&#8221; _builder_version=&#8221;4.9.10&#8243; _module_preset=&#8221;default&#8221; header_font=&#8221;|700|||||||&#8221; body_font_size=&#8221;14px&#8221; animation=&#8221;off&#8221;]<\/p>\n<p>Aplikacija predstavlja veliku pomo\u0107 svim korisnicima DVC\u00a0videointerfonskog sistema. Pomo\u0107u aplikacije korisnik mo\u017ee odgovoriti na poziv sa spoljne jedinice, razgovarati sa posjetiteljima putem mobilnog ure\u0111aja i kontrolirati otklju\u010davanje.<\/p>\n<p><a href=\"https:\/\/play.google.com\/store\/apps\/details?id=com.vdpconnect.vdp\" target=\"_blank\" rel=\"noopener\"><img decoding=\"async\" class=\"app_store_badge\" src=\"https:\/\/www.dvc.video\/wp-content\/uploads\/2021\/03\/google-play-badge.svg\" \/><\/a>\u00a0<a href=\"https:\/\/apps.apple.com\/sa\/app\/vdpconnect\/id1537340769\" target=\"_blank\" rel=\"noopener\"><img decoding=\"async\" class=\"app_store_badge\" src=\"https:\/\/www.dvc.video\/wp-content\/uploads\/2021\/03\/download-on-the-app-store-badge.svg\" \/><\/a><\/p>\n<p>[\/et_pb_blurb][\/et_pb_column][\/et_pb_row][\/et_pb_section]<\/p>\n","protected":false},"excerpt":{"rendered":"<p>Smart home rje\u0161enja Potpuno nevidljiva rje\u0161enja videonadzora uklopljena u svakodnevni \u017eivot i integrisana sa smart sistemima unutar ku\u0107e ili stana, podi\u017eu nivo sigurnosti, a tako i kvaliteta \u017eivota. Videonadzor s do 16 kamera i videointerfonski sistem s do 32 adrese, prikladni su za ve\u0107inu stanova, ku\u0107a, vikendica, vila, kao i u male firme smje\u0161tene u [&hellip;]<\/p>\n","protected":false},"author":9,"featured_media":0,"parent":0,"menu_order":0,"comment_status":"closed","ping_status":"closed","template":"","meta":{"_et_pb_use_builder":"on","_et_pb_old_content":"","_et_gb_content_width":"","footnotes":""},"class_list":["post-6220","page","type-page","status-publish","hentry"],"_links":{"self":[{"href":"https:\/\/www.dvc.video\/me\/wp-json\/wp\/v2\/pages\/6220","targetHints":{"allow":["GET"]}}],"collection":[{"href":"https:\/\/www.dvc.video\/me\/wp-json\/wp\/v2\/pages"}],"about":[{"href":"https:\/\/www.dvc.video\/me\/wp-json\/wp\/v2\/types\/page"}],"author":[{"embeddable":true,"href":"https:\/\/www.dvc.video\/me\/wp-json\/wp\/v2\/users\/9"}],"replies":[{"embeddable":true,"href":"https:\/\/www.dvc.video\/me\/wp-json\/wp\/v2\/comments?post=6220"}],"version-history":[{"count":1,"href":"https:\/\/www.dvc.video\/me\/wp-json\/wp\/v2\/pages\/6220\/revisions"}],"predecessor-version":[{"id":32158,"href":"https:\/\/www.dvc.video\/me\/wp-json\/wp\/v2\/pages\/6220\/revisions\/32158"}],"wp:attachment":[{"href":"https:\/\/www.dvc.video\/me\/wp-json\/wp\/v2\/media?parent=6220"}],"curies":[{"name":"wp","href":"https:\/\/api.w.org\/{rel}","templated":true}]}}