{"id":6150,"date":"2021-03-09T11:23:02","date_gmt":"2021-03-09T10:23:02","guid":{"rendered":"https:\/\/www.dvc.video\/ip-videonadzor\/"},"modified":"2021-07-07T10:04:25","modified_gmt":"2021-07-07T08:04:25","slug":"ip-videonadzor","status":"publish","type":"page","link":"https:\/\/www.dvc.video\/me\/ip-videonadzor\/","title":{"rendered":"IP videonadzor"},"content":{"rendered":"<p>[et_pb_section fb_built=&#8221;1&#8243; _builder_version=&#8221;4.9.2&#8243; _module_preset=&#8221;default&#8221; background_enable_color=&#8221;off&#8221; background_image=&#8221;https:\/\/www.dvc.video\/wp-content\/uploads\/2021\/03\/bcg-red-triangle.jpg&#8221; height=&#8221;150px&#8221; height_last_edited=&#8221;off|desktop&#8221; custom_padding=&#8221;0px||0px||true|false&#8221; global_module=&#8221;793&#8243;][et_pb_row _builder_version=&#8221;4.9.2&#8243; _module_preset=&#8221;default&#8221;][et_pb_column type=&#8221;4_4&#8243; _builder_version=&#8221;4.9.2&#8243; _module_preset=&#8221;default&#8221;][et_pb_text _builder_version=&#8221;4.9.7&#8243; _dynamic_attributes=&#8221;content&#8221; _module_preset=&#8221;default&#8221; header_text_color=&#8221;#FFFFFF&#8221; header_line_height=&#8221;1.3em&#8221; header_font_size_tablet=&#8221;&#8221; header_font_size_phone=&#8221;&#8221; header_font_size_last_edited=&#8221;on|desktop&#8221;]@ET-DC@eyJkeW5hbWljIjp0cnVlLCJjb250ZW50IjoicG9zdF90aXRsZSIsInNldHRpbmdzIjp7ImJlZm9yZSI6IjxoMT4iLCJhZnRlciI6IjxcL2gxPiJ9fQ==@[\/et_pb_text][\/et_pb_column][\/et_pb_row][\/et_pb_section][et_pb_section fb_built=&#8221;1&#8243; _builder_version=&#8221;4.9.2&#8243; _module_preset=&#8221;default&#8221;][et_pb_row _builder_version=&#8221;4.9.2&#8243; _module_preset=&#8221;default&#8221;][et_pb_column type=&#8221;4_4&#8243; _builder_version=&#8221;4.9.2&#8243; _module_preset=&#8221;default&#8221;][et_pb_text _builder_version=&#8221;4.9.2&#8243; _module_preset=&#8221;default&#8221;]<\/p>\n<p>DVC IP sistemi videonadzora imaju bolji kvalitet slike, omogu\u0107avaju identifikaciju osoba te bolje uo\u010davanje detalja na snimku. Zato se koriste prvenstveno za za\u0161titu kompleksnijih, rizi\u010dnijih objekata i otvorenih prostora. Najve\u0107e prednosti IP videonadzora su mogu\u0107nost umre\u017eavanja, zatim integracija s drugim tehni\u010dkim sistemima na objektu, daljinski nadzor, ultra visoka rezolucija te videoanalitika. Smart H.265 kompresija omogu\u0107uje bolju kvalitetu video snimka, osjetno ve\u0107u kompresiju podataka u odnosu na H.265+, redukciju stope bitova (<i>bitrate<\/i>) za do 50%, manje ka\u0161njenje video signala, koristi manje podatkovnog prostora za pohranu video zapisa, postavljanje parametara i upravljanje svim kamerama preko NVR-a.\u00a0<\/p>\n<p>[\/et_pb_text][et_pb_text _builder_version=&#8221;4.9.2&#8243; _module_preset=&#8221;default&#8221;]<\/p>\n<h2>Do 8Mpx rezolucija<\/h2>\n<p>Uvo\u0111enjem novog standarda kompresije Smart H.265 prilago\u0111enog mre\u017enom prenosu slika visoke rezolucije do 8Mpx u skladu s novim standardom 4K (UltraHD), DVC IP kamere omogu\u0107avaju prikaz u velikom rasponu rezolucija. Kombinacijom razli\u010ditih kamera zadovoljavaju se potrebe korisnika za prikazom vi\u0161e ili manje detalja.<\/p>\n<p>[\/et_pb_text][et_pb_text _builder_version=&#8221;4.9.2&#8243; _module_preset=&#8221;default&#8221;]<\/p>\n<h2>PoE napajanje<\/h2>\n<p>Dvojno napajanje DVC IP kamera zna\u010di da se mogu napajati bilo vanjskim napaja\u010dem 12V DC ili preko PoE snima\u010da direktno UTP kabelom spojenim na RJ45 konektor \u0161to u mnogome pojednostavljuje ugradnju. Kod snima\u010da koji nemaju PoE, kamere se napajaju spajanjem na dodatne PoE switch-eve.<\/p>\n<p>[\/et_pb_text][et_pb_text _builder_version=&#8221;4.9.2&#8243; _module_preset=&#8221;default&#8221;]<\/p>\n<h2>Videoanalitika<\/h2>\n<p>Videoanalitika omogu\u0107ava br\u017ee pretra\u017eivanje i analizu videozapisa kako bi se brzo prona\u0161li doga\u0111aju va\u017eni s aspekta za\u0161tite. Videoanalitika omogu\u0107uje i preciznu detekciju osoba ili vozila, a zanemaruje \u017eivotinje i ostale objekte. Tako se prakti\u010dki neutralizuju snimljeni doga\u0111aji inicirani la\u017enim alarmima, odnosno doga\u0111aji inicirani drugim objektima. Napredne videoanaliti\u010dke funkcije omogu\u0107avaju i prepoznavanje lica, prepoznavanje registarskih tablica vozila te brojanje ulaska i izlaska osoba, ili vozila.<\/p>\n<p>[\/et_pb_text][et_pb_text _builder_version=&#8221;4.9.2&#8243; _module_preset=&#8221;default&#8221;]<\/p>\n<h2>Extreme Dark, Starlight i FishEye DVC IP kamere<\/h2>\n<p>Extreme Dark tehnologija omogu\u0107ava pregled slike s DVC IP kamere u boji po ekstremno niskom osvjetljenju. U tu svrhu koriste se video senzori s maksimalnim otvorom blende F1.0 i dodatnim LED osvjetljenjem koje se uklju\u010duje kada nivo spolja\u0161njeg svjetla padne ispod vidljivog nivoa.<\/p>\n<p>Sony STARVIS ili \u201eStarlight\u201c tehnologija omogu\u0107ava kvalitetnu sliku u boji no\u0107u i kod slabog osvjetljenja scene, uz visoku osjetljivost video senzora od 0,002Lux.<\/p>\n<p>\u0160irokougaona FishEye kamera monta\u017eom na plafon omogu\u0107i\u0107e nadzor podru\u010dja od 360\u02da. U\u010dinkovito je rje\u0161enje, jednostavno za instalaciju i osmi\u0161ljeno kako bi se jednom kamerom pokrio veliki prostor.[\/et_pb_text][et_pb_text _builder_version=&#8221;4.9.2&#8243; _module_preset=&#8221;default&#8221;]<\/p>\n<h2>True WDR<\/h2>\n<p>Pojedine DVC kamere imaju funkciju naprednog \u0161irokog dinami\u010dkog raspona (True WDR) do 120dB (standardni je 60dB) i pru\u017eaju jasne slike u raznim formatima scene, \u010dak i kad je pozadinsko osvjetljenje izuzetno intenzivno. Ako je True WDR kamera usmjerena prema prozoru ili ulazu, ujedna\u010di\u0107e osvijetljenost i tako reprofukovati snimak sa svim pojedinostima scene.<\/p>\n<p>[\/et_pb_text][et_pb_text _builder_version=&#8221;4.9.2&#8243; _module_preset=&#8221;default&#8221;]<\/p>\n<h2>Moto zoom objektiv<\/h2>\n<p>Motorizovani zoom ili varifokalni objektiv je objektiv unutar kamere, koji uz pomo\u0107 motora kameru usmjerava na pojedini dio scene. Tako je omogu\u0107eno da se kamera usmjerava na snimanje razli\u010ditih dijelova snimanog prostora i to daljinski putem snima\u010da (DVR, NVR), ili putem softvera preko interneta i mobilnih aplikacija. Ukratko, bez obzira na udaljenost od kamere, korisnik je u mogu\u0107nosti njezin objektiv podesiti jednostavnim dodirom tipke.<\/p>\n<p>[\/et_pb_text][\/et_pb_column][\/et_pb_row][\/et_pb_section]<\/p>\n","protected":false},"excerpt":{"rendered":"<p>DVC IP sistemi videonadzora imaju bolji kvalitet slike, omogu\u0107avaju identifikaciju osoba te bolje uo\u010davanje detalja na snimku. Zato se koriste prvenstveno za za\u0161titu kompleksnijih, rizi\u010dnijih objekata i otvorenih prostora. Najve\u0107e prednosti IP videonadzora su mogu\u0107nost umre\u017eavanja, zatim integracija s drugim tehni\u010dkim sistemima na objektu, daljinski nadzor, ultra visoka rezolucija te videoanalitika. Smart H.265 kompresija omogu\u0107uje [&hellip;]<\/p>\n","protected":false},"author":9,"featured_media":0,"parent":0,"menu_order":0,"comment_status":"closed","ping_status":"closed","template":"","meta":{"_et_pb_use_builder":"on","_et_pb_old_content":"","_et_gb_content_width":"","footnotes":""},"class_list":["post-6150","page","type-page","status-publish","hentry"],"_links":{"self":[{"href":"https:\/\/www.dvc.video\/me\/wp-json\/wp\/v2\/pages\/6150","targetHints":{"allow":["GET"]}}],"collection":[{"href":"https:\/\/www.dvc.video\/me\/wp-json\/wp\/v2\/pages"}],"about":[{"href":"https:\/\/www.dvc.video\/me\/wp-json\/wp\/v2\/types\/page"}],"author":[{"embeddable":true,"href":"https:\/\/www.dvc.video\/me\/wp-json\/wp\/v2\/users\/9"}],"replies":[{"embeddable":true,"href":"https:\/\/www.dvc.video\/me\/wp-json\/wp\/v2\/comments?post=6150"}],"version-history":[{"count":0,"href":"https:\/\/www.dvc.video\/me\/wp-json\/wp\/v2\/pages\/6150\/revisions"}],"wp:attachment":[{"href":"https:\/\/www.dvc.video\/me\/wp-json\/wp\/v2\/media?parent=6150"}],"curies":[{"name":"wp","href":"https:\/\/api.w.org\/{rel}","templated":true}]}}