{"id":5943,"date":"2021-03-09T11:23:17","date_gmt":"2021-03-09T10:23:17","guid":{"rendered":"https:\/\/www.dvc.video\/analogni-hd-videonadzor\/"},"modified":"2023-04-24T08:12:04","modified_gmt":"2023-04-24T06:12:04","slug":"analogni-hd-videonadzor","status":"publish","type":"page","link":"https:\/\/www.dvc.video\/me\/analogni-hd-videonadzor\/","title":{"rendered":"Analogni HD videonadzor"},"content":{"rendered":"<p>[et_pb_section fb_built=&#8221;1&#8243; _builder_version=&#8221;4.20.2&#8243; _module_preset=&#8221;default&#8221; background_enable_color=&#8221;off&#8221; background_image=&#8221;https:\/\/www.dvc.video\/wp-content\/uploads\/2021\/03\/bcg-red-triangle.jpg&#8221; height=&#8221;150px&#8221; height_last_edited=&#8221;off|desktop&#8221; custom_padding=&#8221;34px||34px||true|false&#8221; global_module=&#8221;793&#8243; saved_tabs=&#8221;all&#8221; global_colors_info=&#8221;{}&#8221;][et_pb_row _builder_version=&#8221;4.16&#8243; _module_preset=&#8221;default&#8221; global_colors_info=&#8221;{}&#8221;][et_pb_column type=&#8221;4_4&#8243; _builder_version=&#8221;4.16&#8243; _module_preset=&#8221;default&#8221; global_colors_info=&#8221;{}&#8221;][et_pb_text _builder_version=&#8221;4.20.0&#8243; _dynamic_attributes=&#8221;content&#8221; _module_preset=&#8221;default&#8221; header_text_color=&#8221;#FFFFFF&#8221; header_line_height=&#8221;1.3em&#8221; header_font_size_tablet=&#8221;&#8221; header_font_size_phone=&#8221;&#8221; header_font_size_last_edited=&#8221;on|desktop&#8221; global_colors_info=&#8221;{}&#8221;]@ET-DC@eyJkeW5hbWljIjp0cnVlLCJjb250ZW50IjoicG9zdF90aXRsZSIsInNldHRpbmdzIjp7ImJlZm9yZSI6IjxoMT4iLCJhZnRlciI6IjxcL2gxPiJ9fQ==@[\/et_pb_text][\/et_pb_column][\/et_pb_row][\/et_pb_section][et_pb_section fb_built=&#8221;1&#8243; _builder_version=&#8221;4.16&#8243; _module_preset=&#8221;default&#8221; global_colors_info=&#8221;{}&#8221;][et_pb_row _builder_version=&#8221;4.16&#8243; _module_preset=&#8221;default&#8221; global_colors_info=&#8221;{}&#8221;][et_pb_column type=&#8221;4_4&#8243; _builder_version=&#8221;4.16&#8243; _module_preset=&#8221;default&#8221; global_colors_info=&#8221;{}&#8221;][et_pb_text _builder_version=&#8221;4.16&#8243; _module_preset=&#8221;default&#8221; global_colors_info=&#8221;{}&#8221;]<\/p>\n<p>DVC AHD sistemi videonadzora naj\u010de\u0161\u0107e se primjenjuju za za\u0161titu stambenih i poslovnih objekata onih korisnika koji \u017eele unaprijediti ve\u0107 postoje\u0107i analogni sistem i pri tome ne zadirati u postoje\u0107u instalaciju izvedenu putem koaksijalnih kablova.<\/p>\n<p>Koriste\u0107i analogni prijenos video signala kroz koaksijalni kabl na udaljenost do 500 m, Analognom HD tehnologijom osmi\u0161ljava se sistem videonadzora kojim je mogu\u0107e pokriti veliko podru\u010dje uz slike megapikselne rezolucije.<\/p>\n<p>[\/et_pb_text][et_pb_text _builder_version=&#8221;4.20.4&#8243; _module_preset=&#8221;default&#8221; hover_enabled=&#8221;0&#8243; global_colors_info=&#8221;{}&#8221; sticky_enabled=&#8221;0&#8243;]<\/p>\n<h2>Rezolucija do 8Mpx kroz koaksijalni kabel<\/h2>\n<p>8Mpx rezolucijom, analogna HD tehnologija pribli\u017eila se IP videu. Upotrebom analognog prenosa video signala kroz koaksijalni kabl, analognom HD tehnologijom mogu\u0107e je kreirati sistem videonadzora koji mo\u017ee pokriti veliko podru\u010dje, uz odli\u010dnu kvalitetu slike uz rezoluciju 8Mpx, 5Mpx, 4Mpx, 2Mpx ili 1Mpx.<\/p>\n<p>[\/et_pb_text][et_pb_text _builder_version=&#8221;4.20.4&#8243; _module_preset=&#8221;default&#8221; hover_enabled=&#8221;0&#8243; global_colors_info=&#8221;{}&#8221; sticky_enabled=&#8221;0&#8243;]<\/p>\n<h2>Pentabridni DVC Analogni HD snima\u010di<\/h2>\n<p>Na DVC analogne HD snima\u010de, osim HD (AHD, CVI i TVI) i analognih kamera, mogu\u0107e je priklju\u010divanje od 1 do 8 dodatnih DVC IP kamera. Na ovaj na\u010din, osim dodatnih video kanala na snima\u010du, omogu\u0107ena je fleksibilnost i upotreba IP tehnologije kod HD analognih sistema. Rezolucije DVC IP kamera koje je mogu\u0107e priklju\u010diti na pentabridne DVC Analogne HD snima\u010de su 8Mpx, 5Mpx, 4Mpx, 3Mpx i 2Mpx uz H.265+ i H.264+ kompresiju. Ovo mo\u017ee biti od pomo\u0107i u slu\u010daju kad se \u017eeli sistem unaprijediti tako da se nekoliko postoje\u0107ih analognih kamera nadopuni Analognim HD i IP kamerama uz upotrebu pentabridnog DVC analognih HD snima\u010da.\u00a0<\/p>\n<p>[\/et_pb_text][et_pb_text _builder_version=&#8221;4.16&#8243; _module_preset=&#8221;default&#8221; global_colors_info=&#8221;{}&#8221;]<\/p>\n<h2>4-u-1 tehnologija<\/h2>\n<p>4-u-1 tehnologija omogu\u0107uje svim DVC analognim HD kamerama da rade u jednom od 4 na\u010dina rada. To zna\u010di da su ove HD kamere kompatibilne sa svim HD analognim snima\u010dima: AHD, HD-TVI, HD CVI, kao i starim analognim snima\u010dima.<\/p>\n<p>[\/et_pb_text][et_pb_text _builder_version=&#8221;4.16&#8243; _module_preset=&#8221;default&#8221; global_colors_info=&#8221;{}&#8221;]<\/p>\n<h2>Snimanje u mraku<\/h2>\n<p>Za snimanje u potpunom mraku koriste se IR LED diode (Infra Red Light Emitting Diode) koje emituju infracrveno svjetlo. Takvo osvjetljenje je nevidljivo ljudskom oku, ali su kamere koje ga koriste osjetljive na njega. DVC spolja\u0161ne IR kamere pored uobi\u010dajenih, koriste i razli\u010dite vrste novih IR LED dioda poput Array LED (ima manje od 10 LED, du\u017ei radni vijek, daju jasno sliku velike \u010disto\u0107e i manjih su dimenzija), ili Black Glass LED (kompozitni materijal koji propu\u0161ta infracrveni spektar rasvjete ali vidljiva svjetlost ne prolazi kroz njega).<\/p>\n<p>[\/et_pb_text][et_pb_text _builder_version=&#8221;4.16&#8243; _module_preset=&#8221;default&#8221; global_colors_info=&#8221;{}&#8221;]<\/p>\n<h2>COC (Control Over Coax)<\/h2>\n<p>Upravljanje DVC analognim HD kamerama putem koaksijalnog kabla omogu\u0107ava pristup OSD pregledniku sa samog snima\u010da. Isto tako, kori\u0161tenjem samo koaksijalnog kabla mogu\u0107e je upravljanje DVC Analognim HD PTZ kamerama bez potrebe za dodatnom komunikacijom upravlja\u010dkim tastaturama kroz dvo\u017eilni kabl kori\u0161tenjem RS485 protokola. Ovakav na\u010din upravljanja kamerama je jednostavniji, jer nije potrebno fizi\u010dki pristupati kamerama, a i jeftiniji, jer za PTZ kamere nije potrebno povla\u010diti dodatni kabl.<\/p>\n<p>[\/et_pb_text][\/et_pb_column][\/et_pb_row][\/et_pb_section]<\/p>\n","protected":false},"excerpt":{"rendered":"<p>DVC AHD sistemi videonadzora naj\u010de\u0161\u0107e se primjenjuju za za\u0161titu stambenih i poslovnih objekata onih korisnika koji \u017eele unaprijediti ve\u0107 postoje\u0107i analogni sistem i pri tome ne zadirati u postoje\u0107u instalaciju izvedenu putem koaksijalnih kablova. Koriste\u0107i analogni prijenos video signala kroz koaksijalni kabl na udaljenost do 500 m, Analognom HD tehnologijom osmi\u0161ljava se sistem videonadzora kojim [&hellip;]<\/p>\n","protected":false},"author":9,"featured_media":0,"parent":0,"menu_order":0,"comment_status":"closed","ping_status":"closed","template":"","meta":{"_et_pb_use_builder":"on","_et_pb_old_content":"","_et_gb_content_width":"","footnotes":""},"class_list":["post-5943","page","type-page","status-publish","hentry"],"_links":{"self":[{"href":"https:\/\/www.dvc.video\/me\/wp-json\/wp\/v2\/pages\/5943","targetHints":{"allow":["GET"]}}],"collection":[{"href":"https:\/\/www.dvc.video\/me\/wp-json\/wp\/v2\/pages"}],"about":[{"href":"https:\/\/www.dvc.video\/me\/wp-json\/wp\/v2\/types\/page"}],"author":[{"embeddable":true,"href":"https:\/\/www.dvc.video\/me\/wp-json\/wp\/v2\/users\/9"}],"replies":[{"embeddable":true,"href":"https:\/\/www.dvc.video\/me\/wp-json\/wp\/v2\/comments?post=5943"}],"version-history":[{"count":0,"href":"https:\/\/www.dvc.video\/me\/wp-json\/wp\/v2\/pages\/5943\/revisions"}],"wp:attachment":[{"href":"https:\/\/www.dvc.video\/me\/wp-json\/wp\/v2\/media?parent=5943"}],"curies":[{"name":"wp","href":"https:\/\/api.w.org\/{rel}","templated":true}]}}