{"id":20512,"date":"2023-04-04T13:08:54","date_gmt":"2023-04-04T11:08:54","guid":{"rendered":"https:\/\/www.dvc.video\/extreme-dark-tehnologija\/"},"modified":"2023-04-05T14:45:22","modified_gmt":"2023-04-05T12:45:22","slug":"extreme-dark-tehnologija","status":"publish","type":"page","link":"https:\/\/www.dvc.video\/me\/extreme-dark-tehnologija\/","title":{"rendered":"Extreme Dark tehnologija"},"content":{"rendered":"<p>[et_pb_section fb_built=&#8221;1&#8243; _builder_version=&#8221;4.20.2&#8243; _module_preset=&#8221;default&#8221; background_enable_color=&#8221;off&#8221; background_image=&#8221;https:\/\/www.dvc.video\/wp-content\/uploads\/2021\/03\/bcg-red-triangle.jpg&#8221; height_last_edited=&#8221;off|desktop&#8221; custom_padding=&#8221;34px||34px||true|false&#8221; global_module=&#8221;793&#8243; saved_tabs=&#8221;all&#8221; global_colors_info=&#8221;{}&#8221;][et_pb_row _builder_version=&#8221;4.16&#8243; _module_preset=&#8221;default&#8221; global_colors_info=&#8221;{}&#8221;][et_pb_column type=&#8221;4_4&#8243; _builder_version=&#8221;4.16&#8243; _module_preset=&#8221;default&#8221; global_colors_info=&#8221;{}&#8221;][et_pb_text _builder_version=&#8221;4.20.0&#8243; _dynamic_attributes=&#8221;content&#8221; _module_preset=&#8221;default&#8221; header_text_color=&#8221;#FFFFFF&#8221; header_line_height=&#8221;1.3em&#8221; header_font_size_tablet=&#8221;&#8221; header_font_size_phone=&#8221;&#8221; header_font_size_last_edited=&#8221;on|desktop&#8221; global_colors_info=&#8221;{}&#8221;]@ET-DC@eyJkeW5hbWljIjp0cnVlLCJjb250ZW50IjoicG9zdF90aXRsZSIsInNldHRpbmdzIjp7ImJlZm9yZSI6IjxoMT4iLCJhZnRlciI6IjxcL2gxPiJ9fQ==@[\/et_pb_text][\/et_pb_column][\/et_pb_row][\/et_pb_section][et_pb_section fb_built=&#8221;1&#8243; _builder_version=&#8221;4.20.2&#8243; _module_preset=&#8221;default&#8221; vertical_offset=&#8221;0px&#8221; global_colors_info=&#8221;{}&#8221;][et_pb_row _builder_version=&#8221;4.20.2&#8243; _module_preset=&#8221;default&#8221; vertical_offset=&#8221;-80px&#8221; horizontal_offset=&#8221;0px&#8221; hover_enabled=&#8221;0&#8243; global_colors_info=&#8221;{}&#8221; sticky_enabled=&#8221;0&#8243;][et_pb_column type=&#8221;4_4&#8243; _builder_version=&#8221;4.20.2&#8243; _module_preset=&#8221;default&#8221; global_colors_info=&#8221;{}&#8221;][et_pb_image src=&#8221;https:\/\/www.dvc.video\/wp-content\/uploads\/2023\/04\/2023_04_dvc_extremedark_header.png&#8221; align=&#8221;center&#8221; _builder_version=&#8221;4.20.2&#8243; _module_preset=&#8221;default&#8221; global_colors_info=&#8221;{}&#8221;][\/et_pb_image][et_pb_text _builder_version=&#8221;4.20.2&#8243; _module_preset=&#8221;default&#8221; global_colors_info=&#8221;{}&#8221;]<\/p>\n<h2>Savr\u0161ena slika i u potpunom mraku!<\/h2>\n<p>DVC Extreme Dark tehnologija kreirana je kako bi omogu\u0107ila rad kamerama i pobolj\u0161ala kvalitet slike videonadzora \u010dak i u ekstremnim uslovima, poput potpunog mraka.<\/p>\n<p>Zahvaljuju\u0107i dodatnom LED svijetlu, Extreme Dark kamere mogu garantovati jasne slike pune boja, \u010dak i kad nema ba\u0161 nikakvog izvora svjetlosti, poput zvijezda ili uli\u010dne rasvjete.<\/p>\n<p>[\/et_pb_text][et_pb_text _builder_version=&#8221;4.20.2&#8243; _module_preset=&#8221;default&#8221; global_colors_info=&#8221;{}&#8221;]<\/p>\n<h2>Videoanaliti\u010dke funkcije no\u0107u<\/h2>\n<p>Mo\u0107na sposobnost Extreme dark tehnologije za hvatanje detalja pri slabom osvjetljenju dolazi zahvaljuju\u0107i tehnologiji naprednih objektiva i senzora visoke osjetljivosti. Za razliku od konvencionalnih objektiva, zahvaljuju\u0107i super otvoru blende koji dose\u017ee do F1.0, kod Extreme Dark tehnologije omogu\u0107en je ulazak vi\u0161e svjetla u objektiv te se tako pove\u0107ava svjetlina i jasno\u0107a slike. Videoanaliti\u010dke funkcije podr\u017eane od DVC opreme su: Prelaz preko linije, pra\u0107enje objekta, upad u prostor, brojanje osoba i\/ ili vozila, gustina ljudi, prepoznavanje lica, prepoznavanje osoba i vozila, autotracking, prepoznavanje registarskih oznaka na vozilima.<\/p>\n<p>[\/et_pb_text][et_pb_text _builder_version=&#8221;4.20.2&#8243; _module_preset=&#8221;default&#8221; global_colors_info=&#8221;{}&#8221;]<\/p>\n<h2>Nadzor uz sliku \u017eivih boja 24\/7 <\/h2>\n<p>Visokoosjetljive Extreme Dark kamere dizajnirane su za nadzorne sisteme u kojima su potrebne slike visoke razlu\u010divosti \u010dak i u okru\u017eenjima s vrlo niskim osvjetljenjem. Senzori Extreme Dark kamere pokazuju izvanrednu u\u010dinkovitost fotonaponske pretvorbe. Koriste naprednu senzorsku tehnologiju \u2013 novu strukturu za sakupljanje svjetlosti koja uveliko pobolj\u0161ava iskori\u0161\u0107avanje svjetlosti. Testovi pokazuju kako Extreme Dark kamere neprestano pru\u017eaju \u017eivopisne, o\u0161tre slike sve do najni\u017ee razine osvjetljenja. Istovremeno, njihov samoprilagodljivi 3D DNR algoritam na ISP-u garantuje visok kvalitet slike.<\/p>\n<p>[\/et_pb_text][et_pb_text _builder_version=&#8221;4.20.2&#8243; _module_preset=&#8221;default&#8221; global_colors_info=&#8221;{}&#8221;]<\/p>\n<h2>Kada se koristi?<\/h2>\n<p>Extreme dark kamere omogu\u0107it \u0107e nesmetan nadzor no\u0107u i tako za\u0161tititi perimetar tvornice, vile ili oku\u0107nice. S obzirom na njihovu sposobnost hvatanja izvrsnih \u017eivopisnih slika, Extreme Dark kamere pru\u017eaju sigurnost i na slabo osvijetljenim javnim mjestima. Pouzdano su no\u0107no osiguranje svih slabo osvijetljenih prostora i svih lokacija gdje slika mo\u017ee biti od presudne va\u017enosti, poput saobra\u0107ajnih raskrsnica ili parkova, kao i svih lo\u0161e osvjetljenih lokacija gdje je dodatno LED osvjetljenje kamere presudno u no\u0107nom radu.<\/p>\n<p>[\/et_pb_text][et_pb_video src=&#8221;https:\/\/youtu.be\/DOQ5SwP8mP4&#8243; _builder_version=&#8221;4.20.2&#8243; _module_preset=&#8221;default&#8221; global_colors_info=&#8221;{}&#8221;][\/et_pb_video][\/et_pb_column][\/et_pb_row][\/et_pb_section]<\/p>\n","protected":false},"excerpt":{"rendered":"<p>Savr\u0161ena slika i u potpunom mraku! DVC Extreme Dark tehnologija kreirana je kako bi omogu\u0107ila rad kamerama i pobolj\u0161ala kvalitet slike videonadzora \u010dak i u ekstremnim uslovima, poput potpunog mraka. Zahvaljuju\u0107i dodatnom LED svijetlu, Extreme Dark kamere mogu garantovati jasne slike pune boja, \u010dak i kad nema ba\u0161 nikakvog izvora svjetlosti, poput zvijezda ili uli\u010dne [&hellip;]<\/p>\n","protected":false},"author":9,"featured_media":0,"parent":0,"menu_order":0,"comment_status":"closed","ping_status":"closed","template":"","meta":{"_et_pb_use_builder":"on","_et_pb_old_content":"","_et_gb_content_width":"","footnotes":""},"class_list":["post-20512","page","type-page","status-publish","hentry"],"_links":{"self":[{"href":"https:\/\/www.dvc.video\/me\/wp-json\/wp\/v2\/pages\/20512","targetHints":{"allow":["GET"]}}],"collection":[{"href":"https:\/\/www.dvc.video\/me\/wp-json\/wp\/v2\/pages"}],"about":[{"href":"https:\/\/www.dvc.video\/me\/wp-json\/wp\/v2\/types\/page"}],"author":[{"embeddable":true,"href":"https:\/\/www.dvc.video\/me\/wp-json\/wp\/v2\/users\/9"}],"replies":[{"embeddable":true,"href":"https:\/\/www.dvc.video\/me\/wp-json\/wp\/v2\/comments?post=20512"}],"version-history":[{"count":0,"href":"https:\/\/www.dvc.video\/me\/wp-json\/wp\/v2\/pages\/20512\/revisions"}],"wp:attachment":[{"href":"https:\/\/www.dvc.video\/me\/wp-json\/wp\/v2\/media?parent=20512"}],"curies":[{"name":"wp","href":"https:\/\/api.w.org\/{rel}","templated":true}]}}