{"id":34010,"date":"2025-05-06T09:32:21","date_gmt":"2025-05-06T07:32:21","guid":{"rendered":"https:\/\/www.dvc.video\/proizvod\/Bez%20kategorije\/dvc-dt-dbc4f-2\/"},"modified":"2026-04-18T05:10:11","modified_gmt":"2026-04-18T03:10:11","slug":"dvc-dt-dbc4f-2","status":"publish","type":"product","link":"https:\/\/www.dvc.video\/hu\/termek\/kaputelefon-es-video-kaputelefon\/rendszer-osszetevok\/dvc-dt-dbc4f-2\/","title":{"rendered":"DVC DT-DBC4F"},"content":{"rendered":"","protected":false},"excerpt":{"rendered":"<p>Eloszt\u00f3 4 kimenettel monitorokhoz (NEM ajt\u00f3\u00e1llom\u00e1sokhoz) DIN s\u00ednre szerelhet\u0151 DIP kapcsol\u00f3kkal t\u00f6rt\u00e9n\u0151 specializ\u00e1ci\u00f3 lehet\u0151s\u00e9g\u00e9vel. DX vagy DT\/DF monitorok csatlakoztat\u00e1s\u00e1ra szolg\u00e1l. Nem t\u00e1mogatja a k\u00e9t t\u00edpust egyszerre<\/p>\n","protected":false},"featured_media":34472,"template":"","meta":{"_et_pb_use_builder":"","_et_pb_old_content":"","_et_gb_content_width":""},"product_brand":[],"product_cat":[10215,10219],"product_tag":[],"class_list":{"0":"post-34010","1":"product","2":"type-product","3":"status-publish","4":"has-post-thumbnail","6":"product_cat-kaputelefon-es-video-kaputelefon","7":"product_cat-rendszer-osszetevok","9":"first","10":"instock","11":"shipping-taxable","12":"product-type-simple"},"_links":{"self":[{"href":"https:\/\/www.dvc.video\/hu\/wp-json\/wp\/v2\/product\/34010","targetHints":{"allow":["GET"]}}],"collection":[{"href":"https:\/\/www.dvc.video\/hu\/wp-json\/wp\/v2\/product"}],"about":[{"href":"https:\/\/www.dvc.video\/hu\/wp-json\/wp\/v2\/types\/product"}],"wp:featuredmedia":[{"embeddable":true,"href":"https:\/\/www.dvc.video\/hu\/wp-json\/wp\/v2\/media\/34472"}],"wp:attachment":[{"href":"https:\/\/www.dvc.video\/hu\/wp-json\/wp\/v2\/media?parent=34010"}],"wp:term":[{"taxonomy":"product_brand","embeddable":true,"href":"https:\/\/www.dvc.video\/hu\/wp-json\/wp\/v2\/product_brand?post=34010"},{"taxonomy":"product_cat","embeddable":true,"href":"https:\/\/www.dvc.video\/hu\/wp-json\/wp\/v2\/product_cat?post=34010"},{"taxonomy":"product_tag","embeddable":true,"href":"https:\/\/www.dvc.video\/hu\/wp-json\/wp\/v2\/product_tag?post=34010"}],"curies":[{"name":"wp","href":"https:\/\/api.w.org\/{rel}","templated":true}]}}