{"id":34008,"date":"2025-05-06T09:32:27","date_gmt":"2025-05-06T07:32:27","guid":{"rendered":"https:\/\/www.dvc.video\/proizvod\/Bez%20kategorije\/dvc-dt-acc-s-2\/"},"modified":"2026-04-04T05:08:04","modified_gmt":"2026-04-04T03:08:04","slug":"dvc-dt-acc-s-2","status":"publish","type":"product","link":"https:\/\/www.dvc.video\/hu\/termek\/kaputelefon-es-video-kaputelefon\/tartozekok-kulteri-egysegekhez\/dvc-dt-acc-s-2\/","title":{"rendered":"DVC DT-ACC\/S"},"content":{"rendered":"","protected":false},"excerpt":{"rendered":"<p>Wiegand (26 bites) modul DVC 2W-os kaputelefon rendszerekhez. DVC DT607 \u00e9s DVC DMR18S sorozat\u00fa ajt\u00f3\u00e1llom\u00e1s egys\u00e9gekkel m\u0171k\u00f6dik<\/p>\n","protected":false},"featured_media":34322,"template":"","meta":{"_et_pb_use_builder":"","_et_pb_old_content":"","_et_gb_content_width":""},"product_brand":[],"product_cat":[10215,10217],"product_tag":[],"class_list":{"0":"post-34008","1":"product","2":"type-product","3":"status-publish","4":"has-post-thumbnail","6":"product_cat-kaputelefon-es-video-kaputelefon","7":"product_cat-tartozekok-kulteri-egysegekhez","9":"first","10":"instock","11":"shipping-taxable","12":"product-type-simple"},"_links":{"self":[{"href":"https:\/\/www.dvc.video\/hu\/wp-json\/wp\/v2\/product\/34008","targetHints":{"allow":["GET"]}}],"collection":[{"href":"https:\/\/www.dvc.video\/hu\/wp-json\/wp\/v2\/product"}],"about":[{"href":"https:\/\/www.dvc.video\/hu\/wp-json\/wp\/v2\/types\/product"}],"wp:featuredmedia":[{"embeddable":true,"href":"https:\/\/www.dvc.video\/hu\/wp-json\/wp\/v2\/media\/34322"}],"wp:attachment":[{"href":"https:\/\/www.dvc.video\/hu\/wp-json\/wp\/v2\/media?parent=34008"}],"wp:term":[{"taxonomy":"product_brand","embeddable":true,"href":"https:\/\/www.dvc.video\/hu\/wp-json\/wp\/v2\/product_brand?post=34008"},{"taxonomy":"product_cat","embeddable":true,"href":"https:\/\/www.dvc.video\/hu\/wp-json\/wp\/v2\/product_cat?post=34008"},{"taxonomy":"product_tag","embeddable":true,"href":"https:\/\/www.dvc.video\/hu\/wp-json\/wp\/v2\/product_tag?post=34008"}],"curies":[{"name":"wp","href":"https:\/\/api.w.org\/{rel}","templated":true}]}}